{"id":694,"date":"2024-01-14T10:26:49","date_gmt":"2024-01-14T09:26:49","guid":{"rendered":"https:\/\/cleeritesg.com\/?page_id=694"},"modified":"2026-04-06T18:57:23","modified_gmt":"2026-04-06T17:57:23","slug":"694-2","status":"publish","type":"page","link":"https:\/\/cleeritesg.com\/index.php\/694-2\/","title":{"rendered":"Posts"},"content":{"rendered":"\n<div class=\"wp-block-columns is-layout-flex wp-container-core-columns-is-layout-9d6595d7 wp-block-columns-is-layout-flex\">\n<div class=\"wp-block-column is-layout-flow wp-block-column-is-layout-flow\" style=\"flex-basis:100%\"><div  class=\"ultp-post-grid-block wp-block-ultimate-post-post-grid-1 ultp-block-824654\"><div class=\"ultp-block-wrapper\"><div class=\"ultp-loading\"><div class=\"ultp-loading-blocks\" style=\"width:100%;height:100%;\"><div style=\"left: 0;top: 0;animation-delay:0s;\"><\/div><div style=\"left: 21px;top: 0;animation-delay:0.125s;\"><\/div><div style=\"left: 42px;top: 0;animation-delay:0.25s;\"><\/div><div style=\"left: 0;top: 21px;animation-delay:0.875s;\"><\/div><div style=\"left: 42px;top: 21px;animation-delay:0.375s;\"><\/div><div style=\"left: 0;top: 42px;animation-delay:0.75s;\"><\/div><div style=\"left: 42px;top: 42px;animation-delay:0.625s;\"><\/div><div style=\"left: 21px;top: 42px;animation-delay:0.5s;\"><\/div><\/div><\/div><div class=\"ultp-heading-filter\"><div class=\"ultp-heading-filter-in\"><div class=\"ultp-heading-wrap ultp-heading-style15 ultp-heading-left\"><h2 class=\"ultp-heading-inner\"><span>Trending<\/span><\/h2><\/div><div class=\"ultp-filter-navigation\"><\/div><\/div><\/div><div class=\"ultp-block-items-wrap ultp-block-row ultp-pg1a-style1 ultp-grid1-responsive ultp-block-column-3 ultp-sm-column-2 ultp-xs-column-1 ultp-layout1\"><div class=\"ultp-block-item post-id-2399\"><div class=\"ultp-block-content-wrap\"><div class=\"ultp-block-image ultp-block-image-zoomIn\"><a href=\"https:\/\/cleeritesg.com\/index.php\/2026\/03\/27\/efrag-2026-sustainability-reporting-work-programme-in-short\/\" target=\"_blank\"><img decoding=\"async\"  class=\"ultp-block-image-content\"  alt=\"EFRAG 2026 Sustainability Reporting Work Programme in short\"  src=\"https:\/\/cleeritesg.com\/wp-content\/uploads\/2026\/03\/EFRAG-Work-Programme-2026-768x432.png\" \/><\/a><\/div><div class=\"ultp-block-content\"><div class=\"ultp-category-grid ultp-category-classic ultp-category-aboveTitle\"><div class=\"ultp-category-in\"><a class=\"ultp-cat-csrd\" href=\"https:\/\/cleeritesg.com\/index.php\/category\/csrd\/\"  target=\"_blank\">CSRD<\/a><a class=\"ultp-cat-esrs\" href=\"https:\/\/cleeritesg.com\/index.php\/category\/esrs\/\"  target=\"_blank\">ESRS<\/a><a class=\"ultp-cat-vsme\" href=\"https:\/\/cleeritesg.com\/index.php\/category\/vsme\/\"  target=\"_blank\">VSME<\/a><\/div><\/div><h3 class=\"ultp-block-title \"><a href=\"https:\/\/cleeritesg.com\/index.php\/2026\/03\/27\/efrag-2026-sustainability-reporting-work-programme-in-short\/\" target=\"_blank\">EFRAG 2026 Sustainability Reporting Work Programme in short<\/a><\/h3><div class=\"ultp-block-excerpt\"><p>The CSRD requires the European Commission (EC) to consult the Member States and the European Parliament on EFRAG\u2019s&hellip;<\/p>\n<\/div><div class=\"ultp-block-readmore\"><a aria-label=\"EFRAG 2026 Sustainability Reporting Work Programme in short\" href=\"https:\/\/cleeritesg.com\/index.php\/2026\/03\/27\/efrag-2026-sustainability-reporting-work-programme-in-short\/\" target=\"_blank\">Read more<svg enable-background=\"new 0 0 477.175 477.175\" version=\"1.1\" viewBox=\"0 0 477.18 477.18\"><path d=\"m360.73 229.08-225.1-225.1c-5.3-5.3-13.8-5.3-19.1 0s-5.3 13.8 0 19.1l215.5 215.5-215.5 215.5c-5.3 5.3-5.3 13.8 0 19.1 2.6 2.6 6.1 4 9.5 4s6.9-1.3 9.5-4l225.1-225.1c5.3-5.2 5.3-13.8 0.1-19z\"><\/path><\/svg><\/a><\/div><div class=\"ultp-block-meta ultp-block-meta-dash ultp-block-meta-noIcon\"><\/div><\/div><\/div><\/div><div class=\"ultp-block-item post-id-2371\"><div class=\"ultp-block-content-wrap\"><div class=\"ultp-block-image ultp-block-image-zoomIn\"><a href=\"https:\/\/cleeritesg.com\/index.php\/2026\/03\/22\/the-worlds-biggest-individual-investor-is-effectively-redefining-financial-materiality\/\" target=\"_blank\"><img decoding=\"async\"  class=\"ultp-block-image-content\"  alt=\"The world\u2019s biggest individual investor is effectively redefining financial materiality\"  src=\"https:\/\/cleeritesg.com\/wp-content\/uploads\/2026\/03\/NBIM.png\" \/><\/a><\/div><div class=\"ultp-block-content\"><div class=\"ultp-category-grid ultp-category-classic ultp-category-aboveTitle\"><div class=\"ultp-category-in\"><a class=\"ultp-cat-csrd\" href=\"https:\/\/cleeritesg.com\/index.php\/category\/csrd\/\"  target=\"_blank\">CSRD<\/a><a class=\"ultp-cat-esrs\" href=\"https:\/\/cleeritesg.com\/index.php\/category\/esrs\/\"  target=\"_blank\">ESRS<\/a><\/div><\/div><h3 class=\"ultp-block-title \"><a href=\"https:\/\/cleeritesg.com\/index.php\/2026\/03\/22\/the-worlds-biggest-individual-investor-is-effectively-redefining-financial-materiality\/\" target=\"_blank\">The world\u2019s biggest individual investor is effectively redefining financial materiality<\/a><\/h3><div class=\"ultp-block-excerpt\"><p>The below document published recently by world\u2019s biggest individual investor, NBIM, is a must read for any board&hellip;<\/p>\n<\/div><div class=\"ultp-block-readmore\"><a aria-label=\"The world\u2019s biggest individual investor is effectively redefining financial materiality\" href=\"https:\/\/cleeritesg.com\/index.php\/2026\/03\/22\/the-worlds-biggest-individual-investor-is-effectively-redefining-financial-materiality\/\" target=\"_blank\">Read more<svg enable-background=\"new 0 0 477.175 477.175\" version=\"1.1\" viewBox=\"0 0 477.18 477.18\"><path d=\"m360.73 229.08-225.1-225.1c-5.3-5.3-13.8-5.3-19.1 0s-5.3 13.8 0 19.1l215.5 215.5-215.5 215.5c-5.3 5.3-5.3 13.8 0 19.1 2.6 2.6 6.1 4 9.5 4s6.9-1.3 9.5-4l225.1-225.1c5.3-5.2 5.3-13.8 0.1-19z\"><\/path><\/svg><\/a><\/div><div class=\"ultp-block-meta ultp-block-meta-dash ultp-block-meta-noIcon\"><\/div><\/div><\/div><\/div><div class=\"ultp-block-item post-id-2368\"><div class=\"ultp-block-content-wrap\"><div class=\"ultp-block-image ultp-block-image-zoomIn\"><a href=\"https:\/\/cleeritesg.com\/index.php\/fr\/2026\/03\/22\/le-plus-grand-investisseur-individuel-au-monde-redefinit-la-materialite-financiere\/\" target=\"_blank\"><img decoding=\"async\"  class=\"ultp-block-image-content\"  alt=\"Le plus grand investisseur individuel au monde red\u00e9finit la mat\u00e9rialit\u00e9 financi\u00e8re\"  src=\"https:\/\/cleeritesg.com\/wp-content\/uploads\/2026\/03\/NBIM.png\" \/><\/a><\/div><div class=\"ultp-block-content\"><div class=\"ultp-category-grid ultp-category-classic ultp-category-aboveTitle\"><div class=\"ultp-category-in\"><a class=\"ultp-cat-csrd-fr\" href=\"https:\/\/cleeritesg.com\/index.php\/fr\/category\/csrd-fr\/\"  target=\"_blank\">CSRD<\/a><a class=\"ultp-cat-esrs-fr\" href=\"https:\/\/cleeritesg.com\/index.php\/fr\/category\/esrs-fr\/\"  target=\"_blank\">ESRS<\/a><\/div><\/div><h3 class=\"ultp-block-title \"><a href=\"https:\/\/cleeritesg.com\/index.php\/fr\/2026\/03\/22\/le-plus-grand-investisseur-individuel-au-monde-redefinit-la-materialite-financiere\/\" target=\"_blank\">Le plus grand investisseur individuel au monde red\u00e9finit la mat\u00e9rialit\u00e9 financi\u00e8re<\/a><\/h3><div class=\"ultp-block-excerpt\"><p>Le document ci-dessous publi\u00e9 r\u00e9cemment par le plus grand investisseur individuel au monde, NBIM, est une lecture incontournable&hellip;<\/p>\n<\/div><div class=\"ultp-block-readmore\"><a aria-label=\"Le plus grand investisseur individuel au monde red\u00e9finit la mat\u00e9rialit\u00e9 financi\u00e8re\" href=\"https:\/\/cleeritesg.com\/index.php\/fr\/2026\/03\/22\/le-plus-grand-investisseur-individuel-au-monde-redefinit-la-materialite-financiere\/\" target=\"_blank\">Read more<svg enable-background=\"new 0 0 477.175 477.175\" version=\"1.1\" viewBox=\"0 0 477.18 477.18\"><path d=\"m360.73 229.08-225.1-225.1c-5.3-5.3-13.8-5.3-19.1 0s-5.3 13.8 0 19.1l215.5 215.5-215.5 215.5c-5.3 5.3-5.3 13.8 0 19.1 2.6 2.6 6.1 4 9.5 4s6.9-1.3 9.5-4l225.1-225.1c5.3-5.2 5.3-13.8 0.1-19z\"><\/path><\/svg><\/a><\/div><div class=\"ultp-block-meta ultp-block-meta-dash ultp-block-meta-noIcon\"><\/div><\/div><\/div><\/div><div class=\"ultp-block-item post-id-2336\"><div class=\"ultp-block-content-wrap\"><div class=\"ultp-block-image ultp-block-image-zoomIn\"><a href=\"https:\/\/cleeritesg.com\/index.php\/2026\/03\/10\/csrd-and-non-eu-country-companies-after-omnibus-i\/\" target=\"_blank\"><img decoding=\"async\"  class=\"ultp-block-image-content\"  alt=\"CSRD and non-EU country companies after Omnibus I\"  src=\"https:\/\/cleeritesg.com\/wp-content\/uploads\/2026\/03\/Non-EU-companies-768x432.png\" \/><\/a><\/div><div class=\"ultp-block-content\"><div class=\"ultp-category-grid ultp-category-classic ultp-category-aboveTitle\"><div class=\"ultp-category-in\"><a class=\"ultp-cat-csrd\" href=\"https:\/\/cleeritesg.com\/index.php\/category\/csrd\/\"  target=\"_blank\">CSRD<\/a><\/div><\/div><h3 class=\"ultp-block-title \"><a href=\"https:\/\/cleeritesg.com\/index.php\/2026\/03\/10\/csrd-and-non-eu-country-companies-after-omnibus-i\/\" target=\"_blank\">CSRD and non-EU country companies after Omnibus I<\/a><\/h3><div class=\"ultp-block-excerpt\"><p>What does CSRD and Omnibus I mean for non-EU country undertakings with significant presence in the EU? In&hellip;<\/p>\n<\/div><div class=\"ultp-block-readmore\"><a aria-label=\"CSRD and non-EU country companies after Omnibus I\" href=\"https:\/\/cleeritesg.com\/index.php\/2026\/03\/10\/csrd-and-non-eu-country-companies-after-omnibus-i\/\" target=\"_blank\">Read more<svg enable-background=\"new 0 0 477.175 477.175\" version=\"1.1\" viewBox=\"0 0 477.18 477.18\"><path d=\"m360.73 229.08-225.1-225.1c-5.3-5.3-13.8-5.3-19.1 0s-5.3 13.8 0 19.1l215.5 215.5-215.5 215.5c-5.3 5.3-5.3 13.8 0 19.1 2.6 2.6 6.1 4 9.5 4s6.9-1.3 9.5-4l225.1-225.1c5.3-5.2 5.3-13.8 0.1-19z\"><\/path><\/svg><\/a><\/div><div class=\"ultp-block-meta ultp-block-meta-dash ultp-block-meta-noIcon\"><\/div><\/div><\/div><\/div><div class=\"ultp-block-item post-id-2330\"><div class=\"ultp-block-content-wrap\"><div class=\"ultp-block-image ultp-block-image-zoomIn\"><a href=\"https:\/\/cleeritesg.com\/index.php\/2026\/03\/08\/summary-of-opinions-on-draft-simplified-esrs-ecb-eba-esma-eiopa\/\" target=\"_blank\"><img decoding=\"async\"  class=\"ultp-block-image-content\"  alt=\"Summary of opinions on draft simplified ESRS: ECB, EBA, ESMA, EIOPA\"  src=\"https:\/\/cleeritesg.com\/wp-content\/uploads\/2026\/03\/OPINION-ECB-EBA-ESMA-EIOPA-768x543.png\" \/><\/a><\/div><div class=\"ultp-block-content\"><div class=\"ultp-category-grid ultp-category-classic ultp-category-aboveTitle\"><div class=\"ultp-category-in\"><a class=\"ultp-cat-csrd\" href=\"https:\/\/cleeritesg.com\/index.php\/category\/csrd\/\"  target=\"_blank\">CSRD<\/a><a class=\"ultp-cat-esrs\" href=\"https:\/\/cleeritesg.com\/index.php\/category\/esrs\/\"  target=\"_blank\">ESRS<\/a><\/div><\/div><h3 class=\"ultp-block-title \"><a href=\"https:\/\/cleeritesg.com\/index.php\/2026\/03\/08\/summary-of-opinions-on-draft-simplified-esrs-ecb-eba-esma-eiopa\/\" target=\"_blank\">Summary of opinions on draft simplified ESRS: ECB, EBA, ESMA, EIOPA<\/a><\/h3><div class=\"ultp-block-excerpt\"><p>\ud83d\udd0e What the financial and supervisory authorities expect from the revised ESRS When the European Commission adopts the&hellip;<\/p>\n<\/div><div class=\"ultp-block-readmore\"><a aria-label=\"Summary of opinions on draft simplified ESRS: ECB, EBA, ESMA, EIOPA\" href=\"https:\/\/cleeritesg.com\/index.php\/2026\/03\/08\/summary-of-opinions-on-draft-simplified-esrs-ecb-eba-esma-eiopa\/\" target=\"_blank\">Read more<svg enable-background=\"new 0 0 477.175 477.175\" version=\"1.1\" viewBox=\"0 0 477.18 477.18\"><path d=\"m360.73 229.08-225.1-225.1c-5.3-5.3-13.8-5.3-19.1 0s-5.3 13.8 0 19.1l215.5 215.5-215.5 215.5c-5.3 5.3-5.3 13.8 0 19.1 2.6 2.6 6.1 4 9.5 4s6.9-1.3 9.5-4l225.1-225.1c5.3-5.2 5.3-13.8 0.1-19z\"><\/path><\/svg><\/a><\/div><div class=\"ultp-block-meta ultp-block-meta-dash ultp-block-meta-noIcon\"><\/div><\/div><\/div><\/div><div class=\"ultp-block-item post-id-2327\"><div class=\"ultp-block-content-wrap\"><div class=\"ultp-block-image ultp-block-image-zoomIn\"><a href=\"https:\/\/cleeritesg.com\/index.php\/2026\/02\/26\/european-union-agency-for-fundamental-rights-opinion-on-draft-simplified-esrs\/\" target=\"_blank\"><img decoding=\"async\"  class=\"ultp-block-image-content\"  alt=\"European Union Agency for Fundamental Rights opinion on draft simplified ESRS\"  src=\"https:\/\/cleeritesg.com\/wp-content\/uploads\/2026\/03\/FRA-opinion-on-ESRS-768x432.png\" \/><\/a><\/div><div class=\"ultp-block-content\"><div class=\"ultp-category-grid ultp-category-classic ultp-category-aboveTitle\"><div class=\"ultp-category-in\"><a class=\"ultp-cat-csrd\" href=\"https:\/\/cleeritesg.com\/index.php\/category\/csrd\/\"  target=\"_blank\">CSRD<\/a><a class=\"ultp-cat-esrs\" href=\"https:\/\/cleeritesg.com\/index.php\/category\/esrs\/\"  target=\"_blank\">ESRS<\/a><\/div><\/div><h3 class=\"ultp-block-title \"><a href=\"https:\/\/cleeritesg.com\/index.php\/2026\/02\/26\/european-union-agency-for-fundamental-rights-opinion-on-draft-simplified-esrs\/\" target=\"_blank\">European Union Agency for Fundamental Rights opinion on draft simplified ESRS<\/a><\/h3><div class=\"ultp-block-excerpt\"><p>While ECB, EBA, ESMA and EIOPA focus in particular on cross-cutting and environmental standards, the European Union Agency&hellip;<\/p>\n<\/div><div class=\"ultp-block-readmore\"><a aria-label=\"European Union Agency for Fundamental Rights opinion on draft simplified ESRS\" href=\"https:\/\/cleeritesg.com\/index.php\/2026\/02\/26\/european-union-agency-for-fundamental-rights-opinion-on-draft-simplified-esrs\/\" target=\"_blank\">Read more<svg enable-background=\"new 0 0 477.175 477.175\" version=\"1.1\" viewBox=\"0 0 477.18 477.18\"><path d=\"m360.73 229.08-225.1-225.1c-5.3-5.3-13.8-5.3-19.1 0s-5.3 13.8 0 19.1l215.5 215.5-215.5 215.5c-5.3 5.3-5.3 13.8 0 19.1 2.6 2.6 6.1 4 9.5 4s6.9-1.3 9.5-4l225.1-225.1c5.3-5.2 5.3-13.8 0.1-19z\"><\/path><\/svg><\/a><\/div><div class=\"ultp-block-meta ultp-block-meta-dash ultp-block-meta-noIcon\"><\/div><\/div><\/div><\/div><\/div><div class=\"ultp-loadmore\"><span class=\"ultp-loadmore-action\" tabindex=\"0\" role=\"button\" data-pages=\"27\" data-pagenum=\"1\"  data-expost=\"\" data-blockid=\"824654\" data-blockname=\"ultimate-post_post-grid-1\" data-postid=\"694\" data-selfpostid=\"yes\">Load More <span class=\"ultp-spin\"><svg xmlns=\"http:\/\/www.w3.org\/2000\/svg\" enable-background=\"new 0 0 491.236 491.236\" version=\"1.1\" viewBox=\"0 0 491.24 491.24\"><path d=\"m55.89 262.82c-3-26-0.5-51.1 6.3-74.3 22.6-77.1 93.5-133.8 177.6-134.8v-50.4c0-2.8 3.5-4.3 5.8-2.6l103.7 76.2c1.7 1.3 1.7 3.9 0 5.1l-103.6 76.2c-2.4 1.7-5.8 0.2-5.8-2.6v-50.3c-55.3 0.9-102.5 35-122.8 83.2-7.7 18.2-11.6 38.3-10.5 59.4 1.5 29 12.4 55.7 29.6 77.3 9.2 11.5 7 28.3-4.9 37-11.3 8.3-27.1 6-35.8-5-21.3-26.6-35.5-59-39.6-94.4zm299.4-96.8c17.3 21.5 28.2 48.3 29.6 77.3 1.1 21.2-2.9 41.3-10.5 59.4-20.3 48.2-67.5 82.4-122.8 83.2v-50.3c0-2.8-3.5-4.3-5.8-2.6l-103.7 76.2c-1.7 1.3-1.7 3.9 0 5.1l103.6 76.2c2.4 1.7 5.8 0.2 5.8-2.6v-50.4c84.1-0.9 155.1-57.6 177.6-134.8 6.8-23.2 9.2-48.3 6.3-74.3-4-35.4-18.2-67.8-39.5-94.4-8.8-11-24.5-13.3-35.8-5-11.8 8.7-14 25.5-4.8 37z\"\/><\/svg><\/span><\/span><\/div><\/div><div class=\"pagination-block-html\" aria-hidden=\"true\" style=\"display: none;\"><\/div><\/div><\/div>\n<\/div>\n","protected":false},"excerpt":{"rendered":"","protected":false},"author":1,"featured_media":0,"parent":0,"menu_order":0,"comment_status":"closed","ping_status":"closed","template":"","meta":{"footnotes":""},"class_list":["post-694","page","type-page","status-publish","hentry","post"],"_links":{"self":[{"href":"https:\/\/cleeritesg.com\/index.php\/wp-json\/wp\/v2\/pages\/694","targetHints":{"allow":["GET"]}}],"collection":[{"href":"https:\/\/cleeritesg.com\/index.php\/wp-json\/wp\/v2\/pages"}],"about":[{"href":"https:\/\/cleeritesg.com\/index.php\/wp-json\/wp\/v2\/types\/page"}],"author":[{"embeddable":true,"href":"https:\/\/cleeritesg.com\/index.php\/wp-json\/wp\/v2\/users\/1"}],"replies":[{"embeddable":true,"href":"https:\/\/cleeritesg.com\/index.php\/wp-json\/wp\/v2\/comments?post=694"}],"version-history":[{"count":12,"href":"https:\/\/cleeritesg.com\/index.php\/wp-json\/wp\/v2\/pages\/694\/revisions"}],"predecessor-version":[{"id":2581,"href":"https:\/\/cleeritesg.com\/index.php\/wp-json\/wp\/v2\/pages\/694\/revisions\/2581"}],"wp:attachment":[{"href":"https:\/\/cleeritesg.com\/index.php\/wp-json\/wp\/v2\/media?parent=694"}],"curies":[{"name":"wp","href":"https:\/\/api.w.org\/{rel}","templated":true}]}}