{"id":549,"date":"2024-01-10T18:42:00","date_gmt":"2024-01-10T17:42:00","guid":{"rendered":"https:\/\/cleeritesg.com\/?page_id=549"},"modified":"2024-08-19T18:12:03","modified_gmt":"2024-08-19T17:12:03","slug":"politique-de-confidentialite-des-donnees-personnelles-et-de-cookies","status":"publish","type":"page","link":"https:\/\/cleeritesg.com\/index.php\/fr\/politique-de-confidentialite-des-donnees-personnelles-et-de-cookies\/","title":{"rendered":"Politique de confidentialit\u00e9 des donn\u00e9es personnelles et de cookies"},"content":{"rendered":"<div class=\"entry-content\">\n<h5 class=\"wp-block-heading\">Il est important pour nous que vous puissiez vous sentir en s\u00e9curit\u00e9 lorsque vous nous fournissez des informations personnelles<\/h5>\n<p>Les informations personnelles sont toutes les informations qui peuvent \u00eatre utilis\u00e9es pour identifier une personne vivante.<\/p>\n<p>Nous prenons des mesures pour garantir que vos donn\u00e9es personnelles sont toujours prot\u00e9g\u00e9es chez nous et que le traitement que nous effectuons est effectu\u00e9 conform\u00e9ment aux r\u00e8gles de protection des donn\u00e9es en vigueur. Dans ce texte d\u2019information, nous d\u00e9crivons comment et pourquoi nous traitons vos donn\u00e9es personnelles dans nos activit\u00e9s de marketing.<\/p>\n<p>CLEERIT SAS (904 759 388 R.C.S. Antibes) et Cleerit Smart Planning AB (n\u00b0 d\u2019entreprise su\u00e9doise 556742-4915) sont responsables du traitement de vos donn\u00e9es personnelles.<\/p>\n<h5 class=\"wp-block-heading\">D\u2019o\u00f9 collectons-nous les informations personnelles ?<\/h5>\n<p>Nous collectons les informations personnelles qui nous sont fournies lorsque vous nous demandez une d\u00e9mo \u00e0 l&#8217;aide du formulaire mis \u00e0 disposition sur ce site. Nous collectons \u00e9galement les informations personnelles qui nous sont fournies lorsque vous postulez pour un emploi \u00e0 l&#8217;aide du formulaire mis \u00e0 disposition sur ce site.<\/p>\n<h5>Vos droits<\/h5>\n<p>La l\u00e9gislation sur la protection des donn\u00e9es qui est entr\u00e9e en vigueur le 25 mai 2018 vous donne un certain nombre de droits en ce qui concerne le traitement de vos donn\u00e9es personnelles. Nous traitons vos donn\u00e9es personnelles dans la mesure n\u00e9cessaire \u00e0 l\u2019exercice de vos droits.<\/p>\n<h5>Acc\u00e8s \u00e0 vos informations personnelles<\/h5>\n<p>Vous avez le droit de nous demander la confirmation de la mani\u00e8re dont nous traitons les donn\u00e9es personnelles vous concernant et, dans ce cas, de demander l\u2019acc\u00e8s aux donn\u00e9es personnelles que nous traitons \u00e0 votre sujet, ce que l\u2019on appelle un extrait de registre.<br \/>\nDemander une rectification<\/p>\n<p>Si vous pensez que les informations vous concernant sont incorrectes ou incompl\u00e8tes, vous avez le droit de demander que les informations soient corrig\u00e9es.<\/p>\n<h5>Vous opposer \u00e0 un traitement \u00e0 des fins de marketing<\/h5>\n<p>Vous pouvez \u00e0 tout moment vous opposer au traitement de vos donn\u00e9es personnelles \u00e0 des fins de marketing en nous contactant aux coordonn\u00e9es ci-dessous.<\/p>\n<h5>Effacement<\/h5>\n<p>Vous avez le droit de faire supprimer vos informations personnelles en nous contactant aux coordonn\u00e9es ci-dessous. Cependant, cela ne s\u2019applique pas si, par exemple, nous sommes oblig\u00e9s par la loi de conserver les informations.<br \/>\nLimitation du traitement<\/p>\n<p>Vous avez \u00e9galement le droit de demander que le traitement de vos donn\u00e9es personnelles soit limit\u00e9. Cependant, si vous demandez que le traitement de vos donn\u00e9es soit limit\u00e9, cela peut signifier que nous ne sommes pas en mesure de remplir nos \u00e9ventuelles obligations envers vous.<\/p>\n<h5 class=\"wp-block-heading\">Qu\u2019est ce qu\u2019un cookie ?<\/h5>\n<p>Un cookie est un fichier texte susceptible d\u2019\u00eatre enregistr\u00e9 dans un espace d\u00e9di\u00e9 du disque dur de votre terminal \u00e0 l\u2019occasion de la consultation d\u2019un service en ligne gr\u00e2ce \u00e0 votre logiciel de navigation. Un fichier cookie permet \u00e0 son \u00e9metteur d\u2019identifier le terminal dans lequel il est enregistr\u00e9, pendant la dur\u00e9e de validit\u00e9 ou d\u2019enregistrement dudit cookie. Le terme \u00ab cookie \u00bb d\u00e9signe l\u2019ensemble des technologies permettant de tracer la navigation d\u2019un utilisateur. Certains cookies traitent des donn\u00e9es personnelles.<\/p>\n<p>Il existe diff\u00e9rents types de cookies. Certains cookies facilitent la navigation sur un site Web ou permettent de m\u00e9moriser plus facilement des \u00e9l\u00e9ments, par exemple des noms d&#8217;utilisateur, des mots de passe ou des pr\u00e9f\u00e9rences (langues). D&#8217;autres cookies enregistrent l&#8217;utilisation du site Web pour optimiser votre exp\u00e9rience de navigation. Les donn\u00e9es sont collect\u00e9es via des cookies uniques d\u00e9pos\u00e9s dans votre navigateur Web.<\/p>\n<h5 class=\"wp-block-heading\">Nous utilisons des cookies pour am\u00e9liorer votre exp\u00e9rience et mieux vous comprendre<\/h5>\n<p>Nous utilisons des cookies pour am\u00e9liorer votre exp\u00e9rience, par exemple en nous rappelant que vous vous \u00eates connect\u00e9. Nous utilisons \u00e9galement des cookies de tiers pour suivre la fa\u00e7on dont vous utilisez notre site Web, par exemple pour pouvoir voir quelles pages vous visitez et combien de temps vous \u00eates sur chaque page. Cela nous aide \u00e0 mieux comprendre comment les visiteurs utilisent notre site et comment ils y acc\u00e8dent, ce qui nous aide \u00e0 cr\u00e9er de meilleures exp\u00e9riences client.<\/p>\n<h5 class=\"wp-block-heading\">D\u00e9sactiver les cookies<\/h5>\n<p>Vous pouvez emp\u00eacher l\u2019installation de cookies dans les param\u00e8tres de votre navigateur. Cependant, cela peut affecter la fonctionnalit\u00e9 des pages que vous visitez. Les cookies sur notre site ne sont pas n\u00e9cessaires, mais peuvent am\u00e9liorer votre exp\u00e9rience.<\/p>\n<h5 class=\"wp-block-heading\">Changements et interpr\u00e9tations<\/h5>\n<p>Cleerit se r\u00e9serve le droit de modifier cette politique de cookies sans pr\u00e9avis. Ces modifications prennent effet d\u00e8s leur publication sur le Web.<\/p>\n<\/div>\n","protected":false},"excerpt":{"rendered":"<p>Il est important pour nous que vous puissiez vous sentir en s\u00e9curit\u00e9 lorsque vous nous fournissez des informations personnelles Les informations personnelles sont toutes les informations qui peuvent \u00eatre utilis\u00e9es pour identifier une personne vivante. Nous prenons des mesures pour garantir que vos donn\u00e9es personnelles sont toujours prot\u00e9g\u00e9es chez nous et que le traitement que [&hellip;]<\/p>\n","protected":false},"author":1,"featured_media":0,"parent":0,"menu_order":0,"comment_status":"closed","ping_status":"open","template":"","meta":{"footnotes":""},"class_list":["post-549","page","type-page","status-publish","hentry","post"],"_links":{"self":[{"href":"https:\/\/cleeritesg.com\/index.php\/wp-json\/wp\/v2\/pages\/549","targetHints":{"allow":["GET"]}}],"collection":[{"href":"https:\/\/cleeritesg.com\/index.php\/wp-json\/wp\/v2\/pages"}],"about":[{"href":"https:\/\/cleeritesg.com\/index.php\/wp-json\/wp\/v2\/types\/page"}],"author":[{"embeddable":true,"href":"https:\/\/cleeritesg.com\/index.php\/wp-json\/wp\/v2\/users\/1"}],"replies":[{"embeddable":true,"href":"https:\/\/cleeritesg.com\/index.php\/wp-json\/wp\/v2\/comments?post=549"}],"version-history":[{"count":2,"href":"https:\/\/cleeritesg.com\/index.php\/wp-json\/wp\/v2\/pages\/549\/revisions"}],"predecessor-version":[{"id":961,"href":"https:\/\/cleeritesg.com\/index.php\/wp-json\/wp\/v2\/pages\/549\/revisions\/961"}],"wp:attachment":[{"href":"https:\/\/cleeritesg.com\/index.php\/wp-json\/wp\/v2\/media?parent=549"}],"curies":[{"name":"wp","href":"https:\/\/api.w.org\/{rel}","templated":true}]}}