{"id":530,"date":"2024-01-05T19:21:41","date_gmt":"2024-01-05T18:21:41","guid":{"rendered":"https:\/\/cleeritesg.com\/index.php\/home-francais\/"},"modified":"2026-04-10T09:43:28","modified_gmt":"2026-04-10T08:43:28","slug":"accueil","status":"publish","type":"page","link":"https:\/\/cleeritesg.com\/index.php\/fr\/accueil\/","title":{"rendered":"Cleerit ESG"},"content":{"rendered":"<div id=\"pl-gb530-69e3811fead06\"  class=\"panel-layout wp-block-siteorigin-panels-layout-block\" ><div id=\"pg-gb530-69e3811fead06-0\"  class=\"panel-grid panel-no-style\" ><div id=\"pgc-gb530-69e3811fead06-0-0\"  class=\"panel-grid-cell\" ><\/div><\/div><div id=\"pg-gb530-69e3811fead06-1\"  class=\"panel-grid panel-no-style\" ><div id=\"pgc-gb530-69e3811fead06-1-0\"  class=\"panel-grid-cell\" ><div id=\"panel-gb530-69e3811fead06-1-0-0\" class=\"so-panel widget widget_circleicon-widget panel-first-child panel-last-child\" data-index=\"1\" >\t\t<div class=\"circle-icon-box circle-icon-position-top circle-icon-hide-box circle-icon-size-small \">\n\t\t\t\t\t\t\t<div class=\"circle-icon-wrapper\">\n\t\t\t\t\t\t\t\t\t\t<div class=\"circle-icon icon-style-set\" style=\"background-color: #222222\">\n\t\t\t\t\t\t\t\t\t\t\t\t\t<div class=\"fa fa-pencil-square-o\" ><\/div>\n\t\t\t\t\t\t\t\t\t\t\t<\/div> \n\t\t\t\t\t\t\t\t\t<\/div>\n\t\t\t\n\t\t\t\t\t\t\t\t\t\t<h4 style=\"color: #222222\">\n\t\t\t\t\tRendre la CSRD utile\t\t\t\t<\/h4>\n\t\t\t\t\t\t\n\t\t\t\t\t\t\t<p class=\"text\" style=\"color: #222222\">Nous vous aidons \u00e0 maximiser vos performances ESG avec des processus efficaces et des mod\u00e8les pr\u00eats pour les normes ESRS, pour prot\u00e9ger votre entreprise.<\/p>\n\t\t\t\t\t\t\t\t<\/div>\n\t\t<\/div><\/div><div id=\"pgc-gb530-69e3811fead06-1-1\"  class=\"panel-grid-cell\" ><div id=\"panel-gb530-69e3811fead06-1-1-0\" class=\"so-panel widget widget_circleicon-widget panel-first-child panel-last-child\" data-index=\"2\" >\t\t<div class=\"circle-icon-box circle-icon-position-top circle-icon-hide-box circle-icon-size-small \">\n\t\t\t\t\t\t\t<div class=\"circle-icon-wrapper\">\n\t\t\t\t\t\t\t\t\t\t<div class=\"circle-icon icon-style-set\" style=\"background-color: #222222\">\n\t\t\t\t\t\t\t\t\t\t\t\t\t<div class=\"fa fa-calculator\" ><\/div>\n\t\t\t\t\t\t\t\t\t\t\t<\/div> \n\t\t\t\t\t\t\t\t\t<\/div>\n\t\t\t\n\t\t\t\t\t\t\t\t\t\t<h4 style=\"color: #222222\">\n\t\t\t\t\tSe fier \u00e0 la science\t\t\t\t<\/h4>\n\t\t\t\t\t\t\n\t\t\t\t\t\t\t<p class=\"text\" style=\"color: #222222\">Notre solution vous aide \u00e0 g\u00e9rer efficacement la durabilit\u00e9, avec une feuille de route int\u00e9gr\u00e9e et fond\u00e9e sur la science pour un succ\u00e8s strat\u00e9gique durable.<\/p>\n\t\t\t\t\t\t\t\t<\/div>\n\t\t<\/div><\/div><div id=\"pgc-gb530-69e3811fead06-1-2\"  class=\"panel-grid-cell\" ><div id=\"panel-gb530-69e3811fead06-1-2-0\" class=\"so-panel widget widget_circleicon-widget panel-first-child panel-last-child\" data-index=\"3\" >\t\t<div class=\"circle-icon-box circle-icon-position-top circle-icon-hide-box circle-icon-size-small \">\n\t\t\t\t\t\t\t<div class=\"circle-icon-wrapper\">\n\t\t\t\t\t\t\t\t\t\t<div class=\"circle-icon icon-style-set\" style=\"background-color: #222222\">\n\t\t\t\t\t\t\t\t\t\t\t\t\t<div class=\"fa fa-clock-o\" ><\/div>\n\t\t\t\t\t\t\t\t\t\t\t<\/div> \n\t\t\t\t\t\t\t\t\t<\/div>\n\t\t\t\n\t\t\t\t\t\t\t\t\t\t<h4 style=\"color: #222222\">\n\t\t\t\t\tS\u00e9curiser l&#8217;avenir\t\t\t\t<\/h4>\n\t\t\t\t\t\t\n\t\t\t\t\t\t\t<p class=\"text\" style=\"color: #222222\">Mais au-del\u00e0 de tout cela, nous vous aidons \u00e0 renforcer vos capacit\u00e9s et votre r\u00e9silience pour p\u00e9renniser votre entreprise et cr\u00e9er un avantage concurrentiel durable.<\/p>\n\t\t\t\t\t\t\t\t<\/div>\n\t\t<\/div><\/div><\/div><div id=\"pg-gb530-69e3811fead06-2\"  class=\"panel-grid panel-no-style\" ><div id=\"pgc-gb530-69e3811fead06-2-0\"  class=\"panel-grid-cell\" ><div id=\"panel-gb530-69e3811fead06-2-0-0\" class=\"so-panel widget widget_circleicon-widget panel-first-child\" data-index=\"4\" >\t\t<div class=\"circle-icon-box circle-icon-position-top circle-icon-hide-box circle-icon-size-small \">\n\t\t\t\t\t\t\t<div class=\"circle-icon-wrapper\">\n\t\t\t\t\t\t\t\t\t\t<div class=\"circle-icon icon-style-set\" style=\"background-color: #cf0c69\">\n\t\t\t\t\t\t\t\t\t\t\t\t\t<div class=\"fa fa-toggle-right\" ><\/div>\n\t\t\t\t\t\t\t\t\t\t\t<\/div> \n\t\t\t\t\t\t\t\t\t<\/div>\n\t\t\t\n\t\t\t\t\t\t\t\t\t\t<h4 >\n\t\t\t\t\tConformit\u00e9 CSRD et ESRS\t\t\t\t<\/h4>\n\t\t\t\t\t\t\n\t\t\t\t\t\t\t<p class=\"text\" style=\"color: #222222\">Assurez la conformit\u00e9 ESRS et l&#8217;interop\u00e9rabilit\u00e9 IFRS-SS &amp; GRI en structurant votre strat\u00e9gie et vos donn\u00e9es ESG avec des mod\u00e8les cl\u00e9 en main et des conseils int\u00e9gr\u00e9s.<\/p>\n\t\t\t\t\t\t\t\t<\/div>\n\t\t<\/div><div id=\"panel-gb530-69e3811fead06-2-0-1\" class=\"so-panel widget widget_circleicon-widget panel-last-child\" data-index=\"5\" >\t\t<div class=\"circle-icon-box circle-icon-position-top circle-icon-hide-box circle-icon-size-small \">\n\t\t\t\t\t\t\t<div class=\"circle-icon-wrapper\">\n\t\t\t\t\t\t\t\t\t\t<div class=\"circle-icon icon-style-set\" style=\"background-color: #cf0c69\">\n\t\t\t\t\t\t\t\t\t\t\t\t\t<div class=\"fa fa-compass\" ><\/div>\n\t\t\t\t\t\t\t\t\t\t\t<\/div> \n\t\t\t\t\t\t\t\t\t<\/div>\n\t\t\t\n\t\t\t\t\t\t\t\t\t\t<h4 >\n\t\t\t\t\tGouvernance ESG\t\t\t\t<\/h4>\n\t\t\t\t\t\t\n\t\t\t\t\t\t\t<p class=\"text\" style=\"color: #222222\">Pilotez votre strat\u00e9gie de durabilit\u00e9 de mani\u00e8re int\u00e9gr\u00e9e, et gagnez en visibilit\u00e9, en clart\u00e9 et en contr\u00f4le pour prioriser et prendre les bonnes d\u00e9cisions.<\/p>\n\t\t\t\t\t\t\t\t<\/div>\n\t\t<\/div><\/div><div id=\"pgc-gb530-69e3811fead06-2-1\"  class=\"panel-grid-cell\" ><div id=\"panel-gb530-69e3811fead06-2-1-0\" class=\"so-panel widget widget_circleicon-widget panel-first-child\" data-index=\"6\" >\t\t<div class=\"circle-icon-box circle-icon-position-top circle-icon-hide-box circle-icon-size-small \">\n\t\t\t\t\t\t\t<div class=\"circle-icon-wrapper\">\n\t\t\t\t\t\t\t\t\t\t<div class=\"circle-icon icon-style-set\" style=\"background-color: #cf0c69\">\n\t\t\t\t\t\t\t\t\t\t\t\t\t<div class=\"fa fa-map-o\" ><\/div>\n\t\t\t\t\t\t\t\t\t\t\t<\/div> \n\t\t\t\t\t\t\t\t\t<\/div>\n\t\t\t\n\t\t\t\t\t\t\t\t\t\t<h4 >\n\t\t\t\t\tAnalyse de double mat\u00e9rialit\u00e9\t\t\t\t<\/h4>\n\t\t\t\t\t\t\n\t\t\t\t\t\t\t<p class=\"text\" style=\"color: #222222\">R\u00e9alisez des analyses de double mat\u00e9rialit\u00e9 guid\u00e9es pour optimiser la gestion de vos enjeux de durabilit\u00e9 et r\u00e9pondre aux attentes des parties prenantes.<\/p>\n\t\t\t\t\t\t\t\t<\/div>\n\t\t<\/div><div id=\"panel-gb530-69e3811fead06-2-1-1\" class=\"so-panel widget widget_circleicon-widget panel-last-child\" data-index=\"7\" >\t\t<div class=\"circle-icon-box circle-icon-position-top circle-icon-hide-box circle-icon-size-small \">\n\t\t\t\t\t\t\t<div class=\"circle-icon-wrapper\">\n\t\t\t\t\t\t\t\t\t\t<div class=\"circle-icon icon-style-set\" style=\"background-color: #cf0c69\">\n\t\t\t\t\t\t\t\t\t\t\t\t\t<div class=\"fa fa-puzzle-piece\" ><\/div>\n\t\t\t\t\t\t\t\t\t\t\t<\/div> \n\t\t\t\t\t\t\t\t\t<\/div>\n\t\t\t\n\t\t\t\t\t\t\t\t\t\t<h4 >\n\t\t\t\t\tFeuille de route RSE\t\t\t\t<\/h4>\n\t\t\t\t\t\t\n\t\t\t\t\t\t\t<p class=\"text\" style=\"color: #222222\">Connectez vos enjeux et IRO mat\u00e9riels \u00e0 vos politiques, objectifs et indicateurs, et g\u00e9rez votre feuille de route ESG en pilotant vos actions et vos ressources.<\/p>\n\t\t\t\t\t\t\t\t<\/div>\n\t\t<\/div><\/div><div id=\"pgc-gb530-69e3811fead06-2-2\"  class=\"panel-grid-cell\" ><div id=\"panel-gb530-69e3811fead06-2-2-0\" class=\"so-panel widget widget_circleicon-widget panel-first-child\" data-index=\"8\" >\t\t<div class=\"circle-icon-box circle-icon-position-top circle-icon-hide-box circle-icon-size-small \">\n\t\t\t\t\t\t\t<div class=\"circle-icon-wrapper\">\n\t\t\t\t\t\t\t\t\t\t<div class=\"circle-icon icon-style-set\" style=\"background-color: #cf0c69\">\n\t\t\t\t\t\t\t\t\t\t\t\t\t<div class=\"fa fa-fire-extinguisher\" ><\/div>\n\t\t\t\t\t\t\t\t\t\t\t<\/div> \n\t\t\t\t\t\t\t\t\t<\/div>\n\t\t\t\n\t\t\t\t\t\t\t\t\t\t<h4 >\n\t\t\t\t\tGestion des IRO\t\t\t\t<\/h4>\n\t\t\t\t\t\t\n\t\t\t\t\t\t\t<p class=\"text\" style=\"color: #222222\">Identifiez, \u00e9valuez et g\u00e9rez vos impacts, risques et opportunit\u00e9s tout au long de votre processus de gouvernance ESG pour renforcer votre r\u00e9silience.<\/p>\n\t\t\t\t\t\t\t\t<\/div>\n\t\t<\/div><div id=\"panel-gb530-69e3811fead06-2-2-1\" class=\"so-panel widget widget_circleicon-widget panel-last-child\" data-index=\"9\" >\t\t<div class=\"circle-icon-box circle-icon-position-top circle-icon-hide-box circle-icon-size-small \">\n\t\t\t\t\t\t\t<div class=\"circle-icon-wrapper\">\n\t\t\t\t\t\t\t\t\t\t<div class=\"circle-icon icon-style-set\" style=\"background-color: #cf0c69\">\n\t\t\t\t\t\t\t\t\t\t\t\t\t<div class=\"fa fa-pencil\" ><\/div>\n\t\t\t\t\t\t\t\t\t\t\t<\/div> \n\t\t\t\t\t\t\t\t\t<\/div>\n\t\t\t\n\t\t\t\t\t\t\t\t\t\t<h4 >\n\t\t\t\t\tRapport de durabilit\u00e9 automatis\u00e9\t\t\t\t<\/h4>\n\t\t\t\t\t\t\n\t\t\t\t\t\t\t<p class=\"text\" style=\"color: #222222\">Utilisez des mod\u00e8les de reporting ESRS digitalis\u00e9s et une biblioth\u00e8que de m\u00e9triques int\u00e9gr\u00e9e pour collecter les donn\u00e9es quantitatives et narratives.<\/p>\n\t\t\t\t\t\t\t\t<\/div>\n\t\t<\/div><\/div><\/div><div id=\"pg-gb530-69e3811fead06-3\"  class=\"panel-grid panel-no-style\" ><div id=\"pgc-gb530-69e3811fead06-3-0\"  class=\"panel-grid-cell\" ><div id=\"panel-gb530-69e3811fead06-3-0-0\" class=\"so-panel widget widget_sow-button panel-first-child panel-last-child\" data-index=\"10\" ><div\n\t\t\t\n\t\t\tclass=\"so-widget-sow-button so-widget-sow-button-flat-86f8d2210180-530\"\n\t\t\t\n\t\t><div class=\"ow-button-base ow-button-align-center\"\n>\n\t\t\t<a\n\t\t\t\t\thref=\"https:\/\/cleeritesg.com\/index.php\/fr\/demander-une-demo\/\"\n\t\t\t\t\tclass=\"sowb-button ow-icon-placement-left ow-button-hover\" \t>\n\t\t<span>\n\t\t\t<span class=\"sow-icon-fontawesome sow-far\" data-sow-icon=\"&#xf35a;\"\n\t\tstyle=\"color: #cf0c69\" \n\t\taria-hidden=\"true\"><\/span>\n\t\t\tDemander une d\u00e9mo\t\t<\/span>\n\t\t\t<\/a>\n\t<\/div>\n<\/div><\/div><\/div><\/div><div id=\"pg-gb530-69e3811fead06-4\"  class=\"panel-grid panel-has-style\" ><div class=\"panel-row-style panel-row-style-for-gb530-69e3811fead06-4\" ><div id=\"pgc-gb530-69e3811fead06-4-0\"  class=\"panel-grid-cell\" ><div id=\"panel-gb530-69e3811fead06-4-0-0\" class=\"so-panel widget widget_sow-image panel-first-child\" data-index=\"11\" ><div\n\t\t\t\n\t\t\tclass=\"so-widget-sow-image so-widget-sow-image-default-8b5b6f678277-530\"\n\t\t\t\n\t\t>\n<div class=\"sow-image-container\">\n\t\t<img \n\tsrc=\"https:\/\/cleeritesg.com\/wp-content\/uploads\/2025\/10\/DMA-Gestion-des-IRO.png\" width=\"1080\" height=\"1350\" srcset=\"https:\/\/cleeritesg.com\/wp-content\/uploads\/2025\/10\/DMA-Gestion-des-IRO.png 1080w, https:\/\/cleeritesg.com\/wp-content\/uploads\/2025\/10\/DMA-Gestion-des-IRO-240x300.png 240w, https:\/\/cleeritesg.com\/wp-content\/uploads\/2025\/10\/DMA-Gestion-des-IRO-819x1024.png 819w, https:\/\/cleeritesg.com\/wp-content\/uploads\/2025\/10\/DMA-Gestion-des-IRO-768x960.png 768w\" sizes=\"(max-width: 1080px) 100vw, 1080px\" title=\"DMA &#038; Gestion des IRO\" alt=\"\" \t\tclass=\"so-widget-image\"\/>\n\t<\/div>\n\n<\/div><\/div><div id=\"panel-gb530-69e3811fead06-4-0-1\" class=\"so-panel widget widget_sow-image panel-last-child\" data-index=\"12\" ><div\n\t\t\t\n\t\t\tclass=\"so-widget-sow-image so-widget-sow-image-default-8b5b6f678277-530\"\n\t\t\t\n\t\t>\n<div class=\"sow-image-container\">\n\t\t<img \n\tsrc=\"https:\/\/cleeritesg.com\/wp-content\/uploads\/2025\/10\/Modeles-de-rapports-ESRS.png\" width=\"1080\" height=\"1350\" srcset=\"https:\/\/cleeritesg.com\/wp-content\/uploads\/2025\/10\/Modeles-de-rapports-ESRS.png 1080w, https:\/\/cleeritesg.com\/wp-content\/uploads\/2025\/10\/Modeles-de-rapports-ESRS-240x300.png 240w, https:\/\/cleeritesg.com\/wp-content\/uploads\/2025\/10\/Modeles-de-rapports-ESRS-819x1024.png 819w, https:\/\/cleeritesg.com\/wp-content\/uploads\/2025\/10\/Modeles-de-rapports-ESRS-768x960.png 768w\" sizes=\"(max-width: 1080px) 100vw, 1080px\" title=\"Mod\u00e8les de rapports ESRS\" alt=\"\" \t\tclass=\"so-widget-image\"\/>\n\t<\/div>\n\n<\/div><\/div><\/div><div id=\"pgc-gb530-69e3811fead06-4-1\"  class=\"panel-grid-cell\" ><div id=\"panel-gb530-69e3811fead06-4-1-0\" class=\"so-panel widget widget_sow-image panel-first-child\" data-index=\"13\" ><div\n\t\t\t\n\t\t\tclass=\"so-widget-sow-image so-widget-sow-image-default-8b5b6f678277-530\"\n\t\t\t\n\t\t>\n<div class=\"sow-image-container\">\n\t\t<img \n\tsrc=\"https:\/\/cleeritesg.com\/wp-content\/uploads\/2025\/10\/Collecte-validation-de-donnees-ESG.png\" width=\"1080\" height=\"1350\" srcset=\"https:\/\/cleeritesg.com\/wp-content\/uploads\/2025\/10\/Collecte-validation-de-donnees-ESG.png 1080w, https:\/\/cleeritesg.com\/wp-content\/uploads\/2025\/10\/Collecte-validation-de-donnees-ESG-240x300.png 240w, https:\/\/cleeritesg.com\/wp-content\/uploads\/2025\/10\/Collecte-validation-de-donnees-ESG-819x1024.png 819w, https:\/\/cleeritesg.com\/wp-content\/uploads\/2025\/10\/Collecte-validation-de-donnees-ESG-768x960.png 768w\" sizes=\"(max-width: 1080px) 100vw, 1080px\" title=\"Collecte &#038; validation de donn\u00e9es ESG\" alt=\"\" \t\tclass=\"so-widget-image\"\/>\n\t<\/div>\n\n<\/div><\/div><div id=\"panel-gb530-69e3811fead06-4-1-1\" class=\"so-panel widget widget_sow-image panel-last-child\" data-index=\"14\" ><div\n\t\t\t\n\t\t\tclass=\"so-widget-sow-image so-widget-sow-image-default-8b5b6f678277-530\"\n\t\t\t\n\t\t>\n<div class=\"sow-image-container\">\n\t\t<img \n\tsrc=\"https:\/\/cleeritesg.com\/wp-content\/uploads\/2025\/10\/Tableau-de-bord-de-gouvernance.png\" width=\"1080\" height=\"1350\" srcset=\"https:\/\/cleeritesg.com\/wp-content\/uploads\/2025\/10\/Tableau-de-bord-de-gouvernance.png 1080w, https:\/\/cleeritesg.com\/wp-content\/uploads\/2025\/10\/Tableau-de-bord-de-gouvernance-240x300.png 240w, https:\/\/cleeritesg.com\/wp-content\/uploads\/2025\/10\/Tableau-de-bord-de-gouvernance-819x1024.png 819w, https:\/\/cleeritesg.com\/wp-content\/uploads\/2025\/10\/Tableau-de-bord-de-gouvernance-768x960.png 768w\" sizes=\"(max-width: 1080px) 100vw, 1080px\" title=\"Tableau de bord de gouvernance\" alt=\"\" \t\tclass=\"so-widget-image\"\/>\n\t<\/div>\n\n<\/div><\/div><\/div><\/div><\/div><div id=\"pg-gb530-69e3811fead06-5\"  class=\"panel-grid panel-no-style\" ><div id=\"pgc-gb530-69e3811fead06-5-0\"  class=\"panel-grid-cell\" ><\/div><\/div><div id=\"pg-gb530-69e3811fead06-6\"  class=\"panel-grid panel-no-style\" ><div id=\"pgc-gb530-69e3811fead06-6-0\"  class=\"panel-grid-cell\" ><\/div><\/div><div id=\"pg-gb530-69e3811fead06-7\"  class=\"panel-grid panel-has-style\" ><div class=\"siteorigin-panels-stretch panel-row-style-full-width panel-row-style panel-row-style-for-gb530-69e3811fead06-7\" data-stretch-type=\"full-width-stretch\" ><div id=\"pgc-gb530-69e3811fead06-7-0\"  class=\"panel-grid-cell\" ><div id=\"panel-gb530-69e3811fead06-7-0-0\" class=\"so-panel widget widget_headline-widget panel-first-child panel-last-child\" data-index=\"17\" ><div class=\"panel-widget-style panel-widget-style-for-gb530-69e3811fead06-7-0-0\" >\t\t<h1>Cleerit ESG vous aide \u00e0 pr\u00e9parer la CSRD et les normes ESRS<\/h1>\n\t\t<div class=\"decoration\"><div class=\"decoration-inside\"><\/div><\/div>\n\t\t<h3>Avec une solution holistique et inclusive fond\u00e9e sur la science &#8211; pour l\u2019excellence de votre strat\u00e9gie, gouvernance et reporting ESG<\/h3>\n\t\t<\/div><\/div><\/div><\/div><\/div><div id=\"pg-gb530-69e3811fead06-8\"  class=\"panel-grid panel-no-style\" ><div id=\"pgc-gb530-69e3811fead06-8-0\"  class=\"panel-grid-cell\" ><div id=\"panel-gb530-69e3811fead06-8-0-0\" class=\"so-panel widget widget_sow-button panel-first-child panel-last-child\" data-index=\"18\" ><div\n\t\t\t\n\t\t\tclass=\"so-widget-sow-button so-widget-sow-button-flat-7311af0612db-530\"\n\t\t\t\n\t\t><div class=\"ow-button-base ow-button-align-center\"\n>\n\t\t\t<a\n\t\t\t\t\thref=\"https:\/\/cleeritesg.com\/index.php\/fr\/demander-une-demo\/\"\n\t\t\t\t\tclass=\"sowb-button ow-icon-placement-left ow-button-hover\" \t>\n\t\t<span>\n\t\t\t<span class=\"sow-icon-fontawesome sow-far\" data-sow-icon=\"&#xf35a;\"\n\t\tstyle=\"color: #ffffff\" \n\t\taria-hidden=\"true\"><\/span>\n\t\t\tDemander une d\u00e9mo\t\t<\/span>\n\t\t\t<\/a>\n\t<\/div>\n<\/div><\/div><\/div><\/div><div id=\"pg-gb530-69e3811fead06-9\"  class=\"panel-grid panel-no-style\" ><div id=\"pgc-gb530-69e3811fead06-9-0\"  class=\"panel-grid-cell\" ><div id=\"panel-gb530-69e3811fead06-9-0-0\" class=\"so-panel widget widget_siteorigin-panels-postloop panel-first-child panel-last-child\" data-index=\"19\" ><h3 class=\"widget-title\"><span class=\"vantage-carousel-title\"><span class=\"vantage-carousel-title-text\">Derniers posts<\/span><a href=\"#\" class=\"next\" title=\"Next\"><span class=\"vantage-icon-arrow-right\"><\/span><\/a><a href=\"#\" class=\"previous\" title=\"Previous\"><span class=\"vantage-icon-arrow-left\"><\/span><\/a><\/span><\/h3><div class=\"vantage-carousel-wrapper\">\n\t\n\t<ul class=\"vantage-carousel\" data-query=\"{&quot;post_status&quot;:&quot;publish&quot;,&quot;posts_per_page&quot;:10,&quot;post_type&quot;:&quot;post&quot;,&quot;tax_query_relation&quot;:&quot;OR&quot;,&quot;date_type&quot;:&quot;specific&quot;,&quot;date_query&quot;:{&quot;after&quot;:&quot;&quot;,&quot;before&quot;:&quot;&quot;,&quot;inclusive&quot;:true},&quot;date_query_relative&quot;:&quot;{\\&quot;from\\&quot;:[],\\&quot;to\\&quot;:[]}&quot;,&quot;orderby&quot;:&quot;date&quot;,&quot;order&quot;:&quot;DESC&quot;,&quot;post__not_in&quot;:[530,&quot;gb530-69e3811fead06&quot;],&quot;paged&quot;:1,&quot;fields&quot;:&quot;all&quot;,&quot;lazy_load_term_meta&quot;:true}\" data-ajax-url=\"https:\/\/cleeritesg.com\/wp-admin\/admin-ajax.php\">\n\t\t\t\t\t<li class=\"carousel-entry\">\n\t\t\t\t<div class=\"thumbnail\">\n\t\t\t\t\t\t\t\t\t\t\t\t\t\t\t\t<a href=\"https:\/\/cleeritesg.com\/index.php\/2026\/03\/27\/efrag-2026-sustainability-reporting-work-programme-in-short\/\" style=\"background-image: url(https:\/\/cleeritesg.com\/wp-content\/uploads\/2026\/03\/EFRAG-Work-Programme-2026-272x182.png)\">\n\t\t\t\t\t\t<\/a>\n\t\t\t\t\t\t\t\t\t<\/div>\n\t\t\t\t\t\t\t\t<h3><a href=\"https:\/\/cleeritesg.com\/index.php\/2026\/03\/27\/efrag-2026-sustainability-reporting-work-programme-in-short\/\">EFRAG 2026 Sustainability Reporting Work Programme in short<\/a><\/h3>\n\t\t\t<\/li>\n\t\t\t\t\t<li class=\"carousel-entry\">\n\t\t\t\t<div class=\"thumbnail\">\n\t\t\t\t\t\t\t\t\t\t\t\t\t\t\t\t<a href=\"https:\/\/cleeritesg.com\/index.php\/2026\/03\/22\/the-worlds-biggest-individual-investor-is-effectively-redefining-financial-materiality\/\" style=\"background-image: url(https:\/\/cleeritesg.com\/wp-content\/uploads\/2026\/03\/NBIM-272x182.png)\">\n\t\t\t\t\t\t<\/a>\n\t\t\t\t\t\t\t\t\t<\/div>\n\t\t\t\t\t\t\t\t<h3><a href=\"https:\/\/cleeritesg.com\/index.php\/2026\/03\/22\/the-worlds-biggest-individual-investor-is-effectively-redefining-financial-materiality\/\">The world\u2019s biggest individual investor is effectively redefining financial materiality<\/a><\/h3>\n\t\t\t<\/li>\n\t\t\t\t\t<li class=\"carousel-entry\">\n\t\t\t\t<div class=\"thumbnail\">\n\t\t\t\t\t\t\t\t\t\t\t\t\t\t\t\t<a href=\"https:\/\/cleeritesg.com\/index.php\/fr\/2026\/03\/22\/le-plus-grand-investisseur-individuel-au-monde-redefinit-la-materialite-financiere\/\" style=\"background-image: url(https:\/\/cleeritesg.com\/wp-content\/uploads\/2026\/03\/NBIM-272x182.png)\">\n\t\t\t\t\t\t<\/a>\n\t\t\t\t\t\t\t\t\t<\/div>\n\t\t\t\t\t\t\t\t<h3><a href=\"https:\/\/cleeritesg.com\/index.php\/fr\/2026\/03\/22\/le-plus-grand-investisseur-individuel-au-monde-redefinit-la-materialite-financiere\/\">Le plus grand investisseur individuel au monde red\u00e9finit la mat\u00e9rialit\u00e9 financi\u00e8re<\/a><\/h3>\n\t\t\t<\/li>\n\t\t\t\t\t<li class=\"carousel-entry\">\n\t\t\t\t<div class=\"thumbnail\">\n\t\t\t\t\t\t\t\t\t\t\t\t\t\t\t\t<a href=\"https:\/\/cleeritesg.com\/index.php\/2026\/03\/10\/csrd-and-non-eu-country-companies-after-omnibus-i\/\" style=\"background-image: url(https:\/\/cleeritesg.com\/wp-content\/uploads\/2026\/03\/Non-EU-companies-272x182.png)\">\n\t\t\t\t\t\t<\/a>\n\t\t\t\t\t\t\t\t\t<\/div>\n\t\t\t\t\t\t\t\t<h3><a href=\"https:\/\/cleeritesg.com\/index.php\/2026\/03\/10\/csrd-and-non-eu-country-companies-after-omnibus-i\/\">CSRD and non-EU country companies after Omnibus I<\/a><\/h3>\n\t\t\t<\/li>\n\t\t\t\t\t<li class=\"carousel-entry\">\n\t\t\t\t<div class=\"thumbnail\">\n\t\t\t\t\t\t\t\t\t\t\t\t\t\t\t\t<a href=\"https:\/\/cleeritesg.com\/index.php\/2026\/03\/08\/summary-of-opinions-on-draft-simplified-esrs-ecb-eba-esma-eiopa\/\" style=\"background-image: url(https:\/\/cleeritesg.com\/wp-content\/uploads\/2026\/03\/OPINION-ECB-EBA-ESMA-EIOPA-272x182.png)\">\n\t\t\t\t\t\t<\/a>\n\t\t\t\t\t\t\t\t\t<\/div>\n\t\t\t\t\t\t\t\t<h3><a href=\"https:\/\/cleeritesg.com\/index.php\/2026\/03\/08\/summary-of-opinions-on-draft-simplified-esrs-ecb-eba-esma-eiopa\/\">Summary of opinions on draft simplified ESRS: ECB, EBA, ESMA, EIOPA<\/a><\/h3>\n\t\t\t<\/li>\n\t\t\t\t\t<li class=\"carousel-entry\">\n\t\t\t\t<div class=\"thumbnail\">\n\t\t\t\t\t\t\t\t\t\t\t\t\t\t\t\t<a href=\"https:\/\/cleeritesg.com\/index.php\/2026\/02\/26\/european-union-agency-for-fundamental-rights-opinion-on-draft-simplified-esrs\/\" style=\"background-image: url(https:\/\/cleeritesg.com\/wp-content\/uploads\/2026\/03\/FRA-opinion-on-ESRS-272x182.png)\">\n\t\t\t\t\t\t<\/a>\n\t\t\t\t\t\t\t\t\t<\/div>\n\t\t\t\t\t\t\t\t<h3><a href=\"https:\/\/cleeritesg.com\/index.php\/2026\/02\/26\/european-union-agency-for-fundamental-rights-opinion-on-draft-simplified-esrs\/\">European Union Agency for Fundamental Rights opinion on draft simplified ESRS<\/a><\/h3>\n\t\t\t<\/li>\n\t\t\t\t\t<li class=\"carousel-entry\">\n\t\t\t\t<div class=\"thumbnail\">\n\t\t\t\t\t\t\t\t\t\t\t\t\t\t\t\t<a href=\"https:\/\/cleeritesg.com\/index.php\/2026\/02\/16\/european-central-bank-ecb-opinion-on-draft-simplified-esrs\/\" style=\"background-image: url(https:\/\/cleeritesg.com\/wp-content\/uploads\/2026\/03\/ECB-ESRS-272x182.png)\">\n\t\t\t\t\t\t<\/a>\n\t\t\t\t\t\t\t\t\t<\/div>\n\t\t\t\t\t\t\t\t<h3><a href=\"https:\/\/cleeritesg.com\/index.php\/2026\/02\/16\/european-central-bank-ecb-opinion-on-draft-simplified-esrs\/\">European Central Bank (ECB) opinion on draft simplified ESRS<\/a><\/h3>\n\t\t\t<\/li>\n\t\t\t\t\t<li class=\"carousel-entry\">\n\t\t\t\t<div class=\"thumbnail\">\n\t\t\t\t\t\t\t\t\t\t\t\t\t\t\t\t<a href=\"https:\/\/cleeritesg.com\/index.php\/fr\/2026\/02\/16\/avis-de-la-bce-sur-les-esrs-simplifiees-allegements-audit-vsme-et-banques\/\" style=\"background-image: url(https:\/\/cleeritesg.com\/wp-content\/uploads\/2026\/03\/ECB-ESRS-272x182.png)\">\n\t\t\t\t\t\t<\/a>\n\t\t\t\t\t\t\t\t\t<\/div>\n\t\t\t\t\t\t\t\t<h3><a href=\"https:\/\/cleeritesg.com\/index.php\/fr\/2026\/02\/16\/avis-de-la-bce-sur-les-esrs-simplifiees-allegements-audit-vsme-et-banques\/\">Avis de la BCE sur les ESRS simplifi\u00e9es : all\u00e8gements, audit, VSME et banques<\/a><\/h3>\n\t\t\t<\/li>\n\t\t\t\t\t<li class=\"carousel-entry\">\n\t\t\t\t<div class=\"thumbnail\">\n\t\t\t\t\t\t\t\t\t\t\t\t\t\t\t\t<a href=\"https:\/\/cleeritesg.com\/index.php\/2026\/01\/12\/simplified-esrs-the-iro-patm-logic\/\" style=\"background-image: url(https:\/\/cleeritesg.com\/wp-content\/uploads\/2026\/01\/IRO-PATM-en-272x182.png)\">\n\t\t\t\t\t\t<\/a>\n\t\t\t\t\t\t\t\t\t<\/div>\n\t\t\t\t\t\t\t\t<h3><a href=\"https:\/\/cleeritesg.com\/index.php\/2026\/01\/12\/simplified-esrs-the-iro-patm-logic\/\">Simplified ESRS: the IRO-PATM logic<\/a><\/h3>\n\t\t\t<\/li>\n\t\t\t\t\t<li class=\"carousel-entry\">\n\t\t\t\t<div class=\"thumbnail\">\n\t\t\t\t\t\t\t\t\t\t\t\t\t\t\t\t<a href=\"https:\/\/cleeritesg.com\/index.php\/fr\/2026\/01\/12\/esrs-simplifiees-la-logique-iro-patm\/\" style=\"background-image: url(https:\/\/cleeritesg.com\/wp-content\/uploads\/2026\/01\/IRO-PATM-fr-272x182.png)\">\n\t\t\t\t\t\t<\/a>\n\t\t\t\t\t\t\t\t\t<\/div>\n\t\t\t\t\t\t\t\t<h3><a href=\"https:\/\/cleeritesg.com\/index.php\/fr\/2026\/01\/12\/esrs-simplifiees-la-logique-iro-patm\/\">ESRS simplifi\u00e9es : la logique IRO-PATM<\/a><\/h3>\n\t\t\t<\/li>\n\t\t\t<\/ul>\n<\/div>\n<\/div><\/div><div id=\"pgc-gb530-69e3811fead06-9-1\"  class=\"panel-grid-cell\" ><div id=\"panel-gb530-69e3811fead06-9-1-0\" class=\"so-panel widget widget_calendar panel-first-child panel-last-child\" data-index=\"20\" ><div id=\"calendar_wrap\" class=\"calendar_wrap\"><table id=\"wp-calendar\" class=\"wp-calendar-table\">\n\t<caption>April 2026<\/caption>\n\t<thead>\n\t<tr>\n\t\t<th scope=\"col\" aria-label=\"Monday\">M<\/th>\n\t\t<th scope=\"col\" aria-label=\"Tuesday\">T<\/th>\n\t\t<th scope=\"col\" aria-label=\"Wednesday\">W<\/th>\n\t\t<th scope=\"col\" aria-label=\"Thursday\">T<\/th>\n\t\t<th scope=\"col\" aria-label=\"Friday\">F<\/th>\n\t\t<th scope=\"col\" aria-label=\"Saturday\">S<\/th>\n\t\t<th scope=\"col\" aria-label=\"Sunday\">S<\/th>\n\t<\/tr>\n\t<\/thead>\n\t<tbody>\n\t<tr>\n\t\t<td colspan=\"2\" class=\"pad\">&nbsp;<\/td><td>1<\/td><td>2<\/td><td>3<\/td><td>4<\/td><td>5<\/td>\n\t<\/tr>\n\t<tr>\n\t\t<td>6<\/td><td>7<\/td><td>8<\/td><td>9<\/td><td>10<\/td><td>11<\/td><td>12<\/td>\n\t<\/tr>\n\t<tr>\n\t\t<td>13<\/td><td>14<\/td><td>15<\/td><td>16<\/td><td>17<\/td><td id=\"today\">18<\/td><td>19<\/td>\n\t<\/tr>\n\t<tr>\n\t\t<td>20<\/td><td>21<\/td><td>22<\/td><td>23<\/td><td>24<\/td><td>25<\/td><td>26<\/td>\n\t<\/tr>\n\t<tr>\n\t\t<td>27<\/td><td>28<\/td><td>29<\/td><td>30<\/td>\n\t\t<td class=\"pad\" colspan=\"3\">&nbsp;<\/td>\n\t<\/tr>\n\t<\/tbody>\n\t<\/table><nav aria-label=\"Previous and next months\" class=\"wp-calendar-nav\">\n\t\t<span class=\"wp-calendar-nav-prev\"><a href=\"https:\/\/cleeritesg.com\/index.php\/2026\/03\/\">&laquo; Mar<\/a><\/span>\n\t\t<span class=\"pad\">&nbsp;<\/span>\n\t\t<span class=\"wp-calendar-nav-next\">&nbsp;<\/span>\n\t<\/nav><\/div><\/div><\/div><\/div><\/div>","protected":false},"excerpt":{"rendered":"","protected":false},"author":1,"featured_media":0,"parent":0,"menu_order":0,"comment_status":"closed","ping_status":"closed","template":"home-panels.php","meta":{"footnotes":""},"class_list":["post-530","page","type-page","status-publish","hentry","post"],"_links":{"self":[{"href":"https:\/\/cleeritesg.com\/index.php\/wp-json\/wp\/v2\/pages\/530","targetHints":{"allow":["GET"]}}],"collection":[{"href":"https:\/\/cleeritesg.com\/index.php\/wp-json\/wp\/v2\/pages"}],"about":[{"href":"https:\/\/cleeritesg.com\/index.php\/wp-json\/wp\/v2\/types\/page"}],"author":[{"embeddable":true,"href":"https:\/\/cleeritesg.com\/index.php\/wp-json\/wp\/v2\/users\/1"}],"replies":[{"embeddable":true,"href":"https:\/\/cleeritesg.com\/index.php\/wp-json\/wp\/v2\/comments?post=530"}],"version-history":[{"count":126,"href":"https:\/\/cleeritesg.com\/index.php\/wp-json\/wp\/v2\/pages\/530\/revisions"}],"predecessor-version":[{"id":2862,"href":"https:\/\/cleeritesg.com\/index.php\/wp-json\/wp\/v2\/pages\/530\/revisions\/2862"}],"wp:attachment":[{"href":"https:\/\/cleeritesg.com\/index.php\/wp-json\/wp\/v2\/media?parent=530"}],"curies":[{"name":"wp","href":"https:\/\/api.w.org\/{rel}","templated":true}]}}