{"id":32,"date":"2023-12-27T14:36:47","date_gmt":"2023-12-27T14:36:47","guid":{"rendered":"http:\/\/cleeritesg.com\/?page_id=32"},"modified":"2025-10-06T07:51:14","modified_gmt":"2025-10-06T06:51:14","slug":"home-page","status":"publish","type":"page","link":"https:\/\/cleeritesg.com\/","title":{"rendered":"Home"},"content":{"rendered":"<div id=\"pl-32\"  class=\"panel-layout\" ><div id=\"pg-32-0\"  class=\"panel-grid panel-no-style\" ><div id=\"pgc-32-0-0\"  class=\"panel-grid-cell\" ><\/div><\/div><div id=\"pg-32-1\"  class=\"panel-grid panel-no-style\" ><div id=\"pgc-32-1-0\"  class=\"panel-grid-cell\" ><div id=\"panel-32-1-0-0\" class=\"so-panel widget widget_circleicon-widget panel-first-child panel-last-child\" data-index=\"1\" >\t\t<div class=\"circle-icon-box circle-icon-position-top circle-icon-hide-box circle-icon-size-small \">\n\t\t\t\t\t\t\t<div class=\"circle-icon-wrapper\">\n\t\t\t\t\t\t\t\t\t\t<div class=\"circle-icon\" >\n\t\t\t\t\t\t\t\t\t\t\t\t\t<div class=\"fa fa-pencil-square-o\" ><\/div>\n\t\t\t\t\t\t\t\t\t\t\t<\/div> \n\t\t\t\t\t\t\t\t\t<\/div>\n\t\t\t\n\t\t\t\t\t\t\t\t\t\t<h4 >\n\t\t\t\t\tCSRD-Ready\t\t\t\t<\/h4>\n\t\t\t\t\t\t\n\t\t\t\t\t\t\t<p class=\"text\" >We help you maximize ESG value and get CSRD ready \u2013 bridging the gap between sustainability, strategy &amp; reporting, to safeguard and grow your business \u2013 with ESRS-ready processes, templates and guidance.<\/p>\n\t\t\t\t\t\t\t\t<\/div>\n\t\t<\/div><\/div><div id=\"pgc-32-1-1\"  class=\"panel-grid-cell\" ><div id=\"panel-32-1-1-0\" class=\"so-panel widget widget_circleicon-widget panel-first-child panel-last-child\" data-index=\"2\" >\t\t<div class=\"circle-icon-box circle-icon-position-top circle-icon-hide-box circle-icon-size-small \">\n\t\t\t\t\t\t\t<div class=\"circle-icon-wrapper\">\n\t\t\t\t\t\t\t\t\t\t<div class=\"circle-icon\" >\n\t\t\t\t\t\t\t\t\t\t\t\t\t<div class=\"fa fa-calculator\" ><\/div>\n\t\t\t\t\t\t\t\t\t\t\t<\/div> \n\t\t\t\t\t\t\t\t\t<\/div>\n\t\t\t\n\t\t\t\t\t\t\t\t\t\t<h4 >\n\t\t\t\t\tScience-Based\t\t\t\t<\/h4>\n\t\t\t\t\t\t\n\t\t\t\t\t\t\t<p class=\"text\" >Our solution helps you effectively manage and report on sustainability, minimize risks, unlock the potential of your materiality assessments, cascade ambitious targets and create actionable roadmaps for strategic success.<\/p>\n\t\t\t\t\t\t\t\t<\/div>\n\t\t<\/div><\/div><div id=\"pgc-32-1-2\"  class=\"panel-grid-cell\" ><div id=\"panel-32-1-2-0\" class=\"so-panel widget widget_circleicon-widget panel-first-child panel-last-child\" data-index=\"3\" >\t\t<div class=\"circle-icon-box circle-icon-position-top circle-icon-hide-box circle-icon-size-small \">\n\t\t\t\t\t\t\t<div class=\"circle-icon-wrapper\">\n\t\t\t\t\t\t\t\t\t\t<div class=\"circle-icon\" >\n\t\t\t\t\t\t\t\t\t\t\t\t\t<div class=\"fa fa-clock-o\" ><\/div>\n\t\t\t\t\t\t\t\t\t\t\t<\/div> \n\t\t\t\t\t\t\t\t\t<\/div>\n\t\t\t\n\t\t\t\t\t\t\t\t\t\t<h4 >\n\t\t\t\t\tFuture-Proof\t\t\t\t<\/h4>\n\t\t\t\t\t\t\n\t\t\t\t\t\t\t<p class=\"text\" >But above and beyond, we help you build capabilities and resilience to future-proof your business and create sustainable inclusive competitive advantage \u2013 by gaining in clarity and control to make the right decisions.<\/p>\n\t\t\t\t\t\t\t\t<\/div>\n\t\t<\/div><\/div><\/div><div id=\"pg-32-2\"  class=\"panel-grid panel-no-style\" ><div id=\"pgc-32-2-0\"  class=\"panel-grid-cell\" ><div id=\"panel-32-2-0-0\" class=\"so-panel widget widget_circleicon-widget panel-first-child\" data-index=\"4\" >\t\t<div class=\"circle-icon-box circle-icon-position-top circle-icon-hide-box circle-icon-size-small \">\n\t\t\t\t\t\t\t<div class=\"circle-icon-wrapper\">\n\t\t\t\t\t\t\t\t\t\t<div class=\"circle-icon icon-style-set\" style=\"background-color: #cf0c69\">\n\t\t\t\t\t\t\t\t\t\t\t\t\t<div class=\"fa fa-toggle-right\" style=\"color: #ffffff\"><\/div>\n\t\t\t\t\t\t\t\t\t\t\t<\/div> \n\t\t\t\t\t\t\t\t\t<\/div>\n\t\t\t\n\t\t\t\t\t\t\t\t\t\t<h4 >\n\t\t\t\t\tCSRD &#038; ESRS Compliance\t\t\t\t<\/h4>\n\t\t\t\t\t\t\n\t\t\t\t\t\t\t<p class=\"text\" >Ensure ESRS compliance and IFRS-SS &amp; GRI interoperability by structuring your ESG strategy, processes &amp; data, with built-in audit trail and guidance<\/p>\n\t\t\t\t\t\t\t\t<\/div>\n\t\t<\/div><div id=\"panel-32-2-0-1\" class=\"so-panel widget widget_circleicon-widget panel-last-child\" data-index=\"5\" >\t\t<div class=\"circle-icon-box circle-icon-position-top circle-icon-hide-box circle-icon-size-small \">\n\t\t\t\t\t\t\t<div class=\"circle-icon-wrapper\">\n\t\t\t\t\t\t\t\t\t\t<div class=\"circle-icon icon-style-set\" style=\"background-color: #cf0c69\">\n\t\t\t\t\t\t\t\t\t\t\t\t\t<div class=\"fa fa-compass\" style=\"color: #ffffff\"><\/div>\n\t\t\t\t\t\t\t\t\t\t\t<\/div> \n\t\t\t\t\t\t\t\t\t<\/div>\n\t\t\t\n\t\t\t\t\t\t\t\t\t\t<h4 >\n\t\t\t\t\tESG Strategy Execution\t\t\t\t<\/h4>\n\t\t\t\t\t\t\n\t\t\t\t\t\t\t<p class=\"text\" >Develop and execute your ESG strategy, integrate it with your core business strategy, and gain in overview, clarity and control to prioritize and make the right decisions<\/p>\n\t\t\t\t\t\t\t\t<\/div>\n\t\t<\/div><\/div><div id=\"pgc-32-2-1\"  class=\"panel-grid-cell\" ><div id=\"panel-32-2-1-0\" class=\"so-panel widget widget_circleicon-widget panel-first-child\" data-index=\"6\" >\t\t<div class=\"circle-icon-box circle-icon-position-top circle-icon-hide-box circle-icon-size-small \">\n\t\t\t\t\t\t\t<div class=\"circle-icon-wrapper\">\n\t\t\t\t\t\t\t\t\t\t<div class=\"circle-icon icon-style-set\" style=\"background-color: #cf0c69\">\n\t\t\t\t\t\t\t\t\t\t\t\t\t<div class=\"fa fa-map-o\" style=\"color: #ffffff\"><\/div>\n\t\t\t\t\t\t\t\t\t\t\t<\/div> \n\t\t\t\t\t\t\t\t\t<\/div>\n\t\t\t\n\t\t\t\t\t\t\t\t\t\t<h4 >\n\t\t\t\t\tDouble Materiality Assessments\t\t\t\t<\/h4>\n\t\t\t\t\t\t\n\t\t\t\t\t\t\t<p class=\"text\" >Conduct guided double materiality assessments to unlock the potential of your sustainability topics and manage stakeholder expectations<\/p>\n\t\t\t\t\t\t\t\t<\/div>\n\t\t<\/div><div id=\"panel-32-2-1-1\" class=\"so-panel widget widget_circleicon-widget panel-last-child\" data-index=\"7\" >\t\t<div class=\"circle-icon-box circle-icon-position-top circle-icon-hide-box circle-icon-size-small \">\n\t\t\t\t\t\t\t<div class=\"circle-icon-wrapper\">\n\t\t\t\t\t\t\t\t\t\t<div class=\"circle-icon icon-style-set\" style=\"background-color: #cf0c69\">\n\t\t\t\t\t\t\t\t\t\t\t\t\t<div class=\"fa fa-puzzle-piece\" style=\"color: #ffffff\"><\/div>\n\t\t\t\t\t\t\t\t\t\t\t<\/div> \n\t\t\t\t\t\t\t\t\t<\/div>\n\t\t\t\n\t\t\t\t\t\t\t\t\t\t<h4 >\n\t\t\t\t\tSustainability Roadmap\t\t\t\t<\/h4>\n\t\t\t\t\t\t\n\t\t\t\t\t\t\t<p class=\"text\" >Connect material ESG topics to policies, targets, actions and metrics, and manage your sustainability roadmap with activity, resource, time and task planning <\/p>\n\t\t\t\t\t\t\t\t<\/div>\n\t\t<\/div><\/div><div id=\"pgc-32-2-2\"  class=\"panel-grid-cell\" ><div id=\"panel-32-2-2-0\" class=\"so-panel widget widget_circleicon-widget panel-first-child\" data-index=\"8\" >\t\t<div class=\"circle-icon-box circle-icon-position-top circle-icon-hide-box circle-icon-size-small \">\n\t\t\t\t\t\t\t<div class=\"circle-icon-wrapper\">\n\t\t\t\t\t\t\t\t\t\t<div class=\"circle-icon icon-style-set\" style=\"background-color: #cf0c69\">\n\t\t\t\t\t\t\t\t\t\t\t\t\t<div class=\"fa fa-fire-extinguisher\" style=\"color: #ffffff\"><\/div>\n\t\t\t\t\t\t\t\t\t\t\t<\/div> \n\t\t\t\t\t\t\t\t\t<\/div>\n\t\t\t\n\t\t\t\t\t\t\t\t\t\t<h4 >\n\t\t\t\t\tIRO Management\t\t\t\t<\/h4>\n\t\t\t\t\t\t\n\t\t\t\t\t\t\t<p class=\"text\" >Identify, assess and manage material impacts, risks and opportunities throughout your ESG governance process to build resilience and sustainable strategies<\/p>\n\t\t\t\t\t\t\t\t<\/div>\n\t\t<\/div><div id=\"panel-32-2-2-1\" class=\"so-panel widget widget_circleicon-widget panel-last-child\" data-index=\"9\" >\t\t<div class=\"circle-icon-box circle-icon-position-top circle-icon-hide-box circle-icon-size-small \">\n\t\t\t\t\t\t\t<div class=\"circle-icon-wrapper\">\n\t\t\t\t\t\t\t\t\t\t<div class=\"circle-icon icon-style-set\" style=\"background-color: #cf0c69\">\n\t\t\t\t\t\t\t\t\t\t\t\t\t<div class=\"fa fa-pencil\" style=\"color: #ffffff\"><\/div>\n\t\t\t\t\t\t\t\t\t\t\t<\/div> \n\t\t\t\t\t\t\t\t\t<\/div>\n\t\t\t\n\t\t\t\t\t\t\t\t\t\t<h4 >\n\t\t\t\t\tAutomated Sustainability Reporting\t\t\t\t<\/h4>\n\t\t\t\t\t\t\n\t\t\t\t\t\t\t<p class=\"text\" >Automate your sustainability reporting with digital ESRS templates &amp; metrics, inclusive governance processes, and quantitative &amp; narrative data collection<\/p>\n\t\t\t\t\t\t\t\t<\/div>\n\t\t<\/div><\/div><\/div><div id=\"pg-32-3\"  class=\"panel-grid panel-no-style\" ><div id=\"pgc-32-3-0\"  class=\"panel-grid-cell\" ><div id=\"panel-32-3-0-0\" class=\"so-panel widget widget_sow-button panel-first-child panel-last-child\" data-index=\"10\" ><div\n\t\t\t\n\t\t\tclass=\"so-widget-sow-button so-widget-sow-button-wire-748923659e92-32\"\n\t\t\t\n\t\t><div class=\"ow-button-base ow-button-align-center\"\n>\n\t\t\t<a\n\t\t\t\t\thref=\"https:\/\/cleeritesg.com\/index.php\/how-can-we-help\/\"\n\t\t\t\t\tclass=\"sowb-button ow-icon-placement-left ow-button-hover\" \t>\n\t\t<span>\n\t\t\t<span class=\"sow-icon-fontawesome sow-far\" data-sow-icon=\"&#xf35a;\"\n\t\tstyle=\"color: #cf0c69\" \n\t\taria-hidden=\"true\"><\/span>\n\t\t\tBook demo\t\t<\/span>\n\t\t\t<\/a>\n\t<\/div>\n<\/div><\/div><\/div><\/div><div id=\"pg-32-4\"  class=\"panel-grid panel-has-style\" ><div class=\"panel-row-style panel-row-style-for-32-4\" ><div id=\"pgc-32-4-0\"  class=\"panel-grid-cell\" ><div id=\"panel-32-4-0-0\" class=\"so-panel widget widget_sow-image panel-first-child\" data-index=\"11\" ><div\n\t\t\t\n\t\t\tclass=\"so-widget-sow-image so-widget-sow-image-default-8b5b6f678277-32\"\n\t\t\t\n\t\t>\n<div class=\"sow-image-container\">\n\t\t<img \n\tsrc=\"https:\/\/cleeritesg.com\/wp-content\/uploads\/2025\/10\/DMA-IRO-management.png\" width=\"1080\" height=\"1350\" srcset=\"https:\/\/cleeritesg.com\/wp-content\/uploads\/2025\/10\/DMA-IRO-management.png 1080w, https:\/\/cleeritesg.com\/wp-content\/uploads\/2025\/10\/DMA-IRO-management-240x300.png 240w, https:\/\/cleeritesg.com\/wp-content\/uploads\/2025\/10\/DMA-IRO-management-819x1024.png 819w, https:\/\/cleeritesg.com\/wp-content\/uploads\/2025\/10\/DMA-IRO-management-768x960.png 768w\" sizes=\"(max-width: 1080px) 100vw, 1080px\" title=\"DMA &#038; IRO management\" alt=\"\" \t\tclass=\"so-widget-image\"\/>\n\t<\/div>\n\n<\/div><\/div><div id=\"panel-32-4-0-1\" class=\"so-panel widget widget_sow-image panel-last-child\" data-index=\"12\" ><div\n\t\t\t\n\t\t\tclass=\"so-widget-sow-image so-widget-sow-image-default-8b5b6f678277-32\"\n\t\t\t\n\t\t>\n<div class=\"sow-image-container\">\n\t\t<img \n\tsrc=\"https:\/\/cleeritesg.com\/wp-content\/uploads\/2025\/10\/ESRS-ready-report-templates.png\" width=\"1080\" height=\"1350\" srcset=\"https:\/\/cleeritesg.com\/wp-content\/uploads\/2025\/10\/ESRS-ready-report-templates.png 1080w, https:\/\/cleeritesg.com\/wp-content\/uploads\/2025\/10\/ESRS-ready-report-templates-240x300.png 240w, https:\/\/cleeritesg.com\/wp-content\/uploads\/2025\/10\/ESRS-ready-report-templates-819x1024.png 819w, https:\/\/cleeritesg.com\/wp-content\/uploads\/2025\/10\/ESRS-ready-report-templates-768x960.png 768w\" sizes=\"(max-width: 1080px) 100vw, 1080px\" title=\"ESRS-ready report templates\" alt=\"\" \t\tclass=\"so-widget-image\"\/>\n\t<\/div>\n\n<\/div><\/div><\/div><div id=\"pgc-32-4-1\"  class=\"panel-grid-cell\" ><div id=\"panel-32-4-1-0\" class=\"so-panel widget widget_sow-image panel-first-child\" data-index=\"13\" ><div\n\t\t\t\n\t\t\tclass=\"so-widget-sow-image so-widget-sow-image-default-8b5b6f678277-32\"\n\t\t\t\n\t\t>\n<div class=\"sow-image-container\">\n\t\t<img \n\tsrc=\"https:\/\/cleeritesg.com\/wp-content\/uploads\/2025\/10\/ESG-data-collection-validation.png\" width=\"1080\" height=\"1350\" srcset=\"https:\/\/cleeritesg.com\/wp-content\/uploads\/2025\/10\/ESG-data-collection-validation.png 1080w, https:\/\/cleeritesg.com\/wp-content\/uploads\/2025\/10\/ESG-data-collection-validation-240x300.png 240w, https:\/\/cleeritesg.com\/wp-content\/uploads\/2025\/10\/ESG-data-collection-validation-819x1024.png 819w, https:\/\/cleeritesg.com\/wp-content\/uploads\/2025\/10\/ESG-data-collection-validation-768x960.png 768w\" sizes=\"(max-width: 1080px) 100vw, 1080px\" title=\"ESG data collection &#038; validation\" alt=\"\" \t\tclass=\"so-widget-image\"\/>\n\t<\/div>\n\n<\/div><\/div><div id=\"panel-32-4-1-1\" class=\"so-panel widget widget_sow-image panel-last-child\" data-index=\"14\" ><div\n\t\t\t\n\t\t\tclass=\"so-widget-sow-image so-widget-sow-image-default-8b5b6f678277-32\"\n\t\t\t\n\t\t>\n<div class=\"sow-image-container\">\n\t\t<img \n\tsrc=\"https:\/\/cleeritesg.com\/wp-content\/uploads\/2025\/10\/Top-management-Board-governance.png\" width=\"1080\" height=\"1350\" srcset=\"https:\/\/cleeritesg.com\/wp-content\/uploads\/2025\/10\/Top-management-Board-governance.png 1080w, https:\/\/cleeritesg.com\/wp-content\/uploads\/2025\/10\/Top-management-Board-governance-240x300.png 240w, https:\/\/cleeritesg.com\/wp-content\/uploads\/2025\/10\/Top-management-Board-governance-819x1024.png 819w, https:\/\/cleeritesg.com\/wp-content\/uploads\/2025\/10\/Top-management-Board-governance-768x960.png 768w\" sizes=\"(max-width: 1080px) 100vw, 1080px\" title=\"Top management &#038; Board governance\" alt=\"\" \t\tclass=\"so-widget-image\"\/>\n\t<\/div>\n\n<\/div><\/div><\/div><\/div><\/div><div id=\"pg-32-5\"  class=\"panel-grid panel-no-style\" ><div id=\"pgc-32-5-0\"  class=\"panel-grid-cell\" ><\/div><\/div><div id=\"pg-32-6\"  class=\"panel-grid panel-no-style\" ><div id=\"pgc-32-6-0\"  class=\"panel-grid-cell\" ><\/div><\/div><div id=\"pg-32-7\"  class=\"panel-grid panel-has-style\" ><div class=\"wide-grey panel-row-style panel-row-style-for-32-7\" ><div id=\"pgc-32-7-0\"  class=\"panel-grid-cell\" ><div id=\"panel-32-7-0-0\" class=\"so-panel widget widget_headline-widget panel-first-child panel-last-child\" data-index=\"17\" >\t\t<h1>Cleerit ESG gets you ESRS-compliant &amp; audit-ready in no time<\/h1>\n\t\t<div class=\"decoration\"><div class=\"decoration-inside\"><\/div><\/div>\n\t\t<h3>With science-based, holistic and inclusive system support for ESG strategy, governance and reporting excellence<\/h3>\n\t\t<\/div><\/div><\/div><\/div><div id=\"pg-32-8\"  class=\"panel-grid panel-no-style\" ><div id=\"pgc-32-8-0\"  class=\"panel-grid-cell\" ><div id=\"panel-32-8-0-0\" class=\"so-panel widget widget_sow-button panel-first-child panel-last-child\" data-index=\"18\" ><div\n\t\t\t\n\t\t\tclass=\"so-widget-sow-button so-widget-sow-button-flat-baebdb5b0c01-32\"\n\t\t\t\n\t\t><div class=\"ow-button-base ow-button-align-center\"\n>\n\t\t\t<a\n\t\t\t\t\thref=\"https:\/\/cleeritesg.com\/index.php\/how-can-we-help\/\"\n\t\t\t\t\tclass=\"sowb-button ow-icon-placement-left ow-button-hover\" \t>\n\t\t<span>\n\t\t\t<span class=\"sow-icon-fontawesome sow-far\" data-sow-icon=\"&#xf35a;\"\n\t\tstyle=\"color: #ffffff\" \n\t\taria-hidden=\"true\"><\/span>\n\t\t\tBook demo\t\t<\/span>\n\t\t\t<\/a>\n\t<\/div>\n<\/div><\/div><\/div><\/div><div id=\"pg-32-9\"  class=\"panel-grid panel-no-style\" ><div id=\"pgc-32-9-0\"  class=\"panel-grid-cell\" ><div id=\"panel-32-9-0-0\" class=\"so-panel widget widget_siteorigin-panels-postloop panel-first-child panel-last-child\" data-index=\"19\" ><h3 class=\"widget-title\"><span class=\"vantage-carousel-title\"><span class=\"vantage-carousel-title-text\">Latest Posts<\/span><a href=\"#\" class=\"next\" title=\"Next\"><span class=\"vantage-icon-arrow-right\"><\/span><\/a><a href=\"#\" class=\"previous\" title=\"Previous\"><span class=\"vantage-icon-arrow-left\"><\/span><\/a><\/span><\/h3><div class=\"vantage-carousel-wrapper\">\n\t\n\t<ul class=\"vantage-carousel\" data-query=\"{&quot;post_status&quot;:&quot;publish&quot;,&quot;posts_per_page&quot;:4,&quot;post_type&quot;:&quot;post&quot;,&quot;tax_query_relation&quot;:&quot;OR&quot;,&quot;date_type&quot;:&quot;specific&quot;,&quot;orderby&quot;:&quot;date&quot;,&quot;order&quot;:&quot;DESC&quot;,&quot;post__not_in&quot;:[32,32],&quot;paged&quot;:1,&quot;fields&quot;:&quot;all&quot;,&quot;lazy_load_term_meta&quot;:true}\" data-ajax-url=\"https:\/\/cleeritesg.com\/wp-admin\/admin-ajax.php\">\n\t\t\t\t\t<li class=\"carousel-entry\">\n\t\t\t\t<div class=\"thumbnail\">\n\t\t\t\t\t\t\t\t\t\t\t\t\t\t\t\t<a href=\"https:\/\/cleeritesg.com\/index.php\/2026\/03\/27\/efrag-2026-sustainability-reporting-work-programme-in-short\/\" style=\"background-image: url(https:\/\/cleeritesg.com\/wp-content\/uploads\/2026\/03\/EFRAG-Work-Programme-2026-272x182.png)\">\n\t\t\t\t\t\t<\/a>\n\t\t\t\t\t\t\t\t\t<\/div>\n\t\t\t\t\t\t\t\t<h3><a href=\"https:\/\/cleeritesg.com\/index.php\/2026\/03\/27\/efrag-2026-sustainability-reporting-work-programme-in-short\/\">EFRAG 2026 Sustainability Reporting Work Programme in short<\/a><\/h3>\n\t\t\t<\/li>\n\t\t\t\t\t<li class=\"carousel-entry\">\n\t\t\t\t<div class=\"thumbnail\">\n\t\t\t\t\t\t\t\t\t\t\t\t\t\t\t\t<a href=\"https:\/\/cleeritesg.com\/index.php\/2026\/03\/22\/the-worlds-biggest-individual-investor-is-effectively-redefining-financial-materiality\/\" style=\"background-image: url(https:\/\/cleeritesg.com\/wp-content\/uploads\/2026\/03\/NBIM-272x182.png)\">\n\t\t\t\t\t\t<\/a>\n\t\t\t\t\t\t\t\t\t<\/div>\n\t\t\t\t\t\t\t\t<h3><a href=\"https:\/\/cleeritesg.com\/index.php\/2026\/03\/22\/the-worlds-biggest-individual-investor-is-effectively-redefining-financial-materiality\/\">The world\u2019s biggest individual investor is effectively redefining financial materiality<\/a><\/h3>\n\t\t\t<\/li>\n\t\t\t\t\t<li class=\"carousel-entry\">\n\t\t\t\t<div class=\"thumbnail\">\n\t\t\t\t\t\t\t\t\t\t\t\t\t\t\t\t<a href=\"https:\/\/cleeritesg.com\/index.php\/fr\/2026\/03\/22\/le-plus-grand-investisseur-individuel-au-monde-redefinit-la-materialite-financiere\/\" style=\"background-image: url(https:\/\/cleeritesg.com\/wp-content\/uploads\/2026\/03\/NBIM-272x182.png)\">\n\t\t\t\t\t\t<\/a>\n\t\t\t\t\t\t\t\t\t<\/div>\n\t\t\t\t\t\t\t\t<h3><a href=\"https:\/\/cleeritesg.com\/index.php\/fr\/2026\/03\/22\/le-plus-grand-investisseur-individuel-au-monde-redefinit-la-materialite-financiere\/\">Le plus grand investisseur individuel au monde red\u00e9finit la mat\u00e9rialit\u00e9 financi\u00e8re<\/a><\/h3>\n\t\t\t<\/li>\n\t\t\t\t\t<li class=\"carousel-entry\">\n\t\t\t\t<div class=\"thumbnail\">\n\t\t\t\t\t\t\t\t\t\t\t\t\t\t\t\t<a href=\"https:\/\/cleeritesg.com\/index.php\/2026\/03\/10\/csrd-and-non-eu-country-companies-after-omnibus-i\/\" style=\"background-image: url(https:\/\/cleeritesg.com\/wp-content\/uploads\/2026\/03\/Non-EU-companies-272x182.png)\">\n\t\t\t\t\t\t<\/a>\n\t\t\t\t\t\t\t\t\t<\/div>\n\t\t\t\t\t\t\t\t<h3><a href=\"https:\/\/cleeritesg.com\/index.php\/2026\/03\/10\/csrd-and-non-eu-country-companies-after-omnibus-i\/\">CSRD and non-EU country companies after Omnibus I<\/a><\/h3>\n\t\t\t<\/li>\n\t\t\t<\/ul>\n<\/div>\n<\/div><\/div><div id=\"pgc-32-9-1\"  class=\"panel-grid-cell\" ><div id=\"panel-32-9-1-0\" class=\"so-panel widget widget_calendar panel-first-child panel-last-child\" data-index=\"20\" ><div id=\"calendar_wrap\" class=\"calendar_wrap\"><table id=\"wp-calendar\" class=\"wp-calendar-table\">\n\t<caption>April 2026<\/caption>\n\t<thead>\n\t<tr>\n\t\t<th scope=\"col\" aria-label=\"Monday\">M<\/th>\n\t\t<th scope=\"col\" aria-label=\"Tuesday\">T<\/th>\n\t\t<th scope=\"col\" aria-label=\"Wednesday\">W<\/th>\n\t\t<th scope=\"col\" aria-label=\"Thursday\">T<\/th>\n\t\t<th scope=\"col\" aria-label=\"Friday\">F<\/th>\n\t\t<th scope=\"col\" aria-label=\"Saturday\">S<\/th>\n\t\t<th scope=\"col\" aria-label=\"Sunday\">S<\/th>\n\t<\/tr>\n\t<\/thead>\n\t<tbody>\n\t<tr>\n\t\t<td colspan=\"2\" class=\"pad\">&nbsp;<\/td><td>1<\/td><td>2<\/td><td>3<\/td><td>4<\/td><td id=\"today\">5<\/td>\n\t<\/tr>\n\t<tr>\n\t\t<td>6<\/td><td>7<\/td><td>8<\/td><td>9<\/td><td>10<\/td><td>11<\/td><td>12<\/td>\n\t<\/tr>\n\t<tr>\n\t\t<td>13<\/td><td>14<\/td><td>15<\/td><td>16<\/td><td>17<\/td><td>18<\/td><td>19<\/td>\n\t<\/tr>\n\t<tr>\n\t\t<td>20<\/td><td>21<\/td><td>22<\/td><td>23<\/td><td>24<\/td><td>25<\/td><td>26<\/td>\n\t<\/tr>\n\t<tr>\n\t\t<td>27<\/td><td>28<\/td><td>29<\/td><td>30<\/td>\n\t\t<td class=\"pad\" colspan=\"3\">&nbsp;<\/td>\n\t<\/tr>\n\t<\/tbody>\n\t<\/table><nav aria-label=\"Previous and next months\" class=\"wp-calendar-nav\">\n\t\t<span class=\"wp-calendar-nav-prev\"><a href=\"https:\/\/cleeritesg.com\/index.php\/2026\/03\/\">&laquo; Mar<\/a><\/span>\n\t\t<span class=\"pad\">&nbsp;<\/span>\n\t\t<span class=\"wp-calendar-nav-next\">&nbsp;<\/span>\n\t<\/nav><\/div><\/div><\/div><\/div><\/div>","protected":false},"excerpt":{"rendered":"","protected":false},"author":1,"featured_media":0,"parent":0,"menu_order":0,"comment_status":"closed","ping_status":"closed","template":"home-panels.php","meta":{"footnotes":""},"class_list":["post-32","page","type-page","status-publish","hentry","post","post-with-thumbnail","post-with-thumbnail-large"],"_links":{"self":[{"href":"https:\/\/cleeritesg.com\/index.php\/wp-json\/wp\/v2\/pages\/32","targetHints":{"allow":["GET"]}}],"collection":[{"href":"https:\/\/cleeritesg.com\/index.php\/wp-json\/wp\/v2\/pages"}],"about":[{"href":"https:\/\/cleeritesg.com\/index.php\/wp-json\/wp\/v2\/types\/page"}],"author":[{"embeddable":true,"href":"https:\/\/cleeritesg.com\/index.php\/wp-json\/wp\/v2\/users\/1"}],"replies":[{"embeddable":true,"href":"https:\/\/cleeritesg.com\/index.php\/wp-json\/wp\/v2\/comments?post=32"}],"version-history":[{"count":136,"href":"https:\/\/cleeritesg.com\/index.php\/wp-json\/wp\/v2\/pages\/32\/revisions"}],"predecessor-version":[{"id":2074,"href":"https:\/\/cleeritesg.com\/index.php\/wp-json\/wp\/v2\/pages\/32\/revisions\/2074"}],"wp:attachment":[{"href":"https:\/\/cleeritesg.com\/index.php\/wp-json\/wp\/v2\/media?parent=32"}],"curies":[{"name":"wp","href":"https:\/\/api.w.org\/{rel}","templated":true}]}}