{"id":2491,"date":"2026-04-06T10:38:23","date_gmt":"2026-04-06T09:38:23","guid":{"rendered":"https:\/\/cleeritesg.com\/?page_id=2491"},"modified":"2026-04-06T14:26:22","modified_gmt":"2026-04-06T13:26:22","slug":"cleerit-epm-2","status":"publish","type":"page","link":"https:\/\/cleeritesg.com\/index.php\/fr\/cleerit-epm-2\/","title":{"rendered":"Cleerit EPM"},"content":{"rendered":"<div id=\"pl-2491\"  class=\"panel-layout\" ><div id=\"pg-2491-0\"  class=\"panel-grid panel-no-style\" ><div id=\"pgc-2491-0-0\"  class=\"panel-grid-cell\" ><\/div><\/div><div id=\"pg-2491-1\"  class=\"panel-grid panel-no-style\" ><div id=\"pgc-2491-1-0\"  class=\"panel-grid-cell\" ><div id=\"panel-2491-1-0-0\" class=\"so-panel widget widget_circleicon-widget panel-first-child\" data-index=\"1\" >\t\t<div class=\"circle-icon-box circle-icon-position-top circle-icon-hide-box circle-icon-size-small \">\n\t\t\t\t\t\t\t<div class=\"circle-icon-wrapper\">\n\t\t\t\t\t\t\t\t\t\t<div class=\"circle-icon\" >\n\t\t\t\t\t\t\t\t\t\t\t\t\t<div class=\"fa fa-compass\" ><\/div>\n\t\t\t\t\t\t\t\t\t\t\t<\/div> \n\t\t\t\t\t\t\t\t\t<\/div>\n\t\t\t\n\t\t\t\t\t\t\t\t\t\t<h4 >\n\t\t\t\t\tStrat\u00e9gie &#038; Objectifs\t\t\t\t<\/h4>\n\t\t\t\t\t\t\n\t\t\t\t\t\t\t<p class=\"text\" >Clarifier la strat\u00e9gie, r\u00e9partir les objectifs, r\u00e9sultats attendus et priorit\u00e9s, piloter et mesurer leurs ex\u00e9cutions<\/p>\n\t\t\t\t\t\t\t\t<\/div>\n\t\t<\/div><div id=\"panel-2491-1-0-1\" class=\"so-panel widget widget_circleicon-widget panel-last-child\" data-index=\"2\" >\t\t<div class=\"circle-icon-box circle-icon-position-top circle-icon-hide-box circle-icon-size-small \">\n\t\t\t\t\t\t\t<div class=\"circle-icon-wrapper\">\n\t\t\t\t\t\t\t\t\t\t<div class=\"circle-icon\" >\n\t\t\t\t\t\t\t\t\t\t\t\t\t<div class=\"fa fa-dashboard\" ><\/div>\n\t\t\t\t\t\t\t\t\t\t\t<\/div> \n\t\t\t\t\t\t\t\t\t<\/div>\n\t\t\t\n\t\t\t\t\t\t\t\t\t\t<h4 >\n\t\t\t\t\tIndicateurs Cl\u00e9s de Performance\t\t\t\t<\/h4>\n\t\t\t\t\t\t\n\t\t\t\t\t\t\t<p class=\"text\" >Analyser les r\u00e9sultats, piloter les progr\u00e8s, r\u00e9duire les \u00e9carts de performance et s\u00e9curiser  l\u2019atteinte des objectifs<\/p>\n\t\t\t\t\t\t\t\t<\/div>\n\t\t<\/div><\/div><div id=\"pgc-2491-1-1\"  class=\"panel-grid-cell\" ><div id=\"panel-2491-1-1-0\" class=\"so-panel widget widget_circleicon-widget panel-first-child\" data-index=\"3\" >\t\t<div class=\"circle-icon-box circle-icon-position-top circle-icon-hide-box circle-icon-size-small \">\n\t\t\t\t\t\t\t<div class=\"circle-icon-wrapper\">\n\t\t\t\t\t\t\t\t\t\t<div class=\"circle-icon\" >\n\t\t\t\t\t\t\t\t\t\t\t\t\t<div class=\"fa fa-calendar\" ><\/div>\n\t\t\t\t\t\t\t\t\t\t\t<\/div> \n\t\t\t\t\t\t\t\t\t<\/div>\n\t\t\t\n\t\t\t\t\t\t\t\t\t\t<h4 >\n\t\t\t\t\tActions, Projets &#038; T\u00e2ches\t\t\t\t<\/h4>\n\t\t\t\t\t\t\n\t\t\t\t\t\t\t<p class=\"text\" >G\u00e9rer les plans d\u2019action et activit\u00e9s quotidiennes align\u00e9s sur la strat\u00e9gie et l\u2019allocation des ressources<\/p>\n\t\t\t\t\t\t\t\t<\/div>\n\t\t<\/div><div id=\"panel-2491-1-1-1\" class=\"so-panel widget widget_circleicon-widget panel-last-child\" data-index=\"4\" >\t\t<div class=\"circle-icon-box circle-icon-position-top circle-icon-hide-box circle-icon-size-small \">\n\t\t\t\t\t\t\t<div class=\"circle-icon-wrapper\">\n\t\t\t\t\t\t\t\t\t\t<div class=\"circle-icon\" >\n\t\t\t\t\t\t\t\t\t\t\t\t\t<div class=\"fa fa-fire-extinguisher\" ><\/div>\n\t\t\t\t\t\t\t\t\t\t\t<\/div> \n\t\t\t\t\t\t\t\t\t<\/div>\n\t\t\t\n\t\t\t\t\t\t\t\t\t\t<h4 >\n\t\t\t\t\tGouvernance, Risques &#038; Conformit\u00e9\t\t\t\t<\/h4>\n\t\t\t\t\t\t\n\t\t\t\t\t\t\t<p class=\"text\" >Analyser et r\u00e9duire les risques &amp; impacts n\u00e9gatifs, assurer la conformit\u00e9 ainsi qu\u2019un contr\u00f4le interne efficace<\/p>\n\t\t\t\t\t\t\t\t<\/div>\n\t\t<\/div><\/div><div id=\"pgc-2491-1-2\"  class=\"panel-grid-cell\" ><div id=\"panel-2491-1-2-0\" class=\"so-panel widget widget_circleicon-widget panel-first-child\" data-index=\"5\" >\t\t<div class=\"circle-icon-box circle-icon-position-top circle-icon-hide-box circle-icon-size-small \">\n\t\t\t\t\t\t\t<div class=\"circle-icon-wrapper\">\n\t\t\t\t\t\t\t\t\t\t<div class=\"circle-icon\" >\n\t\t\t\t\t\t\t\t\t\t\t\t\t<div class=\"fa fa-bar-chart\" ><\/div>\n\t\t\t\t\t\t\t\t\t\t\t<\/div> \n\t\t\t\t\t\t\t\t\t<\/div>\n\t\t\t\n\t\t\t\t\t\t\t\t\t\t<h4 >\n\t\t\t\t\tBudgets &#038; Pr\u00e9visions\t\t\t\t<\/h4>\n\t\t\t\t\t\t\n\t\t\t\t\t\t\t<p class=\"text\" >Allouer et piloter les budgets et les ressources, cr\u00e9er des pr\u00e9visions fiables -  int\u00e9gr\u00e9 \u00e0 votre ERP <\/p>\n\t\t\t\t\t\t\t\t<\/div>\n\t\t<\/div><div id=\"panel-2491-1-2-1\" class=\"so-panel widget widget_circleicon-widget panel-last-child\" data-index=\"6\" >\t\t<div class=\"circle-icon-box circle-icon-position-top circle-icon-hide-box circle-icon-size-small \">\n\t\t\t\t\t\t\t<div class=\"circle-icon-wrapper\">\n\t\t\t\t\t\t\t\t\t\t<div class=\"circle-icon\" >\n\t\t\t\t\t\t\t\t\t\t\t\t\t<div class=\"fa fa-database\" ><\/div>\n\t\t\t\t\t\t\t\t\t\t\t<\/div> \n\t\t\t\t\t\t\t\t\t<\/div>\n\t\t\t\n\t\t\t\t\t\t\t\t\t\t<h4 >\n\t\t\t\t\tReporting &#038; Aide \u00e0 la D\u00e9cision\t\t\t\t<\/h4>\n\t\t\t\t\t\t\n\t\t\t\t\t\t\t<p class=\"text\" >Des rapports et donn\u00e9es en temps r\u00e9el pour une aide \u00e0 la d\u00e9cision compl\u00e8te adapt\u00e9e \u00e0 vos besoins <\/p>\n\t\t\t\t\t\t\t\t<\/div>\n\t\t<\/div><\/div><\/div><div id=\"pg-2491-2\"  class=\"panel-grid panel-no-style\" ><div id=\"pgc-2491-2-0\"  class=\"panel-grid-cell\" ><div id=\"panel-2491-2-0-0\" class=\"so-panel widget widget_sow-button panel-first-child panel-last-child\" data-index=\"7\" ><div\n\t\t\t\n\t\t\tclass=\"so-widget-sow-button so-widget-sow-button-flat-8173eead46dd-2491\"\n\t\t\t\n\t\t><div class=\"ow-button-base ow-button-align-center\"\n>\n\t\t\t<a\n\t\t\t\t\thref=\"https:\/\/cleeritesg.com\/index.php\/fr\/a-votre-service\/\"\n\t\t\t\t\tclass=\"sowb-button ow-icon-placement-left ow-button-hover\" target=\"_blank\" rel=\"noopener noreferrer\" \t>\n\t\t<span>\n\t\t\t<span class=\"sow-icon-fontawesome sow-far\" data-sow-icon=\"&#xf35a;\"\n\t\tstyle=\"color: #cf0c69\" \n\t\taria-hidden=\"true\"><\/span>\n\t\t\tDemander une d\u00e9mo\t\t<\/span>\n\t\t\t<\/a>\n\t<\/div>\n<\/div><\/div><\/div><\/div><div id=\"pg-2491-3\"  class=\"panel-grid panel-no-style\" ><div id=\"pgc-2491-3-0\"  class=\"panel-grid-cell\" ><div id=\"panel-2491-3-0-0\" class=\"so-panel widget widget_headline-widget panel-first-child panel-last-child\" data-index=\"8\" >\t\t<h1>Tournez la page des strat\u00e9gies floues et des r\u00e9sultats incertains<\/h1>\n\t\t<div class=\"decoration\"><div class=\"decoration-inside\"><\/div><\/div>\n\t\t<h3>Cleerit offre \u00e0 vos strat\u00e9gies et plans une plateforme dynamique pour se d\u00e9velopper, \u00eatre partag\u00e9s et \u00e9valu\u00e9s en continu - loin des limites des feuilles de calcul statiques<\/h3>\n\t\t<\/div><\/div><\/div><\/div>","protected":false},"excerpt":{"rendered":"<p>Strat\u00e9gie &#038; Objectifs Clarifier la strat\u00e9gie, r\u00e9partir les objectifs, r\u00e9sultats attendus et priorit\u00e9s, piloter et mesurer leurs ex\u00e9cutions Indicateurs Cl\u00e9s de Performance Analyser les r\u00e9sultats, piloter les progr\u00e8s, r\u00e9duire les \u00e9carts de performance et s\u00e9curiser l\u2019atteinte des objectifs Actions, Projets &#038; T\u00e2ches G\u00e9rer les plans d\u2019action et activit\u00e9s quotidiennes align\u00e9s sur la strat\u00e9gie et l\u2019allocation [&hellip;]<\/p>\n","protected":false},"author":1,"featured_media":0,"parent":0,"menu_order":0,"comment_status":"closed","ping_status":"closed","template":"home-panels.php","meta":{"footnotes":""},"class_list":["post-2491","page","type-page","status-publish","hentry","post"],"_links":{"self":[{"href":"https:\/\/cleeritesg.com\/index.php\/wp-json\/wp\/v2\/pages\/2491","targetHints":{"allow":["GET"]}}],"collection":[{"href":"https:\/\/cleeritesg.com\/index.php\/wp-json\/wp\/v2\/pages"}],"about":[{"href":"https:\/\/cleeritesg.com\/index.php\/wp-json\/wp\/v2\/types\/page"}],"author":[{"embeddable":true,"href":"https:\/\/cleeritesg.com\/index.php\/wp-json\/wp\/v2\/users\/1"}],"replies":[{"embeddable":true,"href":"https:\/\/cleeritesg.com\/index.php\/wp-json\/wp\/v2\/comments?post=2491"}],"version-history":[{"count":20,"href":"https:\/\/cleeritesg.com\/index.php\/wp-json\/wp\/v2\/pages\/2491\/revisions"}],"predecessor-version":[{"id":2546,"href":"https:\/\/cleeritesg.com\/index.php\/wp-json\/wp\/v2\/pages\/2491\/revisions\/2546"}],"wp:attachment":[{"href":"https:\/\/cleeritesg.com\/index.php\/wp-json\/wp\/v2\/media?parent=2491"}],"curies":[{"name":"wp","href":"https:\/\/api.w.org\/{rel}","templated":true}]}}