{"id":2353,"date":"2026-03-23T09:33:53","date_gmt":"2026-03-23T08:33:53","guid":{"rendered":"https:\/\/cleeritesg.com\/?page_id=2353"},"modified":"2026-04-06T14:43:26","modified_gmt":"2026-04-06T13:43:26","slug":"utbildning-esrs-2-0","status":"publish","type":"page","link":"https:\/\/cleeritesg.com\/index.php\/sv\/utbildning-esrs-2-0\/","title":{"rendered":"Utbildning ESRS 2.0"},"content":{"rendered":"<div id=\"pl-2353\"  class=\"panel-layout\" ><div id=\"pg-2353-0\"  class=\"panel-grid panel-has-style\" ><div class=\"siteorigin-panels-stretch panel-row-style-full-width panel-row-style panel-row-style-for-2353-0\" data-stretch-type=\"full-width-stretch\" ><div id=\"pgc-2353-0-0\"  class=\"panel-grid-cell\" ><div id=\"panel-2353-0-0-0\" class=\"so-panel widget widget_sow-image panel-first-child panel-last-child\" data-index=\"0\" ><div\n\t\t\t\n\t\t\tclass=\"so-widget-sow-image so-widget-sow-image-default-113ccd71f3e6-2353\"\n\t\t\t\n\t\t>\n<div class=\"sow-image-container\">\n\t\t<img \n\tsrc=\"https:\/\/cleeritesg.com\/wp-content\/uploads\/2026\/03\/Inbjudan-utbildning-ESRS-april-2026-600x600.png\" width=\"600\" height=\"600\" srcset=\"https:\/\/cleeritesg.com\/wp-content\/uploads\/2026\/03\/Inbjudan-utbildning-ESRS-april-2026-600x600.png 600w, https:\/\/cleeritesg.com\/wp-content\/uploads\/2026\/03\/Inbjudan-utbildning-ESRS-april-2026-300x300.png 300w, https:\/\/cleeritesg.com\/wp-content\/uploads\/2026\/03\/Inbjudan-utbildning-ESRS-april-2026-1024x1024.png 1024w, https:\/\/cleeritesg.com\/wp-content\/uploads\/2026\/03\/Inbjudan-utbildning-ESRS-april-2026-150x150.png 150w, https:\/\/cleeritesg.com\/wp-content\/uploads\/2026\/03\/Inbjudan-utbildning-ESRS-april-2026-768x768.png 768w, https:\/\/cleeritesg.com\/wp-content\/uploads\/2026\/03\/Inbjudan-utbildning-ESRS-april-2026.png 1200w\" sizes=\"(max-width: 600px) 100vw, 600px\" title=\"Inbjudan utbildning ESRS april 2026\" alt=\"\" \t\tclass=\"so-widget-image\"\/>\n\t<\/div>\n\n<\/div><\/div><\/div><\/div><\/div><div id=\"pg-2353-1\"  class=\"panel-grid panel-no-style\" ><div id=\"pgc-2353-1-0\"  class=\"panel-grid-cell\" ><div id=\"panel-2353-1-0-0\" class=\"so-panel widget widget_headline-widget panel-first-child panel-last-child\" data-index=\"1\" >\t\t<h1>H\u00e5llbarhetsrapportering: utbildning i f\u00f6renklade ESRS 2.0<\/h1>\n\t\t<div class=\"decoration\"><div class=\"decoration-inside\"><\/div><\/div>\n\t\t<h3>Tv\u00e5 kostnadsfria utbildningstillf\u00e4llen: 14 april kl. 11:30-13:00  och 16 april kl. 11:30-13:00 (online)<\/h3>\n\t\t<\/div><\/div><\/div><div id=\"pg-2353-2\"  class=\"panel-grid panel-no-style\" ><div id=\"pgc-2353-2-0\"  class=\"panel-grid-cell panel-grid-cell-empty\" ><\/div><div id=\"pgc-2353-2-1\"  class=\"panel-grid-cell panel-grid-cell-mobile-last\" ><div id=\"panel-2353-2-1-0\" class=\"so-panel widget widget_sow-editor panel-first-child panel-last-child\" data-index=\"2\" ><div\n\t\t\t\n\t\t\tclass=\"so-widget-sow-editor so-widget-sow-editor-base\"\n\t\t\t\n\t\t>\n<div class=\"siteorigin-widget-tinymce textwidget\">\n\t<p>Tillh\u00f6r ditt f\u00f6retag CSRD v\u00e5g 1 och beh\u00f6ver migrera till f\u00f6renklade ESRS 2.0?<\/p>\n<p>Efter Omnibus \u2013 undrar du om de f\u00f6renklade ESRS standarderna g\u00e4ller f\u00f6r ditt f\u00f6retag \u2013 och i s\u00e5 fall fr\u00e5n n\u00e4r?<\/p>\n<p>Denna utbildning \u00e4r utformad f\u00f6r dig som beh\u00f6ver mer kunskap om de f\u00f6renklade ESRS-standarderna och vad som g\u00e4ller f\u00f6r ditt f\u00f6retag. Under 1,5 timme kommer vi att:<\/p>\n<ul>\n<li>presentera de f\u00f6renklade ESRS\u2011standarderna p\u00e5 svenska (upplysningskrav och datapunkter),<\/li>\n<li>f\u00f6rklara de nya l\u00e4ttnaderna och vad ni kan inf\u00f6ra stegvis,<\/li>\n<li>v\u00e4gleda er i de kommande stegen f\u00f6r att lyckas med er h\u00e5llbarhetsf\u00f6rklaring,<\/li>\n<li>visa hur ni kan dra nytta av ESRS f\u00f6r att strukturera ert h\u00e5llbarhetsarbete och f\u00e4rdplan.<\/li>\n<\/ul>\n<p>Vi erbjuder tv\u00e5 utbildningstillf\u00e4llen online:<\/p>\n<ul>\n<li>Tisdag 14 april kl. 11:30-13:00<\/li>\n<li>Torsdag 16 april kl. 11:30-13:00<\/li>\n<\/ul>\n<p><strong>Du \u00e4r v\u00e4lkommen att anm\u00e4la dig genom att fylla i formul\u00e4ret nedan &gt;&gt;&gt;<\/strong><\/p>\n<p>Utbildningen erbjuds kostnadsfritt till personer med ansvar f\u00f6r h\u00e5llbarhet, finansiell och h\u00e5llbarhetsrelaterad rapportering samt regelefterlevnad i f\u00f6retag med fler \u00e4n 250 anst\u00e4llda. Antalet platser \u00e4r begr\u00e4nsat och deltagare med dessa roller kommer att prioriteras. Vi tackar f\u00f6r din f\u00f6rst\u00e5else.<\/p>\n<p>V\u00e4lkommen!<\/p>\n<p>Varma h\u00e5llbara h\u00e4lsningar<\/p>\n<p>Team Cleerit Sverige<\/p>\n<\/div>\n<\/div><\/div><\/div><div id=\"pgc-2353-2-2\"  class=\"panel-grid-cell panel-grid-cell-empty\" ><\/div><\/div><div id=\"pg-2353-3\"  class=\"panel-grid panel-no-style\" ><div id=\"pgc-2353-3-0\"  class=\"panel-grid-cell panel-grid-cell-empty\" ><\/div><div id=\"pgc-2353-3-1\"  class=\"panel-grid-cell panel-grid-cell-mobile-last\" ><div id=\"panel-2353-3-1-0\" class=\"widget_text so-panel widget widget_custom_html panel-first-child panel-last-child\" data-index=\"3\" ><div class=\"textwidget custom-html-widget\">\n<div class=\"wpcf7 no-js\" id=\"wpcf7-f2360-o1\" lang=\"en-GB\" dir=\"ltr\" data-wpcf7-id=\"2360\">\n<div class=\"screen-reader-response\"><p role=\"status\" aria-live=\"polite\" aria-atomic=\"true\"><\/p> <ul><\/ul><\/div>\n<form action=\"\/index.php\/wp-json\/wp\/v2\/pages\/2353#wpcf7-f2360-o1\" method=\"post\" class=\"wpcf7-form init\" aria-label=\"Contact form\" novalidate=\"novalidate\" data-status=\"init\">\n<fieldset class=\"hidden-fields-container\"><input type=\"hidden\" name=\"_wpcf7\" value=\"2360\" \/><input type=\"hidden\" name=\"_wpcf7_version\" value=\"6.1.5\" \/><input type=\"hidden\" name=\"_wpcf7_locale\" value=\"en_GB\" \/><input type=\"hidden\" name=\"_wpcf7_unit_tag\" value=\"wpcf7-f2360-o1\" \/><input type=\"hidden\" name=\"_wpcf7_container_post\" value=\"0\" \/><input type=\"hidden\" name=\"_wpcf7_posted_data_hash\" value=\"\" \/>\n<\/fieldset>\n<p><label> Ditt namn*<br \/>\n<span class=\"wpcf7-form-control-wrap\" data-name=\"your-name\"><input size=\"40\" maxlength=\"400\" class=\"wpcf7-form-control wpcf7-text wpcf7-validates-as-required\" autocomplete=\"name\" aria-required=\"true\" aria-invalid=\"false\" value=\"\" type=\"text\" name=\"your-name\" \/><\/span> <\/label>\n<\/p>\n<p><label> Din e-post*<br \/>\n<span class=\"wpcf7-form-control-wrap\" data-name=\"your-email\"><input size=\"40\" maxlength=\"400\" class=\"wpcf7-form-control wpcf7-email wpcf7-validates-as-required wpcf7-text wpcf7-validates-as-email\" autocomplete=\"email\" aria-required=\"true\" aria-invalid=\"false\" value=\"\" type=\"email\" name=\"your-email\" \/><\/span> <\/label>\n<\/p>\n<p><label> Din organisation*<br \/>\n<span class=\"wpcf7-form-control-wrap\" data-name=\"your-organization\"><input size=\"40\" maxlength=\"400\" class=\"wpcf7-form-control wpcf7-text wpcf7-validates-as-required\" aria-required=\"true\" aria-invalid=\"false\" value=\"\" type=\"text\" name=\"your-organization\" \/><\/span> <\/label>\n<\/p>\n<p><label> Din yrkesroll*<br \/>\n<span class=\"wpcf7-form-control-wrap\" data-name=\"your-position\"><input size=\"40\" maxlength=\"400\" class=\"wpcf7-form-control wpcf7-text wpcf7-validates-as-required\" aria-required=\"true\" aria-invalid=\"false\" value=\"\" type=\"text\" name=\"your-position\" \/><\/span> <\/label>\n<\/p>\n<p>Val av utbildningstillf\u00e4lle:\n<\/p>\n<p><span class=\"wpcf7-form-control-wrap\" data-name=\"datum\"><span class=\"wpcf7-form-control wpcf7-radio\"><span class=\"wpcf7-list-item first\"><label><input type=\"radio\" name=\"datum\" value=\"Tisdag 14 april kl. 11:30-13:00\" \/><span class=\"wpcf7-list-item-label\">Tisdag 14 april kl. 11:30-13:00<\/span><\/label><\/span><span class=\"wpcf7-list-item\"><label><input type=\"radio\" name=\"datum\" value=\"Torsdag 16 april kl. 11:30-13:00\" \/><span class=\"wpcf7-list-item-label\">Torsdag 16 april kl. 11:30-13:00<\/span><\/label><\/span><span class=\"wpcf7-list-item last\"><label><input type=\"radio\" name=\"datum\" value=\"Individuell utbildning, datum att fastst\u00e4lla\" \/><span class=\"wpcf7-list-item-label\">Individuell utbildning, datum att fastst\u00e4lla<\/span><\/label><\/span><\/span><\/span>\n<\/p>\n<p>Din roll:\n<\/p>\n<p><span class=\"wpcf7-form-control-wrap\" data-name=\"roll\"><span class=\"wpcf7-form-control wpcf7-radio\"><span class=\"wpcf7-list-item first\"><label><input type=\"radio\" name=\"roll\" value=\"H\u00e5llbarhet\" \/><span class=\"wpcf7-list-item-label\">H\u00e5llbarhet<\/span><\/label><\/span><span class=\"wpcf7-list-item\"><label><input type=\"radio\" name=\"roll\" value=\"ESG-rapportering\" \/><span class=\"wpcf7-list-item-label\">ESG-rapportering<\/span><\/label><\/span><span class=\"wpcf7-list-item\"><label><input type=\"radio\" name=\"roll\" value=\"Ekonomi\" \/><span class=\"wpcf7-list-item-label\">Ekonomi<\/span><\/label><\/span><span class=\"wpcf7-list-item\"><label><input type=\"radio\" name=\"roll\" value=\"Regelefterlevnad\" \/><span class=\"wpcf7-list-item-label\">Regelefterlevnad<\/span><\/label><\/span><span class=\"wpcf7-list-item\"><label><input type=\"radio\" name=\"roll\" value=\"Konsult\" \/><span class=\"wpcf7-list-item-label\">Konsult<\/span><\/label><\/span><span class=\"wpcf7-list-item\"><label><input type=\"radio\" name=\"roll\" value=\"Revisor\" \/><span class=\"wpcf7-list-item-label\">Revisor<\/span><\/label><\/span><span class=\"wpcf7-list-item last\"><label><input type=\"radio\" name=\"roll\" value=\"Annan\" \/><span class=\"wpcf7-list-item-label\">Annan<\/span><\/label><\/span><\/span><\/span>\n<\/p>\n<p><label> Meddelande<br \/>\n<span class=\"wpcf7-form-control-wrap\" data-name=\"your-message\"><textarea cols=\"40\" rows=\"10\" maxlength=\"2000\" class=\"wpcf7-form-control wpcf7-textarea\" aria-invalid=\"false\" name=\"your-message\"><\/textarea><\/span> <\/label>\n<\/p>\n<p><input class=\"wpcf7-form-control wpcf7-submit has-spinner\" type=\"submit\" value=\"Skicka min anm\u00e4lan\" \/>\n<\/p><div class=\"wpcf7-response-output\" aria-hidden=\"true\"><\/div>\n<\/form>\n<\/div>\n<\/div><\/div><\/div><div id=\"pgc-2353-3-2\"  class=\"panel-grid-cell panel-grid-cell-empty\" ><\/div><\/div><\/div>","protected":false},"excerpt":{"rendered":"<p>H\u00e5llbarhetsrapportering: utbildning i f\u00f6renklade ESRS 2.0 Tv\u00e5 kostnadsfria utbildningstillf\u00e4llen: 14 april kl. 11:30-13:00 och 16 april kl. 11:30-13:00 (online) Tillh\u00f6r ditt f\u00f6retag CSRD v\u00e5g 1 och beh\u00f6ver migrera till f\u00f6renklade ESRS 2.0? Efter Omnibus \u2013 undrar du om de f\u00f6renklade ESRS standarderna g\u00e4ller f\u00f6r ditt f\u00f6retag \u2013 och i s\u00e5 fall fr\u00e5n n\u00e4r? Denna utbildning [&hellip;]<\/p>\n","protected":false},"author":1,"featured_media":0,"parent":0,"menu_order":0,"comment_status":"closed","ping_status":"closed","template":"","meta":{"footnotes":""},"class_list":["post-2353","page","type-page","status-publish","hentry","post"],"_links":{"self":[{"href":"https:\/\/cleeritesg.com\/index.php\/wp-json\/wp\/v2\/pages\/2353","targetHints":{"allow":["GET"]}}],"collection":[{"href":"https:\/\/cleeritesg.com\/index.php\/wp-json\/wp\/v2\/pages"}],"about":[{"href":"https:\/\/cleeritesg.com\/index.php\/wp-json\/wp\/v2\/types\/page"}],"author":[{"embeddable":true,"href":"https:\/\/cleeritesg.com\/index.php\/wp-json\/wp\/v2\/users\/1"}],"replies":[{"embeddable":true,"href":"https:\/\/cleeritesg.com\/index.php\/wp-json\/wp\/v2\/comments?post=2353"}],"version-history":[{"count":21,"href":"https:\/\/cleeritesg.com\/index.php\/wp-json\/wp\/v2\/pages\/2353\/revisions"}],"predecessor-version":[{"id":2553,"href":"https:\/\/cleeritesg.com\/index.php\/wp-json\/wp\/v2\/pages\/2353\/revisions\/2553"}],"wp:attachment":[{"href":"https:\/\/cleeritesg.com\/index.php\/wp-json\/wp\/v2\/media?parent=2353"}],"curies":[{"name":"wp","href":"https:\/\/api.w.org\/{rel}","templated":true}]}}