{"id":2293,"date":"2026-01-07T09:19:43","date_gmt":"2026-01-07T08:19:43","guid":{"rendered":"https:\/\/cleeritesg.com\/?page_id=2293"},"modified":"2026-04-06T14:44:30","modified_gmt":"2026-04-06T13:44:30","slug":"formation-esrs2","status":"publish","type":"page","link":"https:\/\/cleeritesg.com\/index.php\/fr\/formation-esrs2\/","title":{"rendered":"Formation ESRS 2.0 simplifi\u00e9es"},"content":{"rendered":"<div id=\"pl-2293\"  class=\"panel-layout\" ><div id=\"pg-2293-0\"  class=\"panel-grid panel-has-style\" ><div class=\"siteorigin-panels-stretch panel-row-style-full-width panel-row-style panel-row-style-for-2293-0\" data-stretch-type=\"full-width-stretch\" ><div id=\"pgc-2293-0-0\"  class=\"panel-grid-cell\" ><div id=\"panel-2293-0-0-0\" class=\"so-panel widget widget_sow-image panel-first-child panel-last-child\" data-index=\"0\" ><div class=\"panel-widget-style panel-widget-style-for-2293-0-0-0\" ><div\n\t\t\t\n\t\t\tclass=\"so-widget-sow-image so-widget-sow-image-default-113ccd71f3e6-2293\"\n\t\t\t\n\t\t>\n<div class=\"sow-image-container\">\n\t\t<img \n\tsrc=\"https:\/\/cleeritesg.com\/wp-content\/uploads\/2026\/03\/Invitation-formation-ESRS-mars-2026-600x600.png\" width=\"600\" height=\"600\" srcset=\"https:\/\/cleeritesg.com\/wp-content\/uploads\/2026\/03\/Invitation-formation-ESRS-mars-2026-600x600.png 600w, https:\/\/cleeritesg.com\/wp-content\/uploads\/2026\/03\/Invitation-formation-ESRS-mars-2026-300x300.png 300w, https:\/\/cleeritesg.com\/wp-content\/uploads\/2026\/03\/Invitation-formation-ESRS-mars-2026-1024x1024.png 1024w, https:\/\/cleeritesg.com\/wp-content\/uploads\/2026\/03\/Invitation-formation-ESRS-mars-2026-150x150.png 150w, https:\/\/cleeritesg.com\/wp-content\/uploads\/2026\/03\/Invitation-formation-ESRS-mars-2026-768x768.png 768w, https:\/\/cleeritesg.com\/wp-content\/uploads\/2026\/03\/Invitation-formation-ESRS-mars-2026.png 1200w\" sizes=\"(max-width: 600px) 100vw, 600px\" title=\"Invitation formation ESRS mars 2026\" alt=\"\" \t\tclass=\"so-widget-image\"\/>\n\t<\/div>\n\n<\/div><\/div><\/div><\/div><\/div><\/div><div id=\"pg-2293-1\"  class=\"panel-grid panel-no-style\" ><div id=\"pgc-2293-1-0\"  class=\"panel-grid-cell\" ><div id=\"panel-2293-1-0-0\" class=\"so-panel widget widget_headline-widget panel-first-child panel-last-child\" data-index=\"1\" >\t\t<h1>Reporting de durabilit\u00e9 : formation ESRS simplifi\u00e9es 2.0<\/h1>\n\t\t<div class=\"decoration\"><div class=\"decoration-inside\"><\/div><\/div>\n\t\t<h3>27 mars de 11h30 \u00e0 13h et 31 mars de 11h30 \u00e0 13h - au choix (offerte \u00e0 titre gracieuse)<\/h3>\n\t\t<\/div><\/div><\/div><div id=\"pg-2293-2\"  class=\"panel-grid panel-no-style\" ><div id=\"pgc-2293-2-0\"  class=\"panel-grid-cell panel-grid-cell-empty\" ><\/div><div id=\"pgc-2293-2-1\"  class=\"panel-grid-cell panel-grid-cell-mobile-last\" ><div id=\"panel-2293-2-1-0\" class=\"so-panel widget widget_sow-editor panel-first-child panel-last-child\" data-index=\"2\" ><div\n\t\t\t\n\t\t\tclass=\"so-widget-sow-editor so-widget-sow-editor-base\"\n\t\t\t\n\t\t>\n<div class=\"siteorigin-widget-tinymce textwidget\">\n\t<p>Vous \u00eates une entreprise de la 1<sup>\u00e8re<\/sup> vague CSRD et vous devez migrer vers ESRS 2.0\u00a0?<\/p>\n<p>Vous \u00eates une entreprise non cot\u00e9e post Omnibus et vous vous demandez si les ESRS simplifi\u00e9es sont adapt\u00e9es \u00e0 votre cas, et si oui, \u00e0 partir de quand\u00a0?<\/p>\n<p>Cette formation a \u00e9t\u00e9 con\u00e7ue pour vous. En 1 h 30 nous allons vous\u00a0:<\/p>\n<ul>\n<li>pr\u00e9senter\u00a0les ESRS simplifi\u00e9es en fran\u00e7ais (structure, DR et DP)<\/li>\n<li>expliquer les nouveaux all\u00e8gements et mises en \u0153uvre progressives<\/li>\n<li>guider dans les prochaines \u00e9tapes pour r\u00e9ussir votre prochain \u00e9tat de durabilit\u00e9<\/li>\n<li>montrer comment tirer profit des ESRS pour structurer votre feuille de route RSE.<\/li>\n<\/ul>\n<p>Nous vous proposons deux cr\u00e9neaux au choix pour cette rencontre\u00a0:<\/p>\n<ul>\n<li>le vendredi 27 mars de 11h30 \u00e0 13h CET<\/li>\n<li>le mardi 31 mars de 11h30 \u00e0 13h CET<\/li>\n<\/ul>\n<p><strong>Vous \u00eates invit\u00e9s \u00e0 vous inscrire en renseignant le formulaire ci-dessous &gt;&gt;&gt;<\/strong><\/p>\n<p>Cette formation est offerte sans frais aux personnes en charge du pilotage RSE, du reporting financier et de durabilit\u00e9 et de conformit\u00e9 dans une entreprise de plus de 250 salari\u00e9s.<\/p>\n<p>Le nombre de places est limit\u00e9. Les inscrits ayant ces r\u00f4les seront prioritaires. Nous vous remercions pour votre compr\u00e9hension.<\/p>\n<p>Soyez les bienvenu(e)s !<\/p>\n<p><em>Organisme de formation professionnelle agr\u00e9e, num\u00e9ro de d\u00e9claration d\u2019activit\u00e9\u00a0: 93061087906<\/em><\/p>\n<\/div>\n<\/div><\/div><\/div><div id=\"pgc-2293-2-2\"  class=\"panel-grid-cell panel-grid-cell-empty\" ><\/div><\/div><div id=\"pg-2293-3\"  class=\"panel-grid panel-no-style\" ><div id=\"pgc-2293-3-0\"  class=\"panel-grid-cell panel-grid-cell-empty\" ><\/div><div id=\"pgc-2293-3-1\"  class=\"panel-grid-cell panel-grid-cell-mobile-last\" ><div id=\"panel-2293-3-1-0\" class=\"widget_text so-panel widget widget_custom_html panel-first-child panel-last-child\" data-index=\"3\" ><div class=\"textwidget custom-html-widget\">\n<div class=\"wpcf7 no-js\" id=\"wpcf7-f2307-o1\" lang=\"en-GB\" dir=\"ltr\" data-wpcf7-id=\"2307\">\n<div class=\"screen-reader-response\"><p role=\"status\" aria-live=\"polite\" aria-atomic=\"true\"><\/p> <ul><\/ul><\/div>\n<form action=\"\/index.php\/wp-json\/wp\/v2\/pages\/2293#wpcf7-f2307-o1\" method=\"post\" class=\"wpcf7-form init\" aria-label=\"Contact form\" novalidate=\"novalidate\" data-status=\"init\">\n<fieldset class=\"hidden-fields-container\"><input type=\"hidden\" name=\"_wpcf7\" value=\"2307\" \/><input type=\"hidden\" name=\"_wpcf7_version\" value=\"6.1.5\" \/><input type=\"hidden\" name=\"_wpcf7_locale\" value=\"en_GB\" \/><input type=\"hidden\" name=\"_wpcf7_unit_tag\" value=\"wpcf7-f2307-o1\" \/><input type=\"hidden\" name=\"_wpcf7_container_post\" value=\"0\" \/><input type=\"hidden\" name=\"_wpcf7_posted_data_hash\" value=\"\" \/>\n<\/fieldset>\n<p><label> Nom*<br \/>\n<span class=\"wpcf7-form-control-wrap\" data-name=\"your-name\"><input size=\"40\" maxlength=\"400\" class=\"wpcf7-form-control wpcf7-text wpcf7-validates-as-required\" autocomplete=\"name\" aria-required=\"true\" aria-invalid=\"false\" value=\"\" type=\"text\" name=\"your-name\" \/><\/span> <\/label>\n<\/p>\n<p><label> E-mail*<br \/>\n<span class=\"wpcf7-form-control-wrap\" data-name=\"your-email\"><input size=\"40\" maxlength=\"400\" class=\"wpcf7-form-control wpcf7-email wpcf7-validates-as-required wpcf7-text wpcf7-validates-as-email\" autocomplete=\"email\" aria-required=\"true\" aria-invalid=\"false\" value=\"\" type=\"email\" name=\"your-email\" \/><\/span> <\/label>\n<\/p>\n<p><label> Organisation*<br \/>\n<span class=\"wpcf7-form-control-wrap\" data-name=\"your-organization\"><input size=\"40\" maxlength=\"400\" class=\"wpcf7-form-control wpcf7-text wpcf7-validates-as-required\" aria-required=\"true\" aria-invalid=\"false\" value=\"\" type=\"text\" name=\"your-organization\" \/><\/span> <\/label>\n<\/p>\n<p><label> Fonction*<br \/>\n<span class=\"wpcf7-form-control-wrap\" data-name=\"your-position\"><input size=\"40\" maxlength=\"400\" class=\"wpcf7-form-control wpcf7-text wpcf7-validates-as-required\" aria-required=\"true\" aria-invalid=\"false\" value=\"\" type=\"text\" name=\"your-position\" \/><\/span> <\/label>\n<\/p>\n<p>Votre choix de date :\n<\/p>\n<p><span class=\"wpcf7-form-control-wrap\" data-name=\"Subscriptionchoice\"><span class=\"wpcf7-form-control wpcf7-checkbox wpcf7-validates-as-required wpcf7-exclusive-checkbox\"><span class=\"wpcf7-list-item first\"><label><input type=\"checkbox\" name=\"Subscriptionchoice\" value=\"Vendredi 27 mars de 11h30 \u00e0 13h\" \/><span class=\"wpcf7-list-item-label\">Vendredi 27 mars de 11h30 \u00e0 13h<\/span><\/label><\/span><span class=\"wpcf7-list-item\"><label><input type=\"checkbox\" name=\"Subscriptionchoice\" value=\"Mardi 31 mars de 11h30 \u00e0 13h\" \/><span class=\"wpcf7-list-item-label\">Mardi 31 mars de 11h30 \u00e0 13h<\/span><\/label><\/span><span class=\"wpcf7-list-item last\"><label><input type=\"checkbox\" name=\"Subscriptionchoice\" value=\"Formation individuelle, date \u00e0 fixer\" \/><span class=\"wpcf7-list-item-label\">Formation individuelle, date \u00e0 fixer<\/span><\/label><\/span><\/span><\/span>\n<\/p>\n<p>Votre r\u00f4le :\n<\/p>\n<p><span class=\"wpcf7-form-control-wrap\" data-name=\"radio-465\"><span class=\"wpcf7-form-control wpcf7-radio\"><span class=\"wpcf7-list-item first\"><label><input type=\"radio\" name=\"radio-465\" value=\"RSE\" \/><span class=\"wpcf7-list-item-label\">RSE<\/span><\/label><\/span><span class=\"wpcf7-list-item\"><label><input type=\"radio\" name=\"radio-465\" value=\"Reporting ESG\" \/><span class=\"wpcf7-list-item-label\">Reporting ESG<\/span><\/label><\/span><span class=\"wpcf7-list-item\"><label><input type=\"radio\" name=\"radio-465\" value=\"Finance\" \/><span class=\"wpcf7-list-item-label\">Finance<\/span><\/label><\/span><span class=\"wpcf7-list-item\"><label><input type=\"radio\" name=\"radio-465\" value=\"Conformit\u00e9\" \/><span class=\"wpcf7-list-item-label\">Conformit\u00e9<\/span><\/label><\/span><span class=\"wpcf7-list-item\"><label><input type=\"radio\" name=\"radio-465\" value=\"Consultant\" \/><span class=\"wpcf7-list-item-label\">Consultant<\/span><\/label><\/span><span class=\"wpcf7-list-item\"><label><input type=\"radio\" name=\"radio-465\" value=\"Auditeur\" \/><span class=\"wpcf7-list-item-label\">Auditeur<\/span><\/label><\/span><span class=\"wpcf7-list-item last\"><label><input type=\"radio\" name=\"radio-465\" value=\"Autre\" \/><span class=\"wpcf7-list-item-label\">Autre<\/span><\/label><\/span><\/span><\/span>\n<\/p>\n<p><label> Votre message (facultatif)<br \/>\n<span class=\"wpcf7-form-control-wrap\" data-name=\"your-message\"><textarea cols=\"40\" rows=\"10\" maxlength=\"2000\" class=\"wpcf7-form-control wpcf7-textarea\" aria-invalid=\"false\" name=\"your-message\"><\/textarea><\/span> <\/label>\n<\/p>\n<p><input class=\"wpcf7-form-control wpcf7-submit has-spinner\" type=\"submit\" value=\"Envoyer ma demande d&#039;inscription\" \/>\n<\/p><div class=\"wpcf7-response-output\" aria-hidden=\"true\"><\/div>\n<\/form>\n<\/div>\n<\/div><\/div><\/div><div id=\"pgc-2293-3-2\"  class=\"panel-grid-cell panel-grid-cell-empty\" ><\/div><\/div><\/div>","protected":false},"excerpt":{"rendered":"<p>Reporting de durabilit\u00e9 : formation ESRS simplifi\u00e9es 2.0 27 mars de 11h30 \u00e0 13h et 31 mars de 11h30 \u00e0 13h &#8211; au choix (offerte \u00e0 titre gracieuse) Vous \u00eates une entreprise de la 1\u00e8re vague CSRD et vous devez migrer vers ESRS 2.0\u00a0? Vous \u00eates une entreprise non cot\u00e9e post Omnibus et vous vous [&hellip;]<\/p>\n","protected":false},"author":1,"featured_media":0,"parent":0,"menu_order":0,"comment_status":"closed","ping_status":"closed","template":"","meta":{"footnotes":""},"class_list":["post-2293","page","type-page","status-publish","hentry","post"],"_links":{"self":[{"href":"https:\/\/cleeritesg.com\/index.php\/wp-json\/wp\/v2\/pages\/2293","targetHints":{"allow":["GET"]}}],"collection":[{"href":"https:\/\/cleeritesg.com\/index.php\/wp-json\/wp\/v2\/pages"}],"about":[{"href":"https:\/\/cleeritesg.com\/index.php\/wp-json\/wp\/v2\/types\/page"}],"author":[{"embeddable":true,"href":"https:\/\/cleeritesg.com\/index.php\/wp-json\/wp\/v2\/users\/1"}],"replies":[{"embeddable":true,"href":"https:\/\/cleeritesg.com\/index.php\/wp-json\/wp\/v2\/comments?post=2293"}],"version-history":[{"count":28,"href":"https:\/\/cleeritesg.com\/index.php\/wp-json\/wp\/v2\/pages\/2293\/revisions"}],"predecessor-version":[{"id":2555,"href":"https:\/\/cleeritesg.com\/index.php\/wp-json\/wp\/v2\/pages\/2293\/revisions\/2555"}],"wp:attachment":[{"href":"https:\/\/cleeritesg.com\/index.php\/wp-json\/wp\/v2\/media?parent=2293"}],"curies":[{"name":"wp","href":"https:\/\/api.w.org\/{rel}","templated":true}]}}