{"id":2231,"date":"2025-10-28T12:22:55","date_gmt":"2025-10-28T11:22:55","guid":{"rendered":"https:\/\/cleeritesg.com\/?page_id=2231"},"modified":"2026-03-21T11:28:57","modified_gmt":"2026-03-21T10:28:57","slug":"webinars","status":"publish","type":"page","link":"https:\/\/cleeritesg.com\/index.php\/sv\/webinars\/","title":{"rendered":"Webinars"},"content":{"rendered":"<div id=\"pl-2231\"  class=\"panel-layout\" ><div id=\"pg-2231-0\"  class=\"panel-grid panel-has-style\" ><div class=\"siteorigin-panels-stretch panel-row-style-full-width panel-row-style panel-row-style-for-2231-0\" data-stretch-type=\"full-width-stretch\" ><div id=\"pgc-2231-0-0\"  class=\"panel-grid-cell\" ><div id=\"panel-2231-0-0-0\" class=\"so-panel widget widget_sow-image panel-first-child panel-last-child\" data-index=\"0\" ><div\n\t\t\t\n\t\t\tclass=\"so-widget-sow-image so-widget-sow-image-default-c4f6304fc136-2231\"\n\t\t\t\n\t\t>\n<div class=\"sow-image-container\">\n\t\t<img \n\tsrc=\"https:\/\/cleeritesg.com\/wp-content\/uploads\/2025\/10\/Webinar-banner-13-Nov-2025-web-sv.png\" width=\"1840\" height=\"460\" srcset=\"https:\/\/cleeritesg.com\/wp-content\/uploads\/2025\/10\/Webinar-banner-13-Nov-2025-web-sv.png 1840w, https:\/\/cleeritesg.com\/wp-content\/uploads\/2025\/10\/Webinar-banner-13-Nov-2025-web-sv-300x75.png 300w, https:\/\/cleeritesg.com\/wp-content\/uploads\/2025\/10\/Webinar-banner-13-Nov-2025-web-sv-1024x256.png 1024w, https:\/\/cleeritesg.com\/wp-content\/uploads\/2025\/10\/Webinar-banner-13-Nov-2025-web-sv-768x192.png 768w, https:\/\/cleeritesg.com\/wp-content\/uploads\/2025\/10\/Webinar-banner-13-Nov-2025-web-sv-1536x384.png 1536w\" sizes=\"(max-width: 1840px) 100vw, 1840px\" title=\"Webinar banner 13 Nov 2025 web sv\" alt=\"\" \t\tclass=\"so-widget-image\"\/>\n\t<\/div>\n\n<\/div><\/div><\/div><\/div><\/div><div id=\"pg-2231-1\"  class=\"panel-grid panel-no-style\" ><div id=\"pgc-2231-1-0\"  class=\"panel-grid-cell\" ><div id=\"panel-2231-1-0-0\" class=\"so-panel widget widget_headline-widget panel-first-child panel-last-child\" data-index=\"1\" >\t\t<h1>Granskade ESRS-rapporter | Analys och rekommendationer fr\u00e5n ESMA &amp; AMF<\/h1>\n\t\t<div class=\"decoration\"><div class=\"decoration-inside\"><\/div><\/div>\n\t\t<h3>Replay webinar p\u00e5 svenska 13 november 2025 kl 11:30 - 12:30<\/h3>\n\t\t<\/div><\/div><\/div><div id=\"pg-2231-2\"  class=\"panel-grid panel-no-style\" ><div id=\"pgc-2231-2-0\"  class=\"panel-grid-cell panel-grid-cell-empty\" ><\/div><div id=\"pgc-2231-2-1\"  class=\"panel-grid-cell panel-grid-cell-mobile-last\" ><div id=\"panel-2231-2-1-0\" class=\"so-panel widget widget_sow-editor panel-first-child panel-last-child\" data-index=\"2\" ><div\n\t\t\t\n\t\t\tclass=\"so-widget-sow-editor so-widget-sow-editor-base\"\n\t\t\t\n\t\t>\n<div class=\"siteorigin-widget-tinymce textwidget\">\n\t<p>ESMA (Europeiska v\u00e4rdepappers- och marknadsmyndigheten) och AMF (Franska finansmarknadsmyndigheten) har nyligen offentliggjort sina <strong>analyser av granskade ESRS-rapporter <\/strong>som publicerats av b\u00f6rsnoterade f\u00f6retag f\u00f6r r\u00e4kenskaps\u00e5ret 2024 (CSRD v\u00e5g 1).<\/p>\n<p>Deras \u00e5terkoppling och rekommendationer \u00e4r v\u00e4rdefulla eftersom de tydligg\u00f6r finansmarknadens f\u00f6rv\u00e4ntningar p\u00e5 dina h\u00e5llbarhetsrapporter.<\/p>\n<p><strong>Vi bj\u00f6d in till ett kostnadsfritt webbinarium p\u00e5 svenska<\/strong> den 13 november kl. 11:30 - 12:30 d\u00e4r vi gick genom de viktigaste slutsatserna fr\u00e5n ESMA:s och AMF:s analyser, som ger dig bra v\u00e4gledning inf\u00f6r din n\u00e4stkommande h\u00e5llbarhetsrapport.<\/p>\n<p>Vi fokuserade s\u00e4rskilt p\u00e5 upplysningskraven<\/p>\n<ul>\n<li>E1 \u2013 Klimatf\u00f6r\u00e4ndringar<\/li>\n<li>S1 \u2013 Den egna arbetskraften<\/li>\n<li>IRO-1 \u2013 Beskrivning av DMA-processerna f\u00f6r att identifiera och bed\u00f6ma v\u00e4sentliga IRO:er<\/li>\n<li>SBM-3 \u2013 Beskrivning av v\u00e4sentliga IRO:er och deras koppling till strategin och aff\u00e4rsmodellen<\/li>\n<\/ul>\n<p>Vi belyste \u00e4ven de gemensamma europeiska tillsynsprioriteringarna (ECEP) f\u00f6r b\u00f6rsnoterade f\u00f6retags rapporter f\u00f6r 2025, som ESMA publicerade den 14:e oktober.<\/p>\n<p><strong>Du \u00e4r v\u00e4lkommen att registrera dig f\u00f6r se inspelningen av webbinariet h\u00e4r genom att fylla i formul\u00e4ret nedan &gt;&gt;&gt;<\/strong><\/p>\n<p>Antalet platser \u00e4r begr\u00e4nsat och registrerade med roller inom h\u00e5llbarhetsrapportering, verksamhetsstyrning och ekonomi i f\u00f6retag som omfattas av CSRD kommer att prioriteras. Vi tackar f\u00f6r din f\u00f6rst\u00e5else.<\/p>\n<p>Med ESMA:s och AMF:s rekommendationer och \u00e5terkoppling p\u00e5 de rapporter som redan publicerats enligt CSRD och ESRS-standarderna, kan ni s\u00e4kerst\u00e4lla att den tid och kraft ni l\u00e4gger p\u00e5 IRO-analyser och rapportering kommer f\u00f6retaget till nytta \u2013 och st\u00e4rker ert h\u00e5llbarhetsarbete.<\/p>\n<p>V\u00e4lkommen!<\/p>\n<\/div>\n<\/div><\/div><\/div><div id=\"pgc-2231-2-2\"  class=\"panel-grid-cell panel-grid-cell-empty\" ><\/div><\/div><div id=\"pg-2231-3\"  class=\"panel-grid panel-no-style\" ><div id=\"pgc-2231-3-0\"  class=\"panel-grid-cell panel-grid-cell-empty\" ><\/div><div id=\"pgc-2231-3-1\"  class=\"panel-grid-cell\" ><div id=\"panel-2231-3-1-0\" class=\"widget_text so-panel widget widget_custom_html panel-first-child panel-last-child\" data-index=\"3\" ><div class=\"textwidget custom-html-widget\">\n<div class=\"wpcf7 no-js\" id=\"wpcf7-f2241-o1\" lang=\"en-GB\" dir=\"ltr\" data-wpcf7-id=\"2241\">\n<div class=\"screen-reader-response\"><p role=\"status\" aria-live=\"polite\" aria-atomic=\"true\"><\/p> <ul><\/ul><\/div>\n<form action=\"\/index.php\/wp-json\/wp\/v2\/pages\/2231#wpcf7-f2241-o1\" method=\"post\" class=\"wpcf7-form init\" aria-label=\"Contact form\" novalidate=\"novalidate\" data-status=\"init\">\n<fieldset class=\"hidden-fields-container\"><input type=\"hidden\" name=\"_wpcf7\" value=\"2241\" \/><input type=\"hidden\" name=\"_wpcf7_version\" value=\"6.1.5\" \/><input type=\"hidden\" name=\"_wpcf7_locale\" value=\"en_GB\" \/><input type=\"hidden\" name=\"_wpcf7_unit_tag\" value=\"wpcf7-f2241-o1\" \/><input type=\"hidden\" name=\"_wpcf7_container_post\" value=\"0\" \/><input type=\"hidden\" name=\"_wpcf7_posted_data_hash\" value=\"\" \/>\n<\/fieldset>\n<p><label> Ditt namn*<br \/>\n<span class=\"wpcf7-form-control-wrap\" data-name=\"your-name\"><input size=\"40\" maxlength=\"400\" class=\"wpcf7-form-control wpcf7-text wpcf7-validates-as-required\" autocomplete=\"name\" aria-required=\"true\" aria-invalid=\"false\" value=\"\" type=\"text\" name=\"your-name\" \/><\/span> <\/label>\n<\/p>\n<p><label> Din e-post*<br \/>\n<span class=\"wpcf7-form-control-wrap\" data-name=\"your-email\"><input size=\"40\" maxlength=\"400\" class=\"wpcf7-form-control wpcf7-email wpcf7-validates-as-required wpcf7-text wpcf7-validates-as-email\" autocomplete=\"email\" aria-required=\"true\" aria-invalid=\"false\" value=\"\" type=\"email\" name=\"your-email\" \/><\/span> <\/label>\n<\/p>\n<p><label> Din organisation*<br \/>\n<span class=\"wpcf7-form-control-wrap\" data-name=\"your-organization\"><input size=\"40\" maxlength=\"400\" class=\"wpcf7-form-control wpcf7-text wpcf7-validates-as-required\" aria-required=\"true\" aria-invalid=\"false\" value=\"\" type=\"text\" name=\"your-organization\" \/><\/span> <\/label>\n<\/p>\n<p><label> Din yrkesroll*<br \/>\n<span class=\"wpcf7-form-control-wrap\" data-name=\"your-position\"><input size=\"40\" maxlength=\"400\" class=\"wpcf7-form-control wpcf7-text wpcf7-validates-as-required\" aria-required=\"true\" aria-invalid=\"false\" value=\"\" type=\"text\" name=\"your-position\" \/><\/span> <\/label>\n<\/p>\n<p><label> Meddelande (ej obligatoriskt)<br \/>\n<span class=\"wpcf7-form-control-wrap\" data-name=\"your-message\"><textarea cols=\"40\" rows=\"10\" maxlength=\"2000\" class=\"wpcf7-form-control wpcf7-textarea\" aria-invalid=\"false\" name=\"your-message\"><\/textarea><\/span> <\/label>\n<\/p>\n<p><input class=\"wpcf7-form-control wpcf7-submit has-spinner\" type=\"submit\" value=\"Skicka min anm\u00e4lan\" \/>\n<\/p><div class=\"wpcf7-response-output\" aria-hidden=\"true\"><\/div>\n<\/form>\n<\/div>\n<\/div><\/div><\/div><\/div><\/div>","protected":false},"excerpt":{"rendered":"<p>Granskade ESRS-rapporter | Analys och rekommendationer fr\u00e5n ESMA &amp; AMF Replay webinar p\u00e5 svenska 13 november 2025 kl 11:30 &#8211; 12:30 ESMA (Europeiska v\u00e4rdepappers- och marknadsmyndigheten) och AMF (Franska finansmarknadsmyndigheten) har nyligen offentliggjort sina analyser av granskade ESRS-rapporter som publicerats av b\u00f6rsnoterade f\u00f6retag f\u00f6r r\u00e4kenskaps\u00e5ret 2024 (CSRD v\u00e5g 1). Deras \u00e5terkoppling och rekommendationer \u00e4r v\u00e4rdefulla [&hellip;]<\/p>\n","protected":false},"author":1,"featured_media":0,"parent":0,"menu_order":0,"comment_status":"closed","ping_status":"closed","template":"","meta":{"footnotes":""},"class_list":["post-2231","page","type-page","status-publish","hentry","post"],"_links":{"self":[{"href":"https:\/\/cleeritesg.com\/index.php\/wp-json\/wp\/v2\/pages\/2231","targetHints":{"allow":["GET"]}}],"collection":[{"href":"https:\/\/cleeritesg.com\/index.php\/wp-json\/wp\/v2\/pages"}],"about":[{"href":"https:\/\/cleeritesg.com\/index.php\/wp-json\/wp\/v2\/types\/page"}],"author":[{"embeddable":true,"href":"https:\/\/cleeritesg.com\/index.php\/wp-json\/wp\/v2\/users\/1"}],"replies":[{"embeddable":true,"href":"https:\/\/cleeritesg.com\/index.php\/wp-json\/wp\/v2\/comments?post=2231"}],"version-history":[{"count":15,"href":"https:\/\/cleeritesg.com\/index.php\/wp-json\/wp\/v2\/pages\/2231\/revisions"}],"predecessor-version":[{"id":2352,"href":"https:\/\/cleeritesg.com\/index.php\/wp-json\/wp\/v2\/pages\/2231\/revisions\/2352"}],"wp:attachment":[{"href":"https:\/\/cleeritesg.com\/index.php\/wp-json\/wp\/v2\/media?parent=2231"}],"curies":[{"name":"wp","href":"https:\/\/api.w.org\/{rel}","templated":true}]}}