{"id":2187,"date":"2025-10-22T08:03:59","date_gmt":"2025-10-22T07:03:59","guid":{"rendered":"https:\/\/cleeritesg.com\/?page_id=2187"},"modified":"2026-03-21T11:05:21","modified_gmt":"2026-03-21T10:05:21","slug":"webinaires-webcasts","status":"publish","type":"page","link":"https:\/\/cleeritesg.com\/index.php\/fr\/webinaires-webcasts\/","title":{"rendered":"Webinaires &#038; Webcasts"},"content":{"rendered":"<div id=\"pl-2187\"  class=\"panel-layout\" ><div id=\"pg-2187-0\"  class=\"panel-grid panel-has-style\" ><div class=\"siteorigin-panels-stretch panel-row-style-full-width panel-row-style panel-row-style-for-2187-0\" data-stretch-type=\"full-width-stretch\" ><div id=\"pgc-2187-0-0\"  class=\"panel-grid-cell\" ><div id=\"panel-2187-0-0-0\" class=\"so-panel widget widget_sow-image panel-first-child panel-last-child\" data-index=\"0\" ><div class=\"panel-widget-style panel-widget-style-for-2187-0-0-0\" ><div\n\t\t\t\n\t\t\tclass=\"so-widget-sow-image so-widget-sow-image-default-46c7616ffdb5-2187\"\n\t\t\t\n\t\t>\n<div class=\"sow-image-container\">\n\t\t<img \n\tsrc=\"https:\/\/cleeritesg.com\/wp-content\/uploads\/2025\/10\/Webinar-banner-18-Nov-2025-web-1.png\" width=\"1840\" height=\"460\" srcset=\"https:\/\/cleeritesg.com\/wp-content\/uploads\/2025\/10\/Webinar-banner-18-Nov-2025-web-1.png 1840w, https:\/\/cleeritesg.com\/wp-content\/uploads\/2025\/10\/Webinar-banner-18-Nov-2025-web-1-300x75.png 300w, https:\/\/cleeritesg.com\/wp-content\/uploads\/2025\/10\/Webinar-banner-18-Nov-2025-web-1-1024x256.png 1024w, https:\/\/cleeritesg.com\/wp-content\/uploads\/2025\/10\/Webinar-banner-18-Nov-2025-web-1-768x192.png 768w, https:\/\/cleeritesg.com\/wp-content\/uploads\/2025\/10\/Webinar-banner-18-Nov-2025-web-1-1536x384.png 1536w\" sizes=\"(max-width: 1840px) 100vw, 1840px\" title=\"Webinar banner 18 Nov 2025 web\" alt=\"\" \t\tclass=\"so-widget-image\"\/>\n\t<\/div>\n\n<\/div><\/div><\/div><\/div><\/div><\/div><div id=\"pg-2187-1\"  class=\"panel-grid panel-no-style\" ><div id=\"pgc-2187-1-0\"  class=\"panel-grid-cell\" ><div id=\"panel-2187-1-0-0\" class=\"so-panel widget widget_headline-widget panel-first-child panel-last-child\" data-index=\"1\" >\t\t<h1>Retours AMF &amp; ESMA | Rapports ESRS audit\u00e9s | Avec la participation de Forvis Mazars<\/h1>\n\t\t<div class=\"decoration\"><div class=\"decoration-inside\"><\/div><\/div>\n\t\t<h3>Replay webinaire 18 novembre 2025 \u00e0 11h30 - 12h30<\/h3>\n\t\t<\/div><\/div><\/div><div id=\"pg-2187-2\"  class=\"panel-grid panel-no-style\" ><div id=\"pgc-2187-2-0\"  class=\"panel-grid-cell panel-grid-cell-empty\" ><\/div><div id=\"pgc-2187-2-1\"  class=\"panel-grid-cell panel-grid-cell-mobile-last\" ><div id=\"panel-2187-2-1-0\" class=\"so-panel widget widget_sow-editor panel-first-child panel-last-child\" data-index=\"2\" ><div\n\t\t\t\n\t\t\tclass=\"so-widget-sow-editor so-widget-sow-editor-base\"\n\t\t\t\n\t\t>\n<div class=\"siteorigin-widget-tinymce textwidget\">\n\t<p>L\u2019AMF (Autorit\u00e9 des March\u00e9s Financiers fran\u00e7ais) et l\u2019ESMA (Autorit\u00e9 Europ\u00e9enne des March\u00e9s Financiers) viennent de publier leurs <strong>analyses de rapports audit\u00e9s conform\u00e9ment aux normes ESRS <\/strong>publi\u00e9s par des soci\u00e9t\u00e9s cot\u00e9es pour l\u2019exercice 2024 (1<sup>\u00e8re<\/sup> vague CSRD).<\/p>\n<p>Leurs retours et recommandations sont tr\u00e8s utiles car ils vous donnent des informations sur les attentes du march\u00e9 financier li\u00e9es \u00e0 vos rapports de durabilit\u00e9.<\/p>\n<p>Avec <strong>notre invit\u00e9e Edwige Rey<\/strong>, associ\u00e9e et responsable du D\u00e9partement RSE &amp; D\u00e9veloppement Durable chez Forvis Mazars France, nous vous invitons \u00e0 une pr\u00e9sentation en ligne des ces retours et recommandations, ainsi qu\u2019\u00e0 une session de questions-r\u00e9ponses, pour vous guider dans la pr\u00e9paration de votre prochain rapport.<\/p>\n<p>Nous allons regarder de plus pr\u00e8s les exigences de publication E1 (Changement Climatique), S1 (Personnel de l\u2019entreprise), ainsi qu\u2019IRO-1 et SBM-3 (Description des processus d\u2019identification et d\u2019\u00e9valuation des IRO mat\u00e9riels et Description des IRO mat\u00e9riels et leur lien avec la strat\u00e9gie et le mod\u00e8le \u00e9conomique).<\/p>\n<p>Le 14 octobre dernier l\u2019ESMA a \u00e9galement publi\u00e9 les priorit\u00e9s de supervision europ\u00e9ennes communes (ECEP) pour les rapports 2025 des soci\u00e9t\u00e9s cot\u00e9es. Nous allons parcourir ensemble ces priorit\u00e9s.<\/p>\n<p>Le webinaire a \u00e9t\u00e9 pr\u00e9sent\u00e9 en fran\u00e7ais le mardi 18 novembre de 11h30-12h30.<\/p>\n<p>Il est maintenant disponible en replay.<\/p>\n<p><strong>Vous \u00eates invit\u00e9s \u00e0 vous inscrire au replay en renseignant le formulaire ci-dessous &gt;&gt;&gt; <\/strong><\/p>\n<p>Il est offert sans frais aux personnes en charge du pilotage RSE &amp; DD et du reporting financier et de durabilit\u00e9 dans une entreprise concern\u00e9e par la CSRD.<\/p>\n<p>Le nombre de places est limit\u00e9. Les inscrits ayant ces r\u00f4les seront prioritaires. Nous vous remercions pour votre compr\u00e9hension.<\/p>\n<p>Gr\u00e2ce au partage d\u2019exp\u00e9riences et aux retours de l'AMF et de l\u2019ESMA sur les rapports ESRS d\u00e9j\u00e0 publi\u00e9s, vous pouvez vous assurer que le temps et les efforts investis b\u00e9n\u00e9ficieront \u00e0 votre entreprise.<\/p>\n<p>Soyez les bienvenu(e)s !<\/p>\n<\/div>\n<\/div><\/div><\/div><div id=\"pgc-2187-2-2\"  class=\"panel-grid-cell panel-grid-cell-empty\" ><\/div><\/div><div id=\"pg-2187-3\"  class=\"panel-grid panel-no-style\" ><div id=\"pgc-2187-3-0\"  class=\"panel-grid-cell panel-grid-cell-empty\" ><\/div><div id=\"pgc-2187-3-1\"  class=\"panel-grid-cell\" ><div id=\"panel-2187-3-1-0\" class=\"widget_text so-panel widget widget_custom_html panel-first-child panel-last-child\" data-index=\"3\" ><div class=\"textwidget custom-html-widget\">\n<div class=\"wpcf7 no-js\" id=\"wpcf7-f2201-o1\" lang=\"en-GB\" dir=\"ltr\" data-wpcf7-id=\"2201\">\n<div class=\"screen-reader-response\"><p role=\"status\" aria-live=\"polite\" aria-atomic=\"true\"><\/p> <ul><\/ul><\/div>\n<form action=\"\/index.php\/wp-json\/wp\/v2\/pages\/2187#wpcf7-f2201-o1\" method=\"post\" class=\"wpcf7-form init\" aria-label=\"Contact form\" novalidate=\"novalidate\" data-status=\"init\">\n<fieldset class=\"hidden-fields-container\"><input type=\"hidden\" name=\"_wpcf7\" value=\"2201\" \/><input type=\"hidden\" name=\"_wpcf7_version\" value=\"6.1.5\" \/><input type=\"hidden\" name=\"_wpcf7_locale\" value=\"en_GB\" \/><input type=\"hidden\" name=\"_wpcf7_unit_tag\" value=\"wpcf7-f2201-o1\" \/><input type=\"hidden\" name=\"_wpcf7_container_post\" value=\"0\" \/><input type=\"hidden\" name=\"_wpcf7_posted_data_hash\" value=\"\" \/>\n<\/fieldset>\n<p><label> Nom*<br \/>\n<span class=\"wpcf7-form-control-wrap\" data-name=\"your-name\"><input size=\"40\" maxlength=\"400\" class=\"wpcf7-form-control wpcf7-text wpcf7-validates-as-required\" autocomplete=\"name\" aria-required=\"true\" aria-invalid=\"false\" value=\"\" type=\"text\" name=\"your-name\" \/><\/span> <\/label>\n<\/p>\n<p><label> E-mail*<br \/>\n<span class=\"wpcf7-form-control-wrap\" data-name=\"your-email\"><input size=\"40\" maxlength=\"400\" class=\"wpcf7-form-control wpcf7-email wpcf7-validates-as-required wpcf7-text wpcf7-validates-as-email\" autocomplete=\"email\" aria-required=\"true\" aria-invalid=\"false\" value=\"\" type=\"email\" name=\"your-email\" \/><\/span> <\/label>\n<\/p>\n<p><label> Organisation*<br \/>\n<span class=\"wpcf7-form-control-wrap\" data-name=\"your-organization\"><input size=\"40\" maxlength=\"400\" class=\"wpcf7-form-control wpcf7-text wpcf7-validates-as-required\" aria-required=\"true\" aria-invalid=\"false\" value=\"\" type=\"text\" name=\"your-organization\" \/><\/span> <\/label>\n<\/p>\n<p><label> Fonction*<br \/>\n<span class=\"wpcf7-form-control-wrap\" data-name=\"your-position\"><input size=\"40\" maxlength=\"400\" class=\"wpcf7-form-control wpcf7-text wpcf7-validates-as-required\" aria-required=\"true\" aria-invalid=\"false\" value=\"\" type=\"text\" name=\"your-position\" \/><\/span> <\/label>\n<\/p>\n<p><label> Votre message (facultatif)<br \/>\n<span class=\"wpcf7-form-control-wrap\" data-name=\"your-message\"><textarea cols=\"40\" rows=\"10\" maxlength=\"2000\" class=\"wpcf7-form-control wpcf7-textarea\" aria-invalid=\"false\" name=\"your-message\"><\/textarea><\/span> <\/label>\n<\/p>\n<p><input class=\"wpcf7-form-control wpcf7-submit has-spinner\" type=\"submit\" value=\"Envoyer ma demande de participation\" \/>\n<\/p><div class=\"wpcf7-response-output\" aria-hidden=\"true\"><\/div>\n<\/form>\n<\/div>\n<\/div><\/div><\/div><\/div><\/div>","protected":false},"excerpt":{"rendered":"<p>Retours AMF &amp; ESMA | Rapports ESRS audit\u00e9s | Avec la participation de Forvis Mazars Replay webinaire 18 novembre 2025 \u00e0 11h30 &#8211; 12h30 L\u2019AMF (Autorit\u00e9 des March\u00e9s Financiers fran\u00e7ais) et l\u2019ESMA (Autorit\u00e9 Europ\u00e9enne des March\u00e9s Financiers) viennent de publier leurs analyses de rapports audit\u00e9s conform\u00e9ment aux normes ESRS publi\u00e9s par des soci\u00e9t\u00e9s cot\u00e9es pour [&hellip;]<\/p>\n","protected":false},"author":1,"featured_media":0,"parent":0,"menu_order":0,"comment_status":"closed","ping_status":"closed","template":"","meta":{"footnotes":""},"class_list":["post-2187","page","type-page","status-publish","hentry","post"],"_links":{"self":[{"href":"https:\/\/cleeritesg.com\/index.php\/wp-json\/wp\/v2\/pages\/2187","targetHints":{"allow":["GET"]}}],"collection":[{"href":"https:\/\/cleeritesg.com\/index.php\/wp-json\/wp\/v2\/pages"}],"about":[{"href":"https:\/\/cleeritesg.com\/index.php\/wp-json\/wp\/v2\/types\/page"}],"author":[{"embeddable":true,"href":"https:\/\/cleeritesg.com\/index.php\/wp-json\/wp\/v2\/users\/1"}],"replies":[{"embeddable":true,"href":"https:\/\/cleeritesg.com\/index.php\/wp-json\/wp\/v2\/comments?post=2187"}],"version-history":[{"count":31,"href":"https:\/\/cleeritesg.com\/index.php\/wp-json\/wp\/v2\/pages\/2187\/revisions"}],"predecessor-version":[{"id":2351,"href":"https:\/\/cleeritesg.com\/index.php\/wp-json\/wp\/v2\/pages\/2187\/revisions\/2351"}],"wp:attachment":[{"href":"https:\/\/cleeritesg.com\/index.php\/wp-json\/wp\/v2\/media?parent=2187"}],"curies":[{"name":"wp","href":"https:\/\/api.w.org\/{rel}","templated":true}]}}