{"id":2175,"date":"2025-10-17T07:03:22","date_gmt":"2025-10-17T06:03:22","guid":{"rendered":"https:\/\/cleeritesg.com\/?page_id=2175"},"modified":"2025-10-31T07:49:17","modified_gmt":"2025-10-31T06:49:17","slug":"hur-kan-vi-hjalpa-till","status":"publish","type":"page","link":"https:\/\/cleeritesg.com\/index.php\/sv\/hur-kan-vi-hjalpa-till\/","title":{"rendered":"Hur kan vi hj\u00e4lpa till?"},"content":{"rendered":"<div id=\"pl-2175\"  class=\"panel-layout\" ><div id=\"pg-2175-0\"  class=\"panel-grid panel-no-style\" ><div id=\"pgc-2175-0-0\"  class=\"panel-grid-cell\" ><\/div><\/div><div id=\"pg-2175-1\"  class=\"panel-grid panel-no-style\" ><div id=\"pgc-2175-1-0\"  class=\"panel-grid-cell\" ><div id=\"panel-2175-1-0-0\" class=\"so-panel widget widget_headline-widget panel-first-child panel-last-child\" data-index=\"1\" >\t\t<h1>V\u00e4lkommen att kontakta oss<\/h1>\n\t\t<div class=\"decoration\"><div class=\"decoration-inside\"><\/div><\/div>\n\t\t<h3>Vi ser fram emot att ber\u00e4tta hur vi kan skapa v\u00e4rde f\u00f6r din organisation. Fyll i det h\u00e4r formul\u00e4ret s\u00e5 \u00e5terkommer vi inom kort.<\/h3>\n\t\t<\/div><\/div><\/div><div id=\"pg-2175-2\"  class=\"panel-grid panel-no-style\" ><div id=\"pgc-2175-2-0\"  class=\"panel-grid-cell panel-grid-cell-empty\" ><\/div><div id=\"pgc-2175-2-1\"  class=\"panel-grid-cell panel-grid-cell-mobile-last\" ><div id=\"panel-2175-2-1-0\" class=\"widget_text so-panel widget widget_custom_html panel-first-child panel-last-child\" data-index=\"2\" ><div class=\"textwidget custom-html-widget\">\n<div class=\"wpcf7 no-js\" id=\"wpcf7-f2173-o1\" lang=\"en-GB\" dir=\"ltr\" data-wpcf7-id=\"2173\">\n<div class=\"screen-reader-response\"><p role=\"status\" aria-live=\"polite\" aria-atomic=\"true\"><\/p> <ul><\/ul><\/div>\n<form action=\"\/index.php\/wp-json\/wp\/v2\/pages\/2175#wpcf7-f2173-o1\" method=\"post\" class=\"wpcf7-form init\" aria-label=\"Contact form\" novalidate=\"novalidate\" data-status=\"init\">\n<fieldset class=\"hidden-fields-container\"><input type=\"hidden\" name=\"_wpcf7\" value=\"2173\" \/><input type=\"hidden\" name=\"_wpcf7_version\" value=\"6.1.5\" \/><input type=\"hidden\" name=\"_wpcf7_locale\" value=\"en_GB\" \/><input type=\"hidden\" name=\"_wpcf7_unit_tag\" value=\"wpcf7-f2173-o1\" \/><input type=\"hidden\" name=\"_wpcf7_container_post\" value=\"0\" \/><input type=\"hidden\" name=\"_wpcf7_posted_data_hash\" value=\"\" \/>\n<\/fieldset>\n<p><label> Ditt namn*<br \/>\n<span class=\"wpcf7-form-control-wrap\" data-name=\"your-name\"><input size=\"40\" maxlength=\"400\" class=\"wpcf7-form-control wpcf7-text wpcf7-validates-as-required\" autocomplete=\"name\" aria-required=\"true\" aria-invalid=\"false\" value=\"\" type=\"text\" name=\"your-name\" \/><\/span> <\/label>\n<\/p>\n<p><label> Din e-post*<br \/>\n<span class=\"wpcf7-form-control-wrap\" data-name=\"your-email\"><input size=\"40\" maxlength=\"400\" class=\"wpcf7-form-control wpcf7-email wpcf7-validates-as-required wpcf7-text wpcf7-validates-as-email\" autocomplete=\"email\" aria-required=\"true\" aria-invalid=\"false\" value=\"\" type=\"email\" name=\"your-email\" \/><\/span> <\/label>\n<\/p>\n<p><label> Din organisation*<br \/>\n<span class=\"wpcf7-form-control-wrap\" data-name=\"your-organization\"><input size=\"40\" maxlength=\"400\" class=\"wpcf7-form-control wpcf7-text wpcf7-validates-as-required\" aria-required=\"true\" aria-invalid=\"false\" value=\"\" type=\"text\" name=\"your-organization\" \/><\/span> <\/label>\n<\/p>\n<p><label> Din yrkesroll<br \/>\n<span class=\"wpcf7-form-control-wrap\" data-name=\"your-position\"><input size=\"40\" maxlength=\"400\" class=\"wpcf7-form-control wpcf7-text\" aria-invalid=\"false\" value=\"\" type=\"text\" name=\"your-position\" \/><\/span> <\/label>\n<\/p>\n<p><label> Telefon<br \/>\n<span class=\"wpcf7-form-control-wrap\" data-name=\"your-phone\"><input size=\"40\" maxlength=\"400\" class=\"wpcf7-form-control wpcf7-tel wpcf7-text wpcf7-validates-as-tel\" aria-invalid=\"false\" value=\"\" type=\"tel\" name=\"your-phone\" \/><\/span> <\/label>\n<\/p>\n<p><label> Vad \u00e4r du mest intresserad av?<br \/>\n<span class=\"wpcf7-form-control-wrap\" data-name=\"Maininterest\"><select class=\"wpcf7-form-control wpcf7-select wpcf7-validates-as-required\" aria-required=\"true\" aria-invalid=\"false\" name=\"Maininterest\"><option value=\"ESRS (CSRD) rapportering\">ESRS (CSRD) rapportering<\/option><option value=\"VSME rapportering\">VSME rapportering<\/option><option value=\"IFRS-S rapportering\">IFRS-S rapportering<\/option><option value=\"Cleerit Academy\">Cleerit Academy<\/option><option value=\"ESRS v\u00e4gledning\">ESRS v\u00e4gledning<\/option><option value=\"Delta i ett webinar (v\u00e4nligen ange webinar i meddelandet)\">Delta i ett webinar (v\u00e4nligen ange webinar i meddelandet)<\/option><option value=\"Cleerit EPM (Verksamhetsstyrning)\">Cleerit EPM (Verksamhetsstyrning)<\/option><option value=\"Annat (ber\u00e4tta g\u00e4rna mer i meddelandet)\">Annat (ber\u00e4tta g\u00e4rna mer i meddelandet)<\/option><\/select><\/span> <\/label>\n<\/p>\n<p><label> Meddelande (ej obligatoriskt)<br \/>\n<span class=\"wpcf7-form-control-wrap\" data-name=\"your-message\"><textarea cols=\"40\" rows=\"10\" maxlength=\"2000\" class=\"wpcf7-form-control wpcf7-textarea\" aria-invalid=\"false\" name=\"your-message\"><\/textarea><\/span> <\/label>\n<\/p>\n<p><input class=\"wpcf7-form-control wpcf7-submit has-spinner\" type=\"submit\" value=\"Skicka min kontaktf\u00f6rfr\u00e5gan\" \/>\n<\/p><div class=\"wpcf7-response-output\" aria-hidden=\"true\"><\/div>\n<\/form>\n<\/div>\n<\/div><\/div><\/div><div id=\"pgc-2175-2-2\"  class=\"panel-grid-cell panel-grid-cell-empty\" ><\/div><\/div><\/div>","protected":false},"excerpt":{"rendered":"<p>V\u00e4lkommen att kontakta oss Vi ser fram emot att ber\u00e4tta hur vi kan skapa v\u00e4rde f\u00f6r din organisation. Fyll i det h\u00e4r formul\u00e4ret s\u00e5 \u00e5terkommer vi inom kort. Ditt namn* Din e-post* Din organisation* Din yrkesroll Telefon Vad \u00e4r du mest intresserad av? ESRS (CSRD) rapporteringVSME rapporteringIFRS-S rapporteringCleerit AcademyESRS v\u00e4gledningDelta i ett webinar (v\u00e4nligen ange [&hellip;]<\/p>\n","protected":false},"author":1,"featured_media":0,"parent":0,"menu_order":0,"comment_status":"closed","ping_status":"closed","template":"","meta":{"footnotes":""},"class_list":["post-2175","page","type-page","status-publish","hentry","post"],"_links":{"self":[{"href":"https:\/\/cleeritesg.com\/index.php\/wp-json\/wp\/v2\/pages\/2175","targetHints":{"allow":["GET"]}}],"collection":[{"href":"https:\/\/cleeritesg.com\/index.php\/wp-json\/wp\/v2\/pages"}],"about":[{"href":"https:\/\/cleeritesg.com\/index.php\/wp-json\/wp\/v2\/types\/page"}],"author":[{"embeddable":true,"href":"https:\/\/cleeritesg.com\/index.php\/wp-json\/wp\/v2\/users\/1"}],"replies":[{"embeddable":true,"href":"https:\/\/cleeritesg.com\/index.php\/wp-json\/wp\/v2\/comments?post=2175"}],"version-history":[{"count":2,"href":"https:\/\/cleeritesg.com\/index.php\/wp-json\/wp\/v2\/pages\/2175\/revisions"}],"predecessor-version":[{"id":2255,"href":"https:\/\/cleeritesg.com\/index.php\/wp-json\/wp\/v2\/pages\/2175\/revisions\/2255"}],"wp:attachment":[{"href":"https:\/\/cleeritesg.com\/index.php\/wp-json\/wp\/v2\/media?parent=2175"}],"curies":[{"name":"wp","href":"https:\/\/api.w.org\/{rel}","templated":true}]}}