{"id":1935,"date":"2025-10-03T14:15:19","date_gmt":"2025-10-03T13:15:19","guid":{"rendered":"https:\/\/cleeritesg.com\/?page_id=1935"},"modified":"2026-04-10T09:42:24","modified_gmt":"2026-04-10T08:42:24","slug":"cleerit-esg","status":"publish","type":"page","link":"https:\/\/cleeritesg.com\/index.php\/sv\/cleerit-esg\/","title":{"rendered":"Cleerit ESG"},"content":{"rendered":"<div id=\"pl-gb1935-69da7780b2c83\"  class=\"panel-layout\" ><div id=\"pg-gb1935-69da7780b2c83-0\"  class=\"panel-grid panel-no-style\" ><div id=\"pgc-gb1935-69da7780b2c83-0-0\"  class=\"panel-grid-cell\" ><\/div><\/div><div id=\"pg-gb1935-69da7780b2c83-1\"  class=\"panel-grid panel-no-style\" ><div id=\"pgc-gb1935-69da7780b2c83-1-0\"  class=\"panel-grid-cell\" ><div id=\"panel-gb1935-69da7780b2c83-1-0-0\" class=\"so-panel widget widget_circleicon-widget panel-first-child panel-last-child\" data-index=\"1\" >\t\t<div class=\"circle-icon-box circle-icon-position-top circle-icon-hide-box circle-icon-size-small \">\n\t\t\t\t\t\t\t<div class=\"circle-icon-wrapper\">\n\t\t\t\t\t\t\t\t\t\t<div class=\"circle-icon icon-style-set\" style=\"background-color: #222222\">\n\t\t\t\t\t\t\t\t\t\t\t\t\t<div class=\"fa fa-pencil-square-o\" ><\/div>\n\t\t\t\t\t\t\t\t\t\t\t<\/div> \n\t\t\t\t\t\t\t\t\t<\/div>\n\t\t\t\n\t\t\t\t\t\t\t\t\t\t<h4 style=\"color: #222222\">\n\t\t\t\t\tRedo f\u00f6r CSRD\t\t\t\t<\/h4>\n\t\t\t\t\t\t\n\t\t\t\t\t\t\t<p class=\"text\" style=\"color: #222222\">Vi hj\u00e4lper dig att optimera ESG\u2011resultaten och f\u00f6rbereda organisationen f\u00f6r CSRD \u2013 och integrera h\u00e5llbarhet i strategin f\u00f6r att st\u00e4rka verksamhetens utveckling, med anpassade processer, mallar och v\u00e4gledning<\/p>\n\t\t\t\t\t\t\t\t<\/div>\n\t\t<\/div><\/div><div id=\"pgc-gb1935-69da7780b2c83-1-1\"  class=\"panel-grid-cell\" ><div id=\"panel-gb1935-69da7780b2c83-1-1-0\" class=\"so-panel widget widget_circleicon-widget panel-first-child panel-last-child\" data-index=\"2\" >\t\t<div class=\"circle-icon-box circle-icon-position-top circle-icon-hide-box circle-icon-size-small \">\n\t\t\t\t\t\t\t<div class=\"circle-icon-wrapper\">\n\t\t\t\t\t\t\t\t\t\t<div class=\"circle-icon\" >\n\t\t\t\t\t\t\t\t\t\t\t\t\t<div class=\"fa fa-calculator\" ><\/div>\n\t\t\t\t\t\t\t\t\t\t\t<\/div> \n\t\t\t\t\t\t\t\t\t<\/div>\n\t\t\t\n\t\t\t\t\t\t\t\t\t\t<h4 style=\"color: #222222\">\n\t\t\t\t\tVetenskapsbaserad\t\t\t\t<\/h4>\n\t\t\t\t\t\t\n\t\t\t\t\t\t\t<p class=\"text\" style=\"color: #222222\">V\u00e5r l\u00f6sning hj\u00e4lper dig att effektivt hantera och rapportera h\u00e5llbarhetsfr\u00e5gor, minimera risker, frig\u00f6ra v\u00e4rdet i dina v\u00e4sentlighetsanalyser och skapa anpassade handlingsplaner f\u00f6r strategisk framg\u00e5ng<\/p>\n\t\t\t\t\t\t\t\t<\/div>\n\t\t<\/div><\/div><div id=\"pgc-gb1935-69da7780b2c83-1-2\"  class=\"panel-grid-cell\" ><div id=\"panel-gb1935-69da7780b2c83-1-2-0\" class=\"so-panel widget widget_circleicon-widget panel-first-child panel-last-child\" data-index=\"3\" >\t\t<div class=\"circle-icon-box circle-icon-position-top circle-icon-hide-box circle-icon-size-small \">\n\t\t\t\t\t\t\t<div class=\"circle-icon-wrapper\">\n\t\t\t\t\t\t\t\t\t\t<div class=\"circle-icon icon-style-set\" style=\"background-color: #222222\">\n\t\t\t\t\t\t\t\t\t\t\t\t\t<div class=\"fa fa-clock-o\" ><\/div>\n\t\t\t\t\t\t\t\t\t\t\t<\/div> \n\t\t\t\t\t\t\t\t\t<\/div>\n\t\t\t\n\t\t\t\t\t\t\t\t\t\t<h4 style=\"color: #222222\">\n\t\t\t\t\tFramtidss\u00e4krad\t\t\t\t<\/h4>\n\t\t\t\t\t\t\n\t\t\t\t\t\t\t<p class=\"text\" >Men framf\u00f6r allt hj\u00e4lper vi dig att bygga kapacitet och motst\u00e5ndskraft f\u00f6r att framtidss\u00e4kra din verksamhet och skapa h\u00e5llbara konkurrensf\u00f6rdelar \u2013 genom att ge dig full \u00f6verblick f\u00f6r att fatta v\u00e4lgrundade beslut<\/p>\n\t\t\t\t\t\t\t\t<\/div>\n\t\t<\/div><\/div><\/div><div id=\"pg-gb1935-69da7780b2c83-2\"  class=\"panel-grid panel-no-style\" ><div id=\"pgc-gb1935-69da7780b2c83-2-0\"  class=\"panel-grid-cell\" ><div id=\"panel-gb1935-69da7780b2c83-2-0-0\" class=\"so-panel widget widget_circleicon-widget panel-first-child\" data-index=\"4\" >\t\t<div class=\"circle-icon-box circle-icon-position-top circle-icon-hide-box circle-icon-size-small \">\n\t\t\t\t\t\t\t<div class=\"circle-icon-wrapper\">\n\t\t\t\t\t\t\t\t\t\t<div class=\"circle-icon icon-style-set\" style=\"background-color: #cf0c69\">\n\t\t\t\t\t\t\t\t\t\t\t\t\t<div class=\"fa fa-toggle-right\" ><\/div>\n\t\t\t\t\t\t\t\t\t\t\t<\/div> \n\t\t\t\t\t\t\t\t\t<\/div>\n\t\t\t\n\t\t\t\t\t\t\t\t\t\t<h4 style=\"color: #222222\">\n\t\t\t\t\tUppfyll CSRD &#038; ESRS krav\t\t\t\t<\/h4>\n\t\t\t\t\t\t\n\t\t\t\t\t\t\t<p class=\"text\" style=\"color: #222222\">S\u00e4kerst\u00e4ll efterlevnad av ESRS och interoperabilitet med IFRS\u2011S genom att strukturera dina ESG\u2011processer och data \u2013 med inbyggd v\u00e4gledning och st\u00f6d f\u00f6r revision<\/p>\n\t\t\t\t\t\t\t\t<\/div>\n\t\t<\/div><div id=\"panel-gb1935-69da7780b2c83-2-0-1\" class=\"so-panel widget widget_circleicon-widget panel-last-child\" data-index=\"5\" >\t\t<div class=\"circle-icon-box circle-icon-position-top circle-icon-hide-box circle-icon-size-small \">\n\t\t\t\t\t\t\t<div class=\"circle-icon-wrapper\">\n\t\t\t\t\t\t\t\t\t\t<div class=\"circle-icon icon-style-set\" style=\"background-color: #cf0c69\">\n\t\t\t\t\t\t\t\t\t\t\t\t\t<div class=\"fa fa-compass\" ><\/div>\n\t\t\t\t\t\t\t\t\t\t\t<\/div> \n\t\t\t\t\t\t\t\t\t<\/div>\n\t\t\t\n\t\t\t\t\t\t\t\t\t\t<h4 style=\"color: #222222\">\n\t\t\t\t\tImplementering av ESG-strategi\t\t\t\t<\/h4>\n\t\t\t\t\t\t\n\t\t\t\t\t\t\t<p class=\"text\" style=\"color: #222222\">Tydligg\u00f6r och genomf\u00f6r dina h\u00e5llbarhetsstrategier, integrera dem i k\u00e4rnverksamheten, och f\u00e5 \u00f6verblick och kontroll f\u00f6r att prioritera och fatta r\u00e4tt beslut<\/p>\n\t\t\t\t\t\t\t\t<\/div>\n\t\t<\/div><\/div><div id=\"pgc-gb1935-69da7780b2c83-2-1\"  class=\"panel-grid-cell\" ><div id=\"panel-gb1935-69da7780b2c83-2-1-0\" class=\"so-panel widget widget_circleicon-widget panel-first-child\" data-index=\"6\" >\t\t<div class=\"circle-icon-box circle-icon-position-top circle-icon-hide-box circle-icon-size-small \">\n\t\t\t\t\t\t\t<div class=\"circle-icon-wrapper\">\n\t\t\t\t\t\t\t\t\t\t<div class=\"circle-icon icon-style-set\" style=\"background-color: #cf0c69\">\n\t\t\t\t\t\t\t\t\t\t\t\t\t<div class=\"fa fa-map-o\" ><\/div>\n\t\t\t\t\t\t\t\t\t\t\t<\/div> \n\t\t\t\t\t\t\t\t\t<\/div>\n\t\t\t\n\t\t\t\t\t\t\t\t\t\t<h4 style=\"color: #222222\">\n\t\t\t\t\tDubbel v\u00e4sentlighetsanalys\t\t\t\t<\/h4>\n\t\t\t\t\t\t\n\t\t\t\t\t\t\t<p class=\"text\" style=\"color: #222222\">Genomf\u00f6r guidade dubbla v\u00e4sentlighetsanalyser f\u00f6r att identifiera verkliga m\u00f6jligheter, prioritera r\u00e4tt fr\u00e5gor och m\u00f6ta intressenternas f\u00f6rv\u00e4ntningar<\/p>\n\t\t\t\t\t\t\t\t<\/div>\n\t\t<\/div><div id=\"panel-gb1935-69da7780b2c83-2-1-1\" class=\"so-panel widget widget_circleicon-widget panel-last-child\" data-index=\"7\" >\t\t<div class=\"circle-icon-box circle-icon-position-top circle-icon-hide-box circle-icon-size-small \">\n\t\t\t\t\t\t\t<div class=\"circle-icon-wrapper\">\n\t\t\t\t\t\t\t\t\t\t<div class=\"circle-icon icon-style-set\" style=\"background-color: #cf0c69\">\n\t\t\t\t\t\t\t\t\t\t\t\t\t<div class=\"fa fa-puzzle-piece\" ><\/div>\n\t\t\t\t\t\t\t\t\t\t\t<\/div> \n\t\t\t\t\t\t\t\t\t<\/div>\n\t\t\t\n\t\t\t\t\t\t\t\t\t\t<h4 style=\"color: #222222\">\n\t\t\t\t\tRoadmap f\u00f6r h\u00e5llbarhet\t\t\t\t<\/h4>\n\t\t\t\t\t\t\n\t\t\t\t\t\t\t<p class=\"text\" style=\"color: #222222\">Koppla v\u00e4sentliga h\u00e5llbarhetsfr\u00e5gor till policyer, m\u00e5l, \u00e5tg\u00e4rder och m\u00e5tt, och hantera din f\u00e4rdplan effektivt med aktivitets-, resurs-, tids- och uppgiftsplanering<\/p>\n\t\t\t\t\t\t\t\t<\/div>\n\t\t<\/div><\/div><div id=\"pgc-gb1935-69da7780b2c83-2-2\"  class=\"panel-grid-cell\" ><div id=\"panel-gb1935-69da7780b2c83-2-2-0\" class=\"so-panel widget widget_circleicon-widget panel-first-child\" data-index=\"8\" >\t\t<div class=\"circle-icon-box circle-icon-position-top circle-icon-hide-box circle-icon-size-small \">\n\t\t\t\t\t\t\t<div class=\"circle-icon-wrapper\">\n\t\t\t\t\t\t\t\t\t\t<div class=\"circle-icon icon-style-set\" style=\"background-color: #cf0c69\">\n\t\t\t\t\t\t\t\t\t\t\t\t\t<div class=\"fa fa-fire-extinguisher\" ><\/div>\n\t\t\t\t\t\t\t\t\t\t\t<\/div> \n\t\t\t\t\t\t\t\t\t<\/div>\n\t\t\t\n\t\t\t\t\t\t\t\t\t\t<h4 style=\"color: #222222\">\n\t\t\t\t\tIRO-hantering\t\t\t\t<\/h4>\n\t\t\t\t\t\t\n\t\t\t\t\t\t\t<p class=\"text\" style=\"color: #222222\">Analysera h\u00e5llbarhetsinverkan, risker och m\u00f6jligheter \u2013 och oms\u00e4tt insikterna i handlingsplaner som st\u00e4rker motst\u00e5ndskraften och driver h\u00e5llbara strategier<\/p>\n\t\t\t\t\t\t\t\t<\/div>\n\t\t<\/div><div id=\"panel-gb1935-69da7780b2c83-2-2-1\" class=\"so-panel widget widget_circleicon-widget panel-last-child\" data-index=\"9\" >\t\t<div class=\"circle-icon-box circle-icon-position-top circle-icon-hide-box circle-icon-size-small \">\n\t\t\t\t\t\t\t<div class=\"circle-icon-wrapper\">\n\t\t\t\t\t\t\t\t\t\t<div class=\"circle-icon icon-style-set\" style=\"background-color: #cf0c69\">\n\t\t\t\t\t\t\t\t\t\t\t\t\t<div class=\"fa fa-pencil\" ><\/div>\n\t\t\t\t\t\t\t\t\t\t\t<\/div> \n\t\t\t\t\t\t\t\t\t<\/div>\n\t\t\t\n\t\t\t\t\t\t\t\t\t\t<h4 style=\"color: #222222\">\n\t\t\t\t\tAutomatiserad h\u00e5llbarhetsrapportering\t\t\t\t<\/h4>\n\t\t\t\t\t\t\n\t\t\t\t\t\t\t<p class=\"text\" style=\"color: #222222\">Automatisera h\u00e5llbarhetsrapporteringen med digitala ESRS-mallar, inkluderande styrprocesser samt insamling och validering av b\u00e5de kvantitativ och narrativ data<\/p>\n\t\t\t\t\t\t\t\t<\/div>\n\t\t<\/div><\/div><\/div><div id=\"pg-gb1935-69da7780b2c83-3\"  class=\"panel-grid panel-no-style\" ><div id=\"pgc-gb1935-69da7780b2c83-3-0\"  class=\"panel-grid-cell\" ><div id=\"panel-gb1935-69da7780b2c83-3-0-0\" class=\"so-panel widget widget_sow-button panel-first-child panel-last-child\" data-index=\"10\" ><div\n\t\t\t\n\t\t\tclass=\"so-widget-sow-button so-widget-sow-button-flat-8173eead46dd-1935\"\n\t\t\t\n\t\t><div class=\"ow-button-base ow-button-align-center\"\n>\n\t\t\t<a\n\t\t\t\t\thref=\"https:\/\/cleeritesg.com\/index.php\/book-a-demo\/\"\n\t\t\t\t\tclass=\"sowb-button ow-icon-placement-left ow-button-hover\" target=\"_blank\" rel=\"noopener noreferrer\" \t>\n\t\t<span>\n\t\t\t<span class=\"sow-icon-fontawesome sow-far\" data-sow-icon=\"&#xf35a;\"\n\t\tstyle=\"color: #cf0c69\" \n\t\taria-hidden=\"true\"><\/span>\n\t\t\tBoka en demo\t\t<\/span>\n\t\t\t<\/a>\n\t<\/div>\n<\/div><\/div><\/div><\/div><div id=\"pg-gb1935-69da7780b2c83-4\"  class=\"panel-grid panel-no-style\" ><div id=\"pgc-gb1935-69da7780b2c83-4-0\"  class=\"panel-grid-cell\" ><div id=\"panel-gb1935-69da7780b2c83-4-0-0\" class=\"so-panel widget widget_sow-image panel-first-child\" data-index=\"11\" ><div\n\t\t\t\n\t\t\tclass=\"so-widget-sow-image so-widget-sow-image-default-8b5b6f678277-1935\"\n\t\t\t\n\t\t>\n<div class=\"sow-image-container\">\n\t\t<img \n\tsrc=\"https:\/\/cleeritesg.com\/wp-content\/uploads\/2025\/10\/DMA-IRO-hantering.png\" width=\"1080\" height=\"1350\" srcset=\"https:\/\/cleeritesg.com\/wp-content\/uploads\/2025\/10\/DMA-IRO-hantering.png 1080w, https:\/\/cleeritesg.com\/wp-content\/uploads\/2025\/10\/DMA-IRO-hantering-240x300.png 240w, https:\/\/cleeritesg.com\/wp-content\/uploads\/2025\/10\/DMA-IRO-hantering-819x1024.png 819w, https:\/\/cleeritesg.com\/wp-content\/uploads\/2025\/10\/DMA-IRO-hantering-768x960.png 768w\" sizes=\"(max-width: 1080px) 100vw, 1080px\" title=\"DMA &#038; IRO-hantering\" alt=\"\" \t\tclass=\"so-widget-image\"\/>\n\t<\/div>\n\n<\/div><\/div><div id=\"panel-gb1935-69da7780b2c83-4-0-1\" class=\"so-panel widget widget_sow-image panel-last-child\" data-index=\"12\" ><div\n\t\t\t\n\t\t\tclass=\"so-widget-sow-image so-widget-sow-image-default-8b5b6f678277-1935\"\n\t\t\t\n\t\t>\n<div class=\"sow-image-container\">\n\t\t<img \n\tsrc=\"https:\/\/cleeritesg.com\/wp-content\/uploads\/2025\/10\/ESRS-klara-rapportmallar-med-vagledning.png\" width=\"1080\" height=\"1350\" srcset=\"https:\/\/cleeritesg.com\/wp-content\/uploads\/2025\/10\/ESRS-klara-rapportmallar-med-vagledning.png 1080w, https:\/\/cleeritesg.com\/wp-content\/uploads\/2025\/10\/ESRS-klara-rapportmallar-med-vagledning-240x300.png 240w, https:\/\/cleeritesg.com\/wp-content\/uploads\/2025\/10\/ESRS-klara-rapportmallar-med-vagledning-819x1024.png 819w, https:\/\/cleeritesg.com\/wp-content\/uploads\/2025\/10\/ESRS-klara-rapportmallar-med-vagledning-768x960.png 768w\" sizes=\"(max-width: 1080px) 100vw, 1080px\" title=\"ESRS-klara rapportmallar med v\u00e4gledning\" alt=\"\" \t\tclass=\"so-widget-image\"\/>\n\t<\/div>\n\n<\/div><\/div><\/div><div id=\"pgc-gb1935-69da7780b2c83-4-1\"  class=\"panel-grid-cell\" ><div id=\"panel-gb1935-69da7780b2c83-4-1-0\" class=\"so-panel widget widget_sow-image panel-first-child\" data-index=\"13\" ><div\n\t\t\t\n\t\t\tclass=\"so-widget-sow-image so-widget-sow-image-default-8b5b6f678277-1935\"\n\t\t\t\n\t\t>\n<div class=\"sow-image-container\">\n\t\t<img \n\tsrc=\"https:\/\/cleeritesg.com\/wp-content\/uploads\/2025\/10\/ESG-datainsamling-validering.png\" width=\"1080\" height=\"1350\" srcset=\"https:\/\/cleeritesg.com\/wp-content\/uploads\/2025\/10\/ESG-datainsamling-validering.png 1080w, https:\/\/cleeritesg.com\/wp-content\/uploads\/2025\/10\/ESG-datainsamling-validering-240x300.png 240w, https:\/\/cleeritesg.com\/wp-content\/uploads\/2025\/10\/ESG-datainsamling-validering-819x1024.png 819w, https:\/\/cleeritesg.com\/wp-content\/uploads\/2025\/10\/ESG-datainsamling-validering-768x960.png 768w\" sizes=\"(max-width: 1080px) 100vw, 1080px\" title=\"ESG-datainsamling &#038; validering\" alt=\"\" \t\tclass=\"so-widget-image\"\/>\n\t<\/div>\n\n<\/div><\/div><div id=\"panel-gb1935-69da7780b2c83-4-1-1\" class=\"so-panel widget widget_sow-image panel-last-child\" data-index=\"14\" ><div\n\t\t\t\n\t\t\tclass=\"so-widget-sow-image so-widget-sow-image-default-8b5b6f678277-1935\"\n\t\t\t\n\t\t>\n<div class=\"sow-image-container\">\n\t\t<img \n\tsrc=\"https:\/\/cleeritesg.com\/wp-content\/uploads\/2025\/10\/Realtidsoversyn-for-ledning-styrelse.png\" width=\"1080\" height=\"1350\" srcset=\"https:\/\/cleeritesg.com\/wp-content\/uploads\/2025\/10\/Realtidsoversyn-for-ledning-styrelse.png 1080w, https:\/\/cleeritesg.com\/wp-content\/uploads\/2025\/10\/Realtidsoversyn-for-ledning-styrelse-240x300.png 240w, https:\/\/cleeritesg.com\/wp-content\/uploads\/2025\/10\/Realtidsoversyn-for-ledning-styrelse-819x1024.png 819w, https:\/\/cleeritesg.com\/wp-content\/uploads\/2025\/10\/Realtidsoversyn-for-ledning-styrelse-768x960.png 768w\" sizes=\"(max-width: 1080px) 100vw, 1080px\" title=\"Realtids\u00f6versyn f\u00f6r ledning &#038; styrelse\" alt=\"\" \t\tclass=\"so-widget-image\"\/>\n\t<\/div>\n\n<\/div><\/div><\/div><\/div><div id=\"pg-gb1935-69da7780b2c83-5\"  class=\"panel-grid panel-no-style\" ><div id=\"pgc-gb1935-69da7780b2c83-5-0\"  class=\"panel-grid-cell\" ><\/div><\/div><div id=\"pg-gb1935-69da7780b2c83-6\"  class=\"panel-grid panel-no-style\" ><div id=\"pgc-gb1935-69da7780b2c83-6-0\"  class=\"panel-grid-cell\" ><div id=\"panel-gb1935-69da7780b2c83-6-0-0\" class=\"so-panel widget widget_sow-button panel-first-child panel-last-child\" data-index=\"16\" ><div\n\t\t\t\n\t\t\tclass=\"so-widget-sow-button so-widget-sow-button-flat-a74abc27d602-1935\"\n\t\t\t\n\t\t><div class=\"ow-button-base ow-button-align-center\"\n>\n\t\t\t<a\n\t\t\t\t\thref=\"https:\/\/cleeritesg.com\/index.php\/book-a-demo\/\"\n\t\t\t\t\tclass=\"sowb-button ow-icon-placement-left ow-button-hover\" target=\"_blank\" rel=\"noopener noreferrer\" \t>\n\t\t<span>\n\t\t\t<span class=\"sow-icon-fontawesome sow-far\" data-sow-icon=\"&#xf35a;\"\n\t\tstyle=\"color: #ffffff\" \n\t\taria-hidden=\"true\"><\/span>\n\t\t\tBoka en demo\t\t<\/span>\n\t\t\t<\/a>\n\t<\/div>\n<\/div><\/div><\/div><\/div><div id=\"pg-gb1935-69da7780b2c83-7\"  class=\"panel-grid panel-no-style\" ><div id=\"pgc-gb1935-69da7780b2c83-7-0\"  class=\"panel-grid-cell\" ><\/div><\/div><\/div>","protected":false},"excerpt":{"rendered":"","protected":false},"author":1,"featured_media":0,"parent":0,"menu_order":0,"comment_status":"closed","ping_status":"closed","template":"home-panels.php","meta":{"footnotes":""},"class_list":["post-1935","page","type-page","status-publish","hentry","post"],"_links":{"self":[{"href":"https:\/\/cleeritesg.com\/index.php\/wp-json\/wp\/v2\/pages\/1935","targetHints":{"allow":["GET"]}}],"collection":[{"href":"https:\/\/cleeritesg.com\/index.php\/wp-json\/wp\/v2\/pages"}],"about":[{"href":"https:\/\/cleeritesg.com\/index.php\/wp-json\/wp\/v2\/types\/page"}],"author":[{"embeddable":true,"href":"https:\/\/cleeritesg.com\/index.php\/wp-json\/wp\/v2\/users\/1"}],"replies":[{"embeddable":true,"href":"https:\/\/cleeritesg.com\/index.php\/wp-json\/wp\/v2\/comments?post=1935"}],"version-history":[{"count":57,"href":"https:\/\/cleeritesg.com\/index.php\/wp-json\/wp\/v2\/pages\/1935\/revisions"}],"predecessor-version":[{"id":2860,"href":"https:\/\/cleeritesg.com\/index.php\/wp-json\/wp\/v2\/pages\/1935\/revisions\/2860"}],"wp:attachment":[{"href":"https:\/\/cleeritesg.com\/index.php\/wp-json\/wp\/v2\/media?parent=1935"}],"curies":[{"name":"wp","href":"https:\/\/api.w.org\/{rel}","templated":true}]}}