{"id":1284,"date":"2025-01-26T16:29:57","date_gmt":"2025-01-26T15:29:57","guid":{"rendered":"https:\/\/cleeritesg.com\/?page_id=1284"},"modified":"2026-01-22T11:50:11","modified_gmt":"2026-01-22T10:50:11","slug":"vsme-fr","status":"publish","type":"page","link":"https:\/\/cleeritesg.com\/index.php\/fr\/vsme-fr\/","title":{"rendered":"VSME"},"content":{"rendered":"<div id=\"pl-1284\"  class=\"panel-layout\" ><div id=\"pg-1284-0\"  class=\"panel-grid panel-has-style\" ><div class=\"siteorigin-panels-stretch panel-row-style-full-width panel-row-style panel-row-style-for-1284-0\" data-stretch-type=\"full-width-stretch\" ><div id=\"pgc-1284-0-0\"  class=\"panel-grid-cell\" ><\/div><\/div><\/div><div id=\"pg-1284-1\"  class=\"panel-grid panel-no-style\" ><div id=\"pgc-1284-1-0\"  class=\"panel-grid-cell\" ><div id=\"panel-1284-1-0-0\" class=\"so-panel widget widget_headline-widget panel-first-child panel-last-child\" data-index=\"1\" >\t\t<h1>Pr\u00e9parez et g\u00e9rez votre rapport de durabilit\u00e9 avec VSME<\/h1>\n\t\t<div class=\"decoration\"><div class=\"decoration-inside\"><\/div><\/div>\n\t\t<h3>Une solution \u00e0 guichet unique con\u00e7ue par l'EFRAG dans le cadre du plan d'aide aux PME de l'UE<\/h3>\n\t\t<\/div><\/div><\/div><div id=\"pg-1284-2\"  class=\"panel-grid panel-no-style\" ><div id=\"pgc-1284-2-0\"  class=\"panel-grid-cell\" ><div id=\"panel-1284-2-0-0\" class=\"so-panel widget widget_circleicon-widget panel-first-child panel-last-child\" data-index=\"2\" >\t\t<div class=\"circle-icon-box circle-icon-position-top circle-icon-hide-box circle-icon-size-small \">\n\t\t\t\t\t\t\t<div class=\"circle-icon-wrapper\">\n\t\t\t\t\t\t\t\t\t\t<div class=\"circle-icon icon-style-set\" style=\"background-color: #202c3f\">\n\t\t\t\t\t\t\t\t\t\t\t\t\t<div class=\"fa fa-reply-all\" style=\"color: #dae633\"><\/div>\n\t\t\t\t\t\t\t\t\t\t\t<\/div> \n\t\t\t\t\t\t\t\t\t<\/div>\n\t\t\t\n\t\t\t\t\t\t\t\t\t\t<h4 >\n\t\t\t\t\tR\u00e9pondre aux demandes de donn\u00e9es\t\t\t\t<\/h4>\n\t\t\t\t\t\t\n\t\t\t\t\t\t\t<p class=\"text\" style=\"color: #202c3f\">R\u00e9pondez aux demandes croissantes de donn\u00e9es sur la durabilit\u00e9 avec un mod\u00e8le de rapport VSME en ligne<\/p>\n\t\t\t\t\t\t\t\t<\/div>\n\t\t<\/div><\/div><div id=\"pgc-1284-2-1\"  class=\"panel-grid-cell\" ><div id=\"panel-1284-2-1-0\" class=\"so-panel widget widget_circleicon-widget panel-first-child panel-last-child\" data-index=\"3\" >\t\t<div class=\"circle-icon-box circle-icon-position-top circle-icon-hide-box circle-icon-size-small \">\n\t\t\t\t\t\t\t<div class=\"circle-icon-wrapper\">\n\t\t\t\t\t\t\t\t\t\t<div class=\"circle-icon icon-style-set\" style=\"background-color: #202c3f\">\n\t\t\t\t\t\t\t\t\t\t\t\t\t<div class=\"fa fa-bar-chart\" style=\"color: #dae633\"><\/div>\n\t\t\t\t\t\t\t\t\t\t\t<\/div> \n\t\t\t\t\t\t\t\t\t<\/div>\n\t\t\t\n\t\t\t\t\t\t\t\t\t\t<h4 >\n\t\t\t\t\tG\u00e9rer les performances de durabilit\u00e9\t\t\t\t<\/h4>\n\t\t\t\t\t\t\n\t\t\t\t\t\t\t<p class=\"text\" style=\"color: #202c3f\">G\u00e9rez votre performance de durabilit\u00e9 pour contribuer \u00e0 une \u00e9conomie durable, inclusive et r\u00e9siliente<\/p>\n\t\t\t\t\t\t\t\t<\/div>\n\t\t<\/div><\/div><div id=\"pgc-1284-2-2\"  class=\"panel-grid-cell\" ><div id=\"panel-1284-2-2-0\" class=\"so-panel widget widget_circleicon-widget panel-first-child panel-last-child\" data-index=\"4\" >\t\t<div class=\"circle-icon-box circle-icon-position-top circle-icon-hide-box circle-icon-size-small \">\n\t\t\t\t\t\t\t<div class=\"circle-icon-wrapper\">\n\t\t\t\t\t\t\t\t\t\t<div class=\"circle-icon icon-style-set\" style=\"background-color: #202c3f\">\n\t\t\t\t\t\t\t\t\t\t\t\t\t<div class=\"fa fa-check-square\" style=\"color: #dae633\"><\/div>\n\t\t\t\t\t\t\t\t\t\t\t<\/div> \n\t\t\t\t\t\t\t\t\t<\/div>\n\t\t\t\n\t\t\t\t\t\t\t\t\t\t<h4 >\n\t\t\t\t\tG\u00e9rer les donn\u00e9es de la cha\u00eene de valeur\t\t\t\t<\/h4>\n\t\t\t\t\t\t\n\t\t\t\t\t\t\t<p class=\"text\" style=\"color: #202c3f\">Collectez et consolidez les donn\u00e9es de durabilit\u00e9 de votre cha\u00eene de valeur dans un seul endroit s\u00e9curis\u00e9<\/p>\n\t\t\t\t\t\t\t\t<\/div>\n\t\t<\/div><\/div><\/div><div id=\"pg-1284-3\"  class=\"panel-grid panel-has-style\" ><div class=\"siteorigin-panels-stretch panel-row-style-full-width panel-row-style panel-row-style-for-1284-3\" data-stretch-type=\"full-width-stretch\" ><div id=\"pgc-1284-3-0\"  class=\"panel-grid-cell\" ><div id=\"panel-1284-3-0-0\" class=\"so-panel widget widget_sow-image panel-first-child panel-last-child\" data-index=\"5\" ><div\n\t\t\t\n\t\t\tclass=\"so-widget-sow-image so-widget-sow-image-default-c67d20f9f743-1284\"\n\t\t\t\n\t\t>\n<div class=\"sow-image-container\">\n\t\t<img \n\tsrc=\"https:\/\/cleeritesg.com\/wp-content\/uploads\/2025\/01\/VSME-by-Cleerit-1024x987.png\" width=\"720\" height=\"694\" srcset=\"https:\/\/cleeritesg.com\/wp-content\/uploads\/2025\/01\/VSME-by-Cleerit-1024x987.png 1024w, https:\/\/cleeritesg.com\/wp-content\/uploads\/2025\/01\/VSME-by-Cleerit-300x289.png 300w, https:\/\/cleeritesg.com\/wp-content\/uploads\/2025\/01\/VSME-by-Cleerit-768x740.png 768w, https:\/\/cleeritesg.com\/wp-content\/uploads\/2025\/01\/VSME-by-Cleerit-1536x1480.png 1536w, https:\/\/cleeritesg.com\/wp-content\/uploads\/2025\/01\/VSME-by-Cleerit-2048x1974.png 2048w\" sizes=\"(max-width: 720px) 100vw, 720px\" title=\"VSME by Cleerit\" alt=\"\" \t\tclass=\"so-widget-image\"\/>\n\t<\/div>\n\n<\/div><\/div><\/div><\/div><\/div><div id=\"pg-1284-4\"  class=\"panel-grid panel-no-style\" ><div id=\"pgc-1284-4-0\"  class=\"panel-grid-cell\" ><div id=\"panel-1284-4-0-0\" class=\"so-panel widget widget_text panel-first-child panel-last-child\" data-index=\"6\" ><h3 class=\"widget-title\">Une solution unique pour les demandes de donn\u00e9es<\/h3>\t\t\t<div class=\"textwidget\"><p>Dans le cadre du programme d\u2019aide aux PME de l\u2019UE, <a href=\"https:\/\/www.efrag.org\/sites\/default\/files\/sites\/webpublishing\/SiteAssets\/VSME%20Standard.pdf\" target=\"_blank\" rel=\"noopener\">la norme volontaire de reporting sur la durabilit\u00e9 (\u00ab VSME \u00bb)<\/a> vise \u00e0 soutenir la directive europ\u00e9enne sur le reporting de durabilit\u00e9 des entreprises (\u00ab CSRD \u00bb), tout en stimulant la comp\u00e9titivit\u00e9 et la r\u00e9silience \u00e0 long terme des PME.<\/p>\n<p>Elle devrait devenir une solution <strong>unique<\/strong> pour les demandes de donn\u00e9es sur la durabilit\u00e9 des acteurs financiers et des clients corporate adress\u00e9es aux entit\u00e9s ne relevant pas du champ d\u2019application de la CSRD \u2013 fixant ainsi une limite de facto aux multiples demandes auxquelles les entit\u00e9s non-comprise dans la CSRD sont actuellement confront\u00e9es.<\/p>\n<p>La plateforme SaaS vsme.mycleerit.com, h\u00e9berg\u00e9e en toute s\u00e9curit\u00e9 dans l\u2019UE, est propos\u00e9e aux:<\/p>\n<ul>\n<li><strong>entreprises et organisations non-concern\u00e9es par la CSRD<\/strong> mais confront\u00e9es \u00e0 une demande de donn\u00e9es sur la durabilit\u00e9 \u2013 les soulageant ainsi efficacement de la charge de devoir r\u00e9pondre \u00e0 de nombreuses demandes ad hoc en proposant un mod\u00e8le unique VSME en ligne,<\/li>\n<\/ul>\n<ul>\n<li><strong>aux grandes entreprises concern\u00e9es par la CSRD<\/strong> qui souhaitent collecter, consolider et g\u00e9rer les donn\u00e9es de durabilit\u00e9 de leurs acteurs de la cha\u00eene de valeur, en ligne dans un seul endroit s\u00e9curis\u00e9 \u2013 permettant ainsi l\u2019automatisation efficace des flux de donn\u00e9es.<\/li>\n<\/ul>\n<p>Une entreprise ou une organisation individuelle peut s&#8217;abonner \u00e0 la plateforme vsme.mycleerit.com, ou elle peut \u00eatre invit\u00e9e par un partenaire commercial (&#8216;Business Partner&#8217;) \u00e0 s&#8217;abonner.<\/p>\n<p>Le co\u00fbt d&#8217;activation est de 100 \u20ac par compte. Les entreprises qui s&#8217;abonnent pour un plus grand groupe d&#8217;entit\u00e9s b\u00e9n\u00e9ficient d&#8217;un co\u00fbt d&#8217;activation r\u00e9duit.<\/p>\n<p>Il existe deux cat\u00e9gories d&#8217;abonnements\u00a0:<\/p>\n<ul>\n<li>l&#8217;option \u00ab\u00a0<strong>Partager\u00a0<\/strong>\u00bb, avec un acc\u00e8s en ligne s\u00e9curis\u00e9 au mod\u00e8le de rapport de durabilit\u00e9 VSME,<\/li>\n<li>l&#8217;option \u00ab\u00a0<strong>G\u00e9rer\u00a0<\/strong>\u00bb, qui donne \u00e9galement acc\u00e8s \u00e0 des fonctionnalit\u00e9s de gestion des impacts, risques et opportunit\u00e9s (IROs) li\u00e9s \u00e0 la durabilit\u00e9, et de pilotage proactif des performances en mati\u00e8re de durabilit\u00e9.<\/li>\n<\/ul>\n<\/div>\n\t\t<\/div><\/div><div id=\"pgc-1284-4-1\"  class=\"panel-grid-cell\" ><div id=\"panel-1284-4-1-0\" class=\"so-panel widget widget_sow-image panel-first-child\" data-index=\"7\" ><div\n\t\t\t\n\t\t\tclass=\"so-widget-sow-image so-widget-sow-image-default-8b5b6f678277-1284\"\n\t\t\t\n\t\t>\n<div class=\"sow-image-container\">\n\t\t<img \n\tsrc=\"https:\/\/cleeritesg.com\/wp-content\/uploads\/2025\/01\/Price-subscription-fr.png\" width=\"1935\" height=\"2632\" srcset=\"https:\/\/cleeritesg.com\/wp-content\/uploads\/2025\/01\/Price-subscription-fr.png 1935w, https:\/\/cleeritesg.com\/wp-content\/uploads\/2025\/01\/Price-subscription-fr-221x300.png 221w, https:\/\/cleeritesg.com\/wp-content\/uploads\/2025\/01\/Price-subscription-fr-753x1024.png 753w, https:\/\/cleeritesg.com\/wp-content\/uploads\/2025\/01\/Price-subscription-fr-768x1045.png 768w, https:\/\/cleeritesg.com\/wp-content\/uploads\/2025\/01\/Price-subscription-fr-1129x1536.png 1129w, https:\/\/cleeritesg.com\/wp-content\/uploads\/2025\/01\/Price-subscription-fr-1506x2048.png 1506w\" sizes=\"(max-width: 1935px) 100vw, 1935px\" title=\"Price subscription fr\" alt=\"\" \t\tclass=\"so-widget-image\"\/>\n\t<\/div>\n\n<\/div><\/div><div id=\"panel-1284-4-1-1\" class=\"so-panel widget widget_text panel-last-child\" data-index=\"8\" >\t\t\t<div class=\"textwidget\"><p>La plateforme vsme.mycleerit.com est le point de rencontre id\u00e9al &#8211; \u00e0 moindre co\u00fbt &#8211; pour les entreprises et organisations non-CSRD et les entreprises concern\u00e9es par la CSRD, contribuant ensemble \u00e0 une \u00e9conomie durable, inclusive et r\u00e9siliente.<\/p>\n<p>Le mod\u00e8le VSME est disponible en anglais, fran\u00e7ais, su\u00e9dois et allemand.<\/p>\n<\/div>\n\t\t<\/div><\/div><\/div><div id=\"pg-1284-5\"  class=\"panel-grid panel-has-style\" ><div class=\"siteorigin-panels-stretch panel-row-style-full-width panel-row-style panel-row-style-for-1284-5\" data-stretch-type=\"full-width-stretch\" ><div id=\"pgc-1284-5-0\"  class=\"panel-grid-cell\" ><div id=\"panel-1284-5-0-0\" class=\"so-panel widget widget_sow-image panel-first-child panel-last-child\" data-index=\"9\" ><div\n\t\t\t\n\t\t\tclass=\"so-widget-sow-image so-widget-sow-image-default-c67d20f9f743-1284\"\n\t\t\t\n\t\t>\n<div class=\"sow-image-container\">\n\t\t<img \n\tsrc=\"https:\/\/cleeritesg.com\/wp-content\/uploads\/2025\/01\/VSME-content-overview-fr.png\" width=\"2744\" height=\"2293\" srcset=\"https:\/\/cleeritesg.com\/wp-content\/uploads\/2025\/01\/VSME-content-overview-fr.png 2744w, https:\/\/cleeritesg.com\/wp-content\/uploads\/2025\/01\/VSME-content-overview-fr-300x251.png 300w, https:\/\/cleeritesg.com\/wp-content\/uploads\/2025\/01\/VSME-content-overview-fr-1024x856.png 1024w, https:\/\/cleeritesg.com\/wp-content\/uploads\/2025\/01\/VSME-content-overview-fr-768x642.png 768w, https:\/\/cleeritesg.com\/wp-content\/uploads\/2025\/01\/VSME-content-overview-fr-1536x1284.png 1536w, https:\/\/cleeritesg.com\/wp-content\/uploads\/2025\/01\/VSME-content-overview-fr-2048x1711.png 2048w\" sizes=\"(max-width: 2744px) 100vw, 2744px\" title=\"VSME content overview fr\" alt=\"\" \t\tclass=\"so-widget-image\"\/>\n\t<\/div>\n\n<\/div><\/div><\/div><\/div><\/div><div id=\"pg-1284-6\"  class=\"panel-grid panel-no-style\" ><div id=\"pgc-1284-6-0\"  class=\"panel-grid-cell\" ><div id=\"panel-1284-6-0-0\" class=\"so-panel widget widget_text panel-first-child panel-last-child\" data-index=\"10\" ><h3 class=\"widget-title\">Informations sur la durabilit\u00e9 \u00e0 fournir<\/h3>\t\t\t<div class=\"textwidget\"><p>La norme VSME d\u00e9finit des exigences qui permettent \u00e0 l&#8217;entreprise ou \u00e0 l&#8217;organisation de fournir des informations pertinentes sur :<\/p>\n<p>(a) la mani\u00e8re dont elle a eu et est susceptible d&#8217;avoir un impact positif ou n\u00e9gatif sur les personnes ou sur l&#8217;environnement, \u00e0 court, moyen ou long terme ; et<\/p>\n<p>(b) la mani\u00e8re dont les enjeux environnementaux et sociaux ont affect\u00e9 ou sont susceptibles d&#8217;affecter sa situation financi\u00e8re, ses performances et ses flux de tr\u00e9sorerie, \u00e0 court, moyen ou long terme.<\/p>\n<p>Les informations communiqu\u00e9es doivent \u00eatre pertinentes, fid\u00e8les, comparables, compr\u00e9hensibles et v\u00e9rifiables.<\/p>\n<p>Certaines informations ne doivent \u00eatre communiqu\u00e9es que si elles sont consid\u00e9r\u00e9es comme \u00ab applicables \u00bb par l&#8217;entit\u00e9 d\u00e9clarante. Lorsque l&#8217;une de ces informations est omise, elle est pr\u00e9sum\u00e9e ne pas \u00eatre applicable.<\/p>\n<\/div>\n\t\t<\/div><\/div><div id=\"pgc-1284-6-1\"  class=\"panel-grid-cell\" ><div id=\"panel-1284-6-1-0\" class=\"so-panel widget widget_text panel-first-child panel-last-child\" data-index=\"11\" ><h3 class=\"widget-title\">La structure du rapport VSME<\/h3>\t\t\t<div class=\"textwidget\"><p>La norme VSME est structur\u00e9e en deux modules que l&#8217;entit\u00e9 peut utiliser pour pr\u00e9parer son rapport de durabilit\u00e9 :<\/p>\n<p>1. Le <strong>module de<\/strong> <strong>Base<\/strong> est l&#8217;approche cible pour les micro-entreprises et constitue une exigence minimale pour les autres entreprises et organisations. Les informations couvrent des th\u00e9matiques environnementales, sociales et de conduite des affaires (d\u00e9nomm\u00e9es conjointement \u00ab enjeux de durabilit\u00e9 \u00bb).<\/p>\n<p>2. Le <strong>module<\/strong> <strong>Complet<\/strong> comprend des donn\u00e9es ESG suppl\u00e9mentaires susceptibles d&#8217;\u00eatre demand\u00e9es par les banques, les investisseurs et les clients professionnels. Les informations de ce module refl\u00e8tent les obligations respectives des acteurs du march\u00e9 financier et des clients professionnels en vertu des lois et r\u00e9glementations en vigueur. Elles refl\u00e8tent \u00e9galement les informations dont les partenaires commerciaux ont besoin pour \u00e9valuer le profil de risque de durabilit\u00e9 de l&#8217;entreprise ou de l&#8217;organisation, par exemple en tant que fournisseur (potentiel) ou emprunteur (potentiel).<\/p>\n<\/div>\n\t\t<\/div><\/div><\/div><div id=\"pg-1284-7\"  class=\"panel-grid panel-no-style\" ><div id=\"pgc-1284-7-0\"  class=\"panel-grid-cell\" ><div id=\"panel-1284-7-0-0\" class=\"so-panel widget widget_headline-widget panel-first-child panel-last-child\" data-index=\"12\" >\t\t<h1>Votre solution unique pour les demandes de donn\u00e9es de durabilit\u00e9<\/h1>\n\t\t<div class=\"decoration\"><div class=\"decoration-inside\"><\/div><\/div>\n\t\t<h3>Cr\u00e9ez votre compte h\u00e9berg\u00e9 en toute s\u00e9curit\u00e9 dans l'UE sur vsme.mycleerit.com<\/h3>\n\t\t<\/div><\/div><\/div><div id=\"pg-1284-8\"  class=\"panel-grid panel-no-style\" ><div id=\"pgc-1284-8-0\"  class=\"panel-grid-cell\" ><div id=\"panel-1284-8-0-0\" class=\"so-panel widget widget_sow-image panel-first-child\" data-index=\"13\" ><div\n\t\t\t\n\t\t\tclass=\"so-widget-sow-image so-widget-sow-image-default-8b5b6f678277-1284\"\n\t\t\t\n\t\t>\n<div class=\"sow-image-container\">\n\t\t<img \n\tsrc=\"https:\/\/cleeritesg.com\/wp-content\/uploads\/2025\/01\/Request-your-account-fr.png\" width=\"2537\" height=\"415\" srcset=\"https:\/\/cleeritesg.com\/wp-content\/uploads\/2025\/01\/Request-your-account-fr.png 2537w, https:\/\/cleeritesg.com\/wp-content\/uploads\/2025\/01\/Request-your-account-fr-300x49.png 300w, https:\/\/cleeritesg.com\/wp-content\/uploads\/2025\/01\/Request-your-account-fr-1024x168.png 1024w, https:\/\/cleeritesg.com\/wp-content\/uploads\/2025\/01\/Request-your-account-fr-768x126.png 768w, https:\/\/cleeritesg.com\/wp-content\/uploads\/2025\/01\/Request-your-account-fr-1536x251.png 1536w, https:\/\/cleeritesg.com\/wp-content\/uploads\/2025\/01\/Request-your-account-fr-2048x335.png 2048w\" sizes=\"(max-width: 2537px) 100vw, 2537px\" title=\"Request your account fr\" alt=\"\" \t\tclass=\"so-widget-image\"\/>\n\t<\/div>\n\n<\/div><\/div><div id=\"panel-1284-8-0-1\" class=\"so-panel widget widget_text panel-last-child\" data-index=\"14\" >\t\t\t<div class=\"textwidget\">\n<div class=\"wpcf7 no-js\" id=\"wpcf7-f1328-o1\" lang=\"en-GB\" dir=\"ltr\" data-wpcf7-id=\"1328\">\n<div class=\"screen-reader-response\"><p role=\"status\" aria-live=\"polite\" aria-atomic=\"true\"><\/p> <ul><\/ul><\/div>\n<form action=\"\/index.php\/wp-json\/wp\/v2\/pages\/1284#wpcf7-f1328-o1\" method=\"post\" class=\"wpcf7-form init\" aria-label=\"Contact form\" novalidate=\"novalidate\" data-status=\"init\">\n<fieldset class=\"hidden-fields-container\"><input type=\"hidden\" name=\"_wpcf7\" value=\"1328\" \/><input type=\"hidden\" name=\"_wpcf7_version\" value=\"6.1.5\" \/><input type=\"hidden\" name=\"_wpcf7_locale\" value=\"en_GB\" \/><input type=\"hidden\" name=\"_wpcf7_unit_tag\" value=\"wpcf7-f1328-o1\" \/><input type=\"hidden\" name=\"_wpcf7_container_post\" value=\"0\" \/><input type=\"hidden\" name=\"_wpcf7_posted_data_hash\" value=\"\" \/>\n<\/fieldset>\n<p>VOTRE CHOIX D'ABONNEMENT VSME\n<\/p>\n<p><span class=\"wpcf7-form-control-wrap\" data-name=\"Subscriptionchoice\"><span class=\"wpcf7-form-control wpcf7-checkbox wpcf7-validates-as-required wpcf7-exclusive-checkbox\"><span class=\"wpcf7-list-item first\"><label><input type=\"checkbox\" name=\"Subscriptionchoice\" value=\"A) Pr\u00e9parer et partager mon rapport VSME\" \/><span class=\"wpcf7-list-item-label\">A) Pr\u00e9parer et partager mon rapport VSME<\/span><\/label><\/span><span class=\"wpcf7-list-item\"><label><input type=\"checkbox\" name=\"Subscriptionchoice\" value=\"B) Pr\u00e9parer mon rapport VSME et g\u00e9rer ma performance\" \/><span class=\"wpcf7-list-item-label\">B) Pr\u00e9parer mon rapport VSME et g\u00e9rer ma performance<\/span><\/label><\/span><span class=\"wpcf7-list-item last\"><label><input type=\"checkbox\" name=\"Subscriptionchoice\" value=\"C) Collecter des donn\u00e9es dans ma cha\u00eene de valeur (Business Partner)\" \/><span class=\"wpcf7-list-item-label\">C) Collecter des donn\u00e9es dans ma cha\u00eene de valeur (Business Partner)<\/span><\/label><\/span><\/span><\/span>\n<\/p>\n<p>VOS COORDONN\u00c9ES ET INFORMATIONS DE FACTURATION\n<\/p>\n<p><label> Nom l\u00e9gal de soci\u00e9t\u00e9 \/ organisation*<br \/>\n<span class=\"wpcf7-form-control-wrap\" data-name=\"your-organization\"><input size=\"40\" maxlength=\"400\" class=\"wpcf7-form-control wpcf7-text wpcf7-validates-as-required\" aria-required=\"true\" aria-invalid=\"false\" value=\"\" type=\"text\" name=\"your-organization\" \/><\/span> <\/label>\n<\/p>\n<p><label> Num\u00e9ro de TVA soci\u00e9t\u00e9 \/ organisation*<br \/>\n<span class=\"wpcf7-form-control-wrap\" data-name=\"VATnumber\"><input size=\"40\" maxlength=\"400\" class=\"wpcf7-form-control wpcf7-text wpcf7-validates-as-required\" aria-required=\"true\" aria-invalid=\"false\" value=\"\" type=\"text\" name=\"VATnumber\" \/><\/span> <\/label>\n<\/p>\n<p><label> Pays*<br \/>\n<span class=\"wpcf7-form-control-wrap\" data-name=\"Country\"><input size=\"40\" maxlength=\"400\" class=\"wpcf7-form-control wpcf7-text wpcf7-validates-as-required\" aria-required=\"true\" aria-invalid=\"false\" value=\"\" type=\"text\" name=\"Country\" \/><\/span> <\/label>\n<\/p>\n<p><label> Addresse de facturation*<br \/>\n<span class=\"wpcf7-form-control-wrap\" data-name=\"Address\"><input size=\"40\" maxlength=\"400\" class=\"wpcf7-form-control wpcf7-text wpcf7-validates-as-required\" aria-required=\"true\" aria-invalid=\"false\" value=\"\" type=\"text\" name=\"Address\" \/><\/span> <\/label>\n<\/p>\n<p><label> Code postal*<br \/>\n<span class=\"wpcf7-form-control-wrap\" data-name=\"Postalcode\"><input size=\"40\" maxlength=\"400\" class=\"wpcf7-form-control wpcf7-text wpcf7-validates-as-required\" aria-required=\"true\" aria-invalid=\"false\" value=\"\" type=\"text\" name=\"Postalcode\" \/><\/span> <\/label>\n<\/p>\n<p><label> Ville*<br \/>\n<span class=\"wpcf7-form-control-wrap\" data-name=\"City\"><input size=\"40\" maxlength=\"400\" class=\"wpcf7-form-control wpcf7-text wpcf7-validates-as-required\" aria-required=\"true\" aria-invalid=\"false\" value=\"\" type=\"text\" name=\"City\" \/><\/span> <\/label>\n<\/p>\n<p><label> Votre nom*<br \/>\n<span class=\"wpcf7-form-control-wrap\" data-name=\"your-name\"><input size=\"40\" maxlength=\"400\" class=\"wpcf7-form-control wpcf7-text wpcf7-validates-as-required\" autocomplete=\"name\" aria-required=\"true\" aria-invalid=\"false\" value=\"\" type=\"text\" name=\"your-name\" \/><\/span> <\/label>\n<\/p>\n<p><label> Votre courriel*<br \/>\n<span class=\"wpcf7-form-control-wrap\" data-name=\"your-email\"><input size=\"40\" maxlength=\"400\" class=\"wpcf7-form-control wpcf7-email wpcf7-validates-as-required wpcf7-text wpcf7-validates-as-email\" autocomplete=\"email\" aria-required=\"true\" aria-invalid=\"false\" value=\"\" type=\"email\" name=\"your-email\" \/><\/span> <\/label>\n<\/p>\n<p><label> Votre poste<br \/>\n<span class=\"wpcf7-form-control-wrap\" data-name=\"your-position\"><input size=\"40\" maxlength=\"400\" class=\"wpcf7-form-control wpcf7-text\" aria-invalid=\"false\" value=\"\" type=\"text\" name=\"your-position\" \/><\/span> <\/label>\n<\/p>\n<p><label> Num\u00e9ro de t\u00e9l\u00e9phone<br \/>\n<span class=\"wpcf7-form-control-wrap\" data-name=\"your-phone\"><input size=\"40\" maxlength=\"400\" class=\"wpcf7-form-control wpcf7-tel wpcf7-text wpcf7-validates-as-tel\" aria-invalid=\"false\" value=\"\" type=\"tel\" name=\"your-phone\" \/><\/span> <\/label>\n<\/p>\n<p><label> Votre message (optionel)<br \/>\n<span class=\"wpcf7-form-control-wrap\" data-name=\"your-message\"><textarea cols=\"40\" rows=\"10\" maxlength=\"2000\" class=\"wpcf7-form-control wpcf7-textarea\" aria-invalid=\"false\" name=\"your-message\"><\/textarea><\/span> <\/label>\n<\/p>\n<p><input class=\"wpcf7-form-control wpcf7-submit has-spinner\" type=\"submit\" value=\"Envoyer ma demande d&#039;abonnement \u00e0 VSME\" \/>\n<\/p><div class=\"wpcf7-response-output\" aria-hidden=\"true\"><\/div>\n<\/form>\n<\/div>\n\n<\/div>\n\t\t<\/div><\/div><div id=\"pgc-1284-8-1\"  class=\"panel-grid-cell\" ><div id=\"panel-1284-8-1-0\" class=\"so-panel widget widget_sow-image panel-first-child panel-last-child\" data-index=\"15\" ><div\n\t\t\t\n\t\t\tclass=\"so-widget-sow-image so-widget-sow-image-default-8b5b6f678277-1284\"\n\t\t\t\n\t\t>\n<div class=\"sow-image-container\">\n\t\t<img \n\tsrc=\"https:\/\/cleeritesg.com\/wp-content\/uploads\/2025\/01\/VSME-by-Cleerit-Subscribe-now-fr.png\" width=\"2828\" height=\"4000\" srcset=\"https:\/\/cleeritesg.com\/wp-content\/uploads\/2025\/01\/VSME-by-Cleerit-Subscribe-now-fr.png 2828w, https:\/\/cleeritesg.com\/wp-content\/uploads\/2025\/01\/VSME-by-Cleerit-Subscribe-now-fr-212x300.png 212w, https:\/\/cleeritesg.com\/wp-content\/uploads\/2025\/01\/VSME-by-Cleerit-Subscribe-now-fr-724x1024.png 724w, https:\/\/cleeritesg.com\/wp-content\/uploads\/2025\/01\/VSME-by-Cleerit-Subscribe-now-fr-768x1086.png 768w, https:\/\/cleeritesg.com\/wp-content\/uploads\/2025\/01\/VSME-by-Cleerit-Subscribe-now-fr-1086x1536.png 1086w, https:\/\/cleeritesg.com\/wp-content\/uploads\/2025\/01\/VSME-by-Cleerit-Subscribe-now-fr-1448x2048.png 1448w\" sizes=\"(max-width: 2828px) 100vw, 2828px\" title=\"VSME by Cleerit &#8211; Subscribe now fr\" alt=\"\" \t\tclass=\"so-widget-image\"\/>\n\t<\/div>\n\n<\/div><\/div><\/div><\/div><\/div>","protected":false},"excerpt":{"rendered":"<p>Pr\u00e9parez et g\u00e9rez votre rapport de durabilit\u00e9 avec VSME Une solution \u00e0 guichet unique con\u00e7ue par l&#8217;EFRAG dans le cadre du plan d&#8217;aide aux PME de l&#8217;UE R\u00e9pondre aux demandes de donn\u00e9es R\u00e9pondez aux demandes croissantes de donn\u00e9es sur la durabilit\u00e9 avec un mod\u00e8le de rapport VSME en ligne G\u00e9rer les performances de durabilit\u00e9 G\u00e9rez [&hellip;]<\/p>\n","protected":false},"author":1,"featured_media":0,"parent":0,"menu_order":0,"comment_status":"closed","ping_status":"closed","template":"templates\/template-full.php","meta":{"footnotes":""},"class_list":["post-1284","page","type-page","status-publish","hentry","post"],"_links":{"self":[{"href":"https:\/\/cleeritesg.com\/index.php\/wp-json\/wp\/v2\/pages\/1284","targetHints":{"allow":["GET"]}}],"collection":[{"href":"https:\/\/cleeritesg.com\/index.php\/wp-json\/wp\/v2\/pages"}],"about":[{"href":"https:\/\/cleeritesg.com\/index.php\/wp-json\/wp\/v2\/types\/page"}],"author":[{"embeddable":true,"href":"https:\/\/cleeritesg.com\/index.php\/wp-json\/wp\/v2\/users\/1"}],"replies":[{"embeddable":true,"href":"https:\/\/cleeritesg.com\/index.php\/wp-json\/wp\/v2\/comments?post=1284"}],"version-history":[{"count":63,"href":"https:\/\/cleeritesg.com\/index.php\/wp-json\/wp\/v2\/pages\/1284\/revisions"}],"predecessor-version":[{"id":1344,"href":"https:\/\/cleeritesg.com\/index.php\/wp-json\/wp\/v2\/pages\/1284\/revisions\/1344"}],"wp:attachment":[{"href":"https:\/\/cleeritesg.com\/index.php\/wp-json\/wp\/v2\/media?parent=1284"}],"curies":[{"name":"wp","href":"https:\/\/api.w.org\/{rel}","templated":true}]}}